{"id":24949,"date":"2023-08-12T17:48:19","date_gmt":"2023-08-12T17:48:19","guid":{"rendered":"https:\/\/www.fafich.ufmg.br\/dcs\/?page_id=24949"},"modified":"2023-10-16T14:05:29","modified_gmt":"2023-10-16T14:05:29","slug":"relacoes-publicas-e-comunicacao-estrategica-em-ambientes-digitais","status":"publish","type":"page","link":"http:\/\/www.fafich.ufmg.br\/dcs\/?page_id=24949","title":{"rendered":"Rela\u00e7\u00f5es P\u00fablicas e comunica\u00e7\u00e3o estrat\u00e9gica em ambientes digitais"},"content":{"rendered":"\n<p class=\"has-vivid-red-color has-text-color has-medium-font-size\"><mark style=\"background-color:rgba(0, 0, 0, 0)\" class=\"has-inline-color has-vivid-red-color\"><a rel=\"noreferrer noopener\" href=\"https:\/\/www.fafich.ufmg.br\/dcs\/wp-content\/uploads\/2023\/08\/Cronograma-RP.pdf\" data-type=\"attachment\" data-id=\"25028\" target=\"_blank\">Cronograma do Concurso<\/a><\/mark><strong><a rel=\"noreferrer noopener\" href=\"https:\/\/www.fafich.ufmg.br\/dcs\/wp-content\/uploads\/2023\/08\/Cronograma-RP.pdf\" data-type=\"attachment\" data-id=\"25028\" target=\"_blank\"><mark style=\"background-color:rgba(0, 0, 0, 0)\" class=\"has-inline-color has-vivid-red-color\"> &#8211; <\/mark><\/a><\/strong><mark style=\"background-color:rgba(0, 0, 0, 0)\" class=\"has-inline-color has-vivid-red-color\"><a rel=\"noreferrer noopener\" href=\"https:\/\/www.fafich.ufmg.br\/dcs\/wp-content\/uploads\/2023\/08\/Cronograma-RP.pdf\" data-type=\"attachment\" data-id=\"25028\" target=\"_blank\">PDF<\/a><\/mark><\/p>\n\n\n\n<p class=\"has-vivid-red-color has-text-color has-medium-font-size\"><mark style=\"background-color:rgba(0, 0, 0, 0)\" class=\"has-inline-color has-vivid-red-color\"><a rel=\"noreferrer noopener\" href=\"https:\/\/www.fafich.ufmg.br\/dcs\/wp-content\/uploads\/2023\/08\/Resultado-Prova-Escrita-RP.pdf\" data-type=\"attachment\" data-id=\"25053\" target=\"_blank\">Resultado da Prova Escrita &#8211; PDF<\/a><\/mark><\/p>\n\n\n\n<p class=\"has-vivid-red-color has-text-color has-medium-font-size\"><mark style=\"background-color:rgba(0, 0, 0, 0)\" class=\"has-inline-color has-vivid-red-color\"><a rel=\"noreferrer noopener\" href=\"https:\/\/www.fafich.ufmg.br\/dcs\/wp-content\/uploads\/2023\/08\/Cronograma-alterado-rp.pdf\" data-type=\"attachment\" data-id=\"25119\" target=\"_blank\">Altera\u00e7\u00f5es no Cronograma (24\/08\/2023) &#8211; PDF<\/a><\/mark><\/p>\n\n\n\n<p class=\"has-vivid-red-color has-text-color has-medium-font-size\"><a rel=\"noreferrer noopener\" href=\"https:\/\/www.fafich.ufmg.br\/dcs\/wp-content\/uploads\/2023\/08\/Resultado-final-Site.pdf\" target=\"_blank\"><mark style=\"background-color:rgba(0, 0, 0, 0)\" class=\"has-inline-color has-vivid-red-color\">Resultado Final do Concurso &#8211; PDF<\/mark><\/a><\/p>\n\n\n\n<p class=\"has-vivid-red-color has-text-color has-medium-font-size\"><a rel=\"noreferrer noopener\" href=\"http:\/\/www.fafich.ufmg.br\/dcs\/wp-content\/uploads\/2023\/09\/836-Homologacao-do-Concurso-836.pdf\" data-type=\"attachment\" data-id=\"25190\" target=\"_blank\">Homologa\u00e7\u00e3o do Resultado Final &#8211; PDF <\/a>(12\/09\/2023)<\/p>\n\n\n\n<p class=\"has-vivid-red-color has-text-color has-medium-font-size\"><a href=\"http:\/\/www.fafich.ufmg.br\/dcs\/wp-content\/uploads\/2023\/10\/dou-836.pdf\" data-type=\"attachment\" target=\"_blank\" rel=\"noreferrer noopener\">DOU &#8211; homologa\u00e7\u00e3o do Resultado Final &#8211; PDF <\/a>(16\/10\/2023)<\/p>\n","protected":false},"excerpt":{"rendered":"<p>Cronograma do Concurso &#8211; PDF Resultado da Prova Escrita &#8211; PDF Altera\u00e7\u00f5es no Cronograma (24\/08\/2023) &#8211; PDF Resultado Final do Concurso &#8211; PDF Homologa\u00e7\u00e3o do Resultado Final &#8211; PDF (12\/09\/2023) DOU &#8211; homologa\u00e7\u00e3o do Resultado Final &#8211; PDF (16\/10\/2023)<\/p>\n","protected":false},"author":1,"featured_media":0,"parent":0,"menu_order":0,"comment_status":"closed","ping_status":"closed","template":"","meta":[],"_links":{"self":[{"href":"http:\/\/www.fafich.ufmg.br\/dcs\/index.php?rest_route=\/wp\/v2\/pages\/24949"}],"collection":[{"href":"http:\/\/www.fafich.ufmg.br\/dcs\/index.php?rest_route=\/wp\/v2\/pages"}],"about":[{"href":"http:\/\/www.fafich.ufmg.br\/dcs\/index.php?rest_route=\/wp\/v2\/types\/page"}],"author":[{"embeddable":true,"href":"http:\/\/www.fafich.ufmg.br\/dcs\/index.php?rest_route=\/wp\/v2\/users\/1"}],"replies":[{"embeddable":true,"href":"http:\/\/www.fafich.ufmg.br\/dcs\/index.php?rest_route=%2Fwp%2Fv2%2Fcomments&post=24949"}],"version-history":[{"count":19,"href":"http:\/\/www.fafich.ufmg.br\/dcs\/index.php?rest_route=\/wp\/v2\/pages\/24949\/revisions"}],"predecessor-version":[{"id":25266,"href":"http:\/\/www.fafich.ufmg.br\/dcs\/index.php?rest_route=\/wp\/v2\/pages\/24949\/revisions\/25266"}],"wp:attachment":[{"href":"http:\/\/www.fafich.ufmg.br\/dcs\/index.php?rest_route=%2Fwp%2Fv2%2Fmedia&parent=24949"}],"curies":[{"name":"wp","href":"https:\/\/api.w.org\/{rel}","templated":true}]}}