{"id":24960,"date":"2023-08-12T18:06:10","date_gmt":"2023-08-12T18:06:10","guid":{"rendered":"https:\/\/www.fafich.ufmg.br\/dcs\/?page_id=24960"},"modified":"2024-04-03T12:31:28","modified_gmt":"2024-04-03T12:31:28","slug":"criacao-montagem-e-experimentacao-no-audiovisual","status":"publish","type":"page","link":"http:\/\/www.fafich.ufmg.br\/dcs\/?page_id=24960","title":{"rendered":"Cria\u00e7\u00e3o, montagem e experimenta\u00e7\u00e3o no audiovisual"},"content":{"rendered":"\n<p class=\"has-vivid-red-color has-text-color has-medium-font-size\"><a rel=\"noreferrer noopener\" href=\"https:\/\/www.fafich.ufmg.br\/dcs\/wp-content\/uploads\/2023\/08\/Cronograma-Audiovisual.pdf\" data-type=\"attachment\" data-id=\"25027\" target=\"_blank\"><mark style=\"background-color:rgba(0, 0, 0, 0)\" class=\"has-inline-color has-vivid-red-color\">Cronograma do Concurso<\/mark><\/a> &#8211; PDF<\/p>\n\n\n\n<p class=\"has-vivid-red-color has-text-color has-medium-font-size\"><mark style=\"background-color:rgba(0, 0, 0, 0)\" class=\"has-inline-color has-vivid-red-color\"><a rel=\"noreferrer noopener\" href=\"https:\/\/www.fafich.ufmg.br\/dcs\/wp-content\/uploads\/2023\/08\/Resultado-Prova-Escrita_840-1.pdf\" data-type=\"attachment\" data-id=\"25063\" target=\"_blank\">Resultado da Prova Escrita &#8211; PDF<\/a><\/mark><\/p>\n\n\n\n<p class=\"has-vivid-red-color has-text-color has-medium-font-size\"><mark style=\"background-color:rgba(0, 0, 0, 0)\" class=\"has-inline-color has-vivid-red-color\"><a rel=\"noreferrer noopener\" href=\"https:\/\/www.fafich.ufmg.br\/dcs\/wp-content\/uploads\/2023\/08\/Cronograma-da-Prova-didatica-audiovisual.pdf\" data-type=\"attachment\" data-id=\"25120\" target=\"_blank\">Cronograma da Prova Did\u00e1tica (24\/08\/2023) &#8211; PDF<\/a><\/mark><\/p>\n\n\n\n<p class=\"has-vivid-red-color has-text-color has-medium-font-size\"><a rel=\"noreferrer noopener\" href=\"https:\/\/www.fafich.ufmg.br\/dcs\/wp-content\/uploads\/2023\/08\/imagemResultado-final-Site.pdf\" data-type=\"attachment\" data-id=\"25143\" target=\"_blank\"><mark style=\"background-color:rgba(0, 0, 0, 0)\" class=\"has-inline-color has-vivid-red-color\">Resultado Final do Concurso &#8211;<\/mark>Resultado Final<mark style=\"background-color:rgba(0, 0, 0, 0)\" class=\"has-inline-color has-vivid-red-color\"> PDF<\/mark><\/a><\/p>\n\n\n\n<p class=\"has-vivid-red-color has-text-color has-medium-font-size\"><a rel=\"noreferrer noopener\" href=\"http:\/\/www.fafich.ufmg.br\/dcs\/wp-content\/uploads\/2023\/09\/840-1-Resultado-final-Site-Modificado-apos-recurso.pdf\" data-type=\"attachment\" data-id=\"25191\" target=\"_blank\">Resultado Final do Concurso ap\u00f3s Recurso &#8211; PDF <\/a>(12\/09\/2023)<\/p>\n\n\n\n<p class=\"has-vivid-red-color has-text-color has-medium-font-size\"><a rel=\"noreferrer noopener\" href=\"http:\/\/www.fafich.ufmg.br\/dcs\/wp-content\/uploads\/2023\/09\/840-2-Homologacao-do-Resultado-Final.pdf\" data-type=\"attachment\" data-id=\"25192\" target=\"_blank\">Homologa\u00e7\u00e3o do Resultado Final &#8211; PDF <\/a>(12\/09\/2023)<\/p>\n\n\n\n<p class=\"has-vivid-red-color has-text-color has-medium-font-size\"><a rel=\"noreferrer noopener\" href=\"http:\/\/www.fafich.ufmg.br\/dcs\/wp-content\/uploads\/2023\/12\/Edital-840-Homologacao-Camara-APOS-RECURSOS.pdf\" data-type=\"attachment\" target=\"_blank\">Homologa\u00e7\u00e3o do Resultado Final ap\u00f3s Recursos &#8211; PDF <\/a>(12\/12\/2023)<\/p>\n\n\n\n<p class=\"has-vivid-red-color has-text-color has-medium-font-size\"><a href=\"http:\/\/www.fafich.ufmg.br\/dcs\/wp-content\/uploads\/2024\/04\/DOU.pdf\" data-type=\"attachment\" target=\"_blank\" rel=\"noreferrer noopener\">DOU &#8211; homologa\u00e7\u00e3o do Resultado Final &#8211; PDF <\/a>(21\/03\/2024)<\/p>\n\n\n\n<p><\/p>\n","protected":false},"excerpt":{"rendered":"<p>Cronograma do Concurso &#8211; PDF Resultado da Prova Escrita &#8211; PDF Cronograma da Prova Did\u00e1tica (24\/08\/2023) &#8211; PDF Resultado Final do Concurso &#8211;Resultado Final PDF Resultado Final do Concurso ap\u00f3s Recurso &#8211; PDF (12\/09\/2023) Homologa\u00e7\u00e3o do Resultado Final &#8211; PDF (12\/09\/2023) Homologa\u00e7\u00e3o do Resultado Final ap\u00f3s Recursos &#8211; PDF (12\/12\/2023) DOU &#8211; homologa\u00e7\u00e3o do Resultado [&hellip;]<\/p>\n","protected":false},"author":1,"featured_media":0,"parent":0,"menu_order":0,"comment_status":"closed","ping_status":"closed","template":"","meta":[],"_links":{"self":[{"href":"http:\/\/www.fafich.ufmg.br\/dcs\/index.php?rest_route=\/wp\/v2\/pages\/24960"}],"collection":[{"href":"http:\/\/www.fafich.ufmg.br\/dcs\/index.php?rest_route=\/wp\/v2\/pages"}],"about":[{"href":"http:\/\/www.fafich.ufmg.br\/dcs\/index.php?rest_route=\/wp\/v2\/types\/page"}],"author":[{"embeddable":true,"href":"http:\/\/www.fafich.ufmg.br\/dcs\/index.php?rest_route=\/wp\/v2\/users\/1"}],"replies":[{"embeddable":true,"href":"http:\/\/www.fafich.ufmg.br\/dcs\/index.php?rest_route=%2Fwp%2Fv2%2Fcomments&post=24960"}],"version-history":[{"count":28,"href":"http:\/\/www.fafich.ufmg.br\/dcs\/index.php?rest_route=\/wp\/v2\/pages\/24960\/revisions"}],"predecessor-version":[{"id":25293,"href":"http:\/\/www.fafich.ufmg.br\/dcs\/index.php?rest_route=\/wp\/v2\/pages\/24960\/revisions\/25293"}],"wp:attachment":[{"href":"http:\/\/www.fafich.ufmg.br\/dcs\/index.php?rest_route=%2Fwp%2Fv2%2Fmedia&parent=24960"}],"curies":[{"name":"wp","href":"https:\/\/api.w.org\/{rel}","templated":true}]}}