{"id":25295,"date":"2024-08-21T11:37:47","date_gmt":"2024-08-21T11:37:47","guid":{"rendered":"https:\/\/www.fafich.ufmg.br\/dcs\/?page_id=25295"},"modified":"2024-09-20T14:51:20","modified_gmt":"2024-09-20T14:51:20","slug":"professor-substituto-2024","status":"publish","type":"page","link":"http:\/\/www.fafich.ufmg.br\/dcs\/?page_id=25295","title":{"rendered":"Professor Substituto 2024"},"content":{"rendered":"\n<p>Preenchimento de vagas de professor substituto do Departamento de Comunica\u00e7\u00e3o Social.<\/p>\n\n\n\n<p><sub><sup><kbd>pdf<\/kbd><\/sup><\/sub> <a rel=\"noreferrer noopener\" href=\"http:\/\/www.fafich.ufmg.br\/dcs\/wp-content\/uploads\/2024\/08\/Edital-1554-2024-Substituto.pdf\" target=\"_blank\"><strong>EDITAL N\u00ba 1554, DE 5 DE AGOSTO DE 2024<\/strong><\/a><\/p>\n\n\n\n<p><sub><sup><kbd>pdf<\/kbd><\/sup><\/sub> <a rel=\"noreferrer noopener\" href=\"http:\/\/www.fafich.ufmg.br\/dcs\/wp-content\/uploads\/2024\/08\/Edital-1596-2024-Substituto.pdf\" target=\"_blank\"><strong>EDITAL N\u00ba 1596, DE 7 DE AGOSTO DE 2024<\/strong><\/a><\/p>\n\n\n\n<p><strong><mark style=\"background-color:rgba(0, 0, 0, 0)\" class=\"has-inline-color has-vivid-green-cyan-color\"><kbd>INSCRI\u00c7\u00d5ES AQUI<\/kbd><\/mark><\/strong><\/p>\n\n\n\n<p><\/p>\n\n\n\n<p><\/p>\n\n\n\n<h2>Inscri\u00e7\u00f5es Homologadas<\/h2>\n\n\n\n<p><sub><sup><kbd>pdf<\/kbd><\/sup><\/sub> <a href=\"http:\/\/www.fafich.ufmg.br\/dcs\/wp-content\/uploads\/2024\/08\/SEI_3493396_INSCRICOES-HOMOLOGADAS.pdf\" data-type=\"URL\" target=\"_blank\" rel=\"noreferrer noopener\"><strong>INSCRI\u00c7\u00d5ES HOMOLOGADAS &#8211; EDITAL N\u00ba 1554<\/strong><\/a><\/p>\n\n\n\n<p><sub><sup><kbd>pdf<\/kbd><\/sup><\/sub> <a href=\"http:\/\/www.fafich.ufmg.br\/dcs\/wp-content\/uploads\/2024\/08\/HOMOLOGACAO-DE-INSCRICOES-1596.pdf\" data-type=\"URL\" target=\"_blank\" rel=\"noreferrer noopener\"><strong>INSCRI\u00c7\u00d5ES HOMOLOGADAS &#8211; EDITAL N\u00ba 1596<\/strong><\/a><\/p>\n\n\n\n<p><\/p>\n\n\n\n<p><\/p>\n\n\n\n<p><\/p>\n\n\n\n<h2>Baremas<\/h2>\n\n\n\n<p><sub><sup><kbd>pdf<\/kbd><\/sup><\/sub> <a rel=\"noreferrer noopener\" href=\"http:\/\/www.fafich.ufmg.br\/dcs\/wp-content\/uploads\/2024\/08\/Barema-1554-2024.pdf\" data-type=\"page\" target=\"_blank\"><strong>BAREMA &#8211; EDITAL N\u00ba 1554<\/strong><\/a><\/p>\n\n\n\n<p><sub><sup><kbd>pdf<\/kbd><\/sup><\/sub> <a href=\"http:\/\/www.fafich.ufmg.br\/dcs\/wp-content\/uploads\/2024\/08\/Barema-Concurso-de-Prof-Substituto.pdf\"><strong>BAREMA &#8211; EDITAL N\u00ba 1596<\/strong><\/a><\/p>\n\n\n\n<p><sub><sup><kbd>pdf<\/kbd><\/sup><\/sub> <a href=\"http:\/\/www.fafich.ufmg.br\/dcs\/wp-content\/uploads\/2024\/08\/Barema-de-professor-substituto-retificado.pdf\"><strong>BAREMA &#8211; EDITAL N\u00ba 1554 &#8211; RETIFICADO &#8211; 29\/08\/2024<\/strong><\/a><\/p>\n\n\n\n<p><sub><sup><kbd>pdf<\/kbd><\/sup><\/sub> <a href=\"http:\/\/www.fafich.ufmg.br\/dcs\/wp-content\/uploads\/2024\/08\/Barema-Concurso-de-Prof-Substituto-Retificado.pdf\" target=\"_blank\" rel=\"noreferrer noopener\"><strong>BAREMA &#8211; EDITAL N\u00ba 1596 &#8211; RETIFICADO &#8211; 29\/08\/2024<\/strong><\/a><\/p>\n\n\n\n<p><\/p>\n\n\n\n<p><\/p>\n\n\n\n<p><\/p>\n\n\n\n<h2>Cronograma de Entrevistas<\/h2>\n\n\n\n<p><sub><sup><kbd>pdf<\/kbd><\/sup><\/sub> <a href=\"http:\/\/www.fafich.ufmg.br\/dcs\/wp-content\/uploads\/2024\/08\/Cronograma-de-entrevistas-1554-final.pdf\" data-type=\"page\" target=\"_blank\" rel=\"noreferrer noopener\"><strong>CRONOGRMA &#8211; EDITAL N\u00ba 1554<\/strong><\/a><\/p>\n\n\n\n<p><sub><sup><kbd>pdf<\/kbd><\/sup><\/sub> <a rel=\"noreferrer noopener\" href=\"http:\/\/www.fafich.ufmg.br\/dcs\/wp-content\/uploads\/2024\/09\/Cronograma-de-entrevistas-final-site.pdf\" data-type=\"page\" target=\"_blank\"><strong>CRONOGRMA &#8211; EDITAL N\u00ba 1596<\/strong><\/a><\/p>\n\n\n\n<p><\/p>\n\n\n\n<p><\/p>\n\n\n\n<p><\/p>\n\n\n\n<h2>Resultado Final do Concurso<\/h2>\n\n\n\n<p><sub><sup><kbd>pdf<\/kbd><\/sup><\/sub> <a rel=\"noreferrer noopener\" href=\"http:\/\/www.fafich.ufmg.br\/dcs\/wp-content\/uploads\/2024\/09\/Resultado-Final-publicar-no-site.pdf\" data-type=\"page\" target=\"_blank\"><strong>RESULTADO FINAL &#8211; EDITAL N\u00ba 1554<\/strong><\/a><\/p>\n\n\n\n<p><sub><sup><kbd>pdf<\/kbd><\/sup><\/sub> <a href=\"http:\/\/www.fafich.ufmg.br\/dcs\/wp-content\/uploads\/2024\/09\/1596-Resultado-final.pdf\" data-type=\"page\" target=\"_blank\" rel=\"noreferrer noopener\"><strong>RESULTADO FINAL &#8211; EDITAL N\u00ba 1596<\/strong><\/a><\/p>\n\n\n\n<p><\/p>\n\n\n\n<p><\/p>\n\n\n\n<p><\/p>\n\n\n\n<p><\/p>\n\n\n\n<h2>Homologa\u00e7\u00e3o no DOU<\/h2>\n\n\n\n<p><sub><sup><kbd>pdf<\/kbd><\/sup><\/sub> <a href=\"http:\/\/www.fafich.ufmg.br\/dcs\/wp-content\/uploads\/2024\/09\/Edital_1955-Homologacao-DOU.pdf\" data-type=\"page\" target=\"_blank\" rel=\"noreferrer noopener\"><strong>HOMOLOGA\u00c7\u00c3O NO DOU &#8211; EDITAL N\u00ba 1554<\/strong><\/a><\/p>\n","protected":false},"excerpt":{"rendered":"<p>Preenchimento de vagas de professor substituto do Departamento de Comunica\u00e7\u00e3o Social. pdf EDITAL N\u00ba 1554, DE 5 DE AGOSTO DE 2024 pdf EDITAL N\u00ba 1596, DE 7 DE AGOSTO DE 2024 INSCRI\u00c7\u00d5ES AQUI Inscri\u00e7\u00f5es Homologadas pdf INSCRI\u00c7\u00d5ES HOMOLOGADAS &#8211; EDITAL N\u00ba 1554 pdf INSCRI\u00c7\u00d5ES HOMOLOGADAS &#8211; EDITAL N\u00ba 1596 Baremas pdf BAREMA &#8211; EDITAL N\u00ba [&hellip;]<\/p>\n","protected":false},"author":1,"featured_media":0,"parent":0,"menu_order":0,"comment_status":"closed","ping_status":"closed","template":"","meta":[],"_links":{"self":[{"href":"http:\/\/www.fafich.ufmg.br\/dcs\/index.php?rest_route=\/wp\/v2\/pages\/25295"}],"collection":[{"href":"http:\/\/www.fafich.ufmg.br\/dcs\/index.php?rest_route=\/wp\/v2\/pages"}],"about":[{"href":"http:\/\/www.fafich.ufmg.br\/dcs\/index.php?rest_route=\/wp\/v2\/types\/page"}],"author":[{"embeddable":true,"href":"http:\/\/www.fafich.ufmg.br\/dcs\/index.php?rest_route=\/wp\/v2\/users\/1"}],"replies":[{"embeddable":true,"href":"http:\/\/www.fafich.ufmg.br\/dcs\/index.php?rest_route=%2Fwp%2Fv2%2Fcomments&post=25295"}],"version-history":[{"count":27,"href":"http:\/\/www.fafich.ufmg.br\/dcs\/index.php?rest_route=\/wp\/v2\/pages\/25295\/revisions"}],"predecessor-version":[{"id":25398,"href":"http:\/\/www.fafich.ufmg.br\/dcs\/index.php?rest_route=\/wp\/v2\/pages\/25295\/revisions\/25398"}],"wp:attachment":[{"href":"http:\/\/www.fafich.ufmg.br\/dcs\/index.php?rest_route=%2Fwp%2Fv2%2Fmedia&parent=25295"}],"curies":[{"name":"wp","href":"https:\/\/api.w.org\/{rel}","templated":true}]}}