{"id":25331,"date":"2024-08-28T12:32:45","date_gmt":"2024-08-28T12:32:45","guid":{"rendered":"https:\/\/www.fafich.ufmg.br\/dcs\/?page_id=25331"},"modified":"2025-01-30T11:46:15","modified_gmt":"2025-01-30T11:46:15","slug":"comunicacao-em-ambiente-digital-criacao-producao-e-mediacao","status":"publish","type":"page","link":"http:\/\/www.fafich.ufmg.br\/dcs\/?page_id=25331","title":{"rendered":"Comunica\u00e7\u00e3o em ambiente digital: cria\u00e7\u00e3o, produ\u00e7\u00e3o e media\u00e7\u00e3o"},"content":{"rendered":"\n<p>Preenchimento de uma vaga de professor efetivo do Departamento de Comunica\u00e7\u00e3o Social.<\/p>\n\n\n\n<p><sub><sup><kbd>pdf<\/kbd><\/sup><\/sub> <a href=\"http:\/\/www.fafich.ufmg.br\/dcs\/wp-content\/uploads\/2024\/08\/EDITAL-N-1730-DE-23-DE-AGOSTO-DE-2024.pdf\" target=\"_blank\" rel=\"noreferrer noopener\"><strong>EDITAL N\u00ba 1730, DE 23 DE AGOSTO DE 2024<\/strong><\/a><\/p>\n\n\n\n<p><sub><sup><kbd>pdf<\/kbd><\/sup><\/sub> <a href=\"http:\/\/www.fafich.ufmg.br\/dcs\/wp-content\/uploads\/2024\/09\/RETIFICACAO-EDITAL-N-1730-DE-23-DE-AGOSTO-DE-2024.pdf\" target=\"_blank\" rel=\"noreferrer noopener\"><strong>RETIFICA\u00c7\u00c3O DO EDITAL N\u00ba 1730, DE 23 DE AGOSTO DE 2024<\/strong><\/a><\/p>\n\n\n\n<p><sub><sup><kbd>pdf<\/kbd><\/sup><\/sub> <a href=\"http:\/\/www.fafich.ufmg.br\/dcs\/wp-content\/uploads\/2024\/09\/Programa-do-Concurso-Edital-1730-2024.pdf\" data-type=\"URL\" target=\"_blank\" rel=\"noreferrer noopener\"><strong>PROGRAMA DO CONCURSO &#8211; EDITAL N\u00ba 1730, DE 23 DE AGOSTO DE 2024<\/strong><\/a><\/p>\n\n\n\n<p><\/p>\n\n\n\n<figure class=\"wp-block-embed aligncenter is-type-wp-embed is-provider-fafich wp-block-embed-fafich\"><div class=\"wp-block-embed__wrapper\">\n<blockquote class=\"wp-embedded-content\" data-secret=\"XXS4ViG3lw\"><a href=\"https:\/\/www.fafich.ufmg.br\/administrativo\/secretaria-geral\/concursos-publicos-para-a-carreira-de-magisterio-superior-fafich\/edital-1730-2024-concurso-para-professor-adjunto-a-nivel-i-area-comunicacao-em-ambiente-digital-criacao-producao-e-mediacao\/\">Edital 1730\/2024 &#8211; Concurso para Professor Adjunto A, N\u00edvel I \u2013 \u00c1rea Comunica\u00e7\u00e3o em Ambiente Digital: Cria\u00e7\u00e3o, Produ\u00e7\u00e3o e Media\u00e7\u00e3o<\/a><\/blockquote><iframe class=\"wp-embedded-content\" sandbox=\"allow-scripts\" security=\"restricted\" style=\"position: absolute; clip: rect(1px, 1px, 1px, 1px);\" title=\"&#8220;Edital 1730\/2024 &#8211; Concurso para Professor Adjunto A, N\u00edvel I \u2013 \u00c1rea Comunica\u00e7\u00e3o em Ambiente Digital: Cria\u00e7\u00e3o, Produ\u00e7\u00e3o e Media\u00e7\u00e3o&#8221; &#8212; Fafich\" src=\"https:\/\/www.fafich.ufmg.br\/administrativo\/secretaria-geral\/concursos-publicos-para-a-carreira-de-magisterio-superior-fafich\/edital-1730-2024-concurso-para-professor-adjunto-a-nivel-i-area-comunicacao-em-ambiente-digital-criacao-producao-e-mediacao\/embed\/#?secret=lE8opO8xjy#?secret=XXS4ViG3lw\" data-secret=\"XXS4ViG3lw\" width=\"500\" height=\"282\" frameborder=\"0\" marginwidth=\"0\" marginheight=\"0\" scrolling=\"no\"><\/iframe>\n<\/div><\/figure>\n\n\n\n<p><\/p>\n\n\n\n<p><strong><mark style=\"background-color:rgba(0, 0, 0, 0)\" class=\"has-inline-color has-vivid-green-cyan-color\"><kbd>INSCRI\u00c7\u00d5ES ENCERRADAS<\/kbd><\/mark><\/strong><\/p>\n\n\n\n<p><\/p>\n\n\n\n<figure class=\"wp-block-table\"><table><tbody><tr><td><strong>Etapa<\/strong><\/td><td><strong>Prazo<\/strong><\/td><td><strong>Data inicial\/Data Final<\/strong><\/td><\/tr><tr><td>Isen\u00e7\u00e3o<\/td><td>5 dias \u00fateis<\/td><td>29\/08\/2024 a 04\/09\/2024<\/td><\/tr><tr><td>Inscri\u00e7\u00f5es<\/td><td>30 dias corridos<\/td><td>29\/08\/2024 a 27\/09\/2024<\/td><\/tr><\/tbody><\/table><\/figure>\n\n\n\n<p><\/p>\n\n\n\n<hr class=\"wp-block-separator has-alpha-channel-opacity\"\/>\n\n\n\n<p><\/p>\n\n\n\n<p><\/p>\n\n\n\n<h2>Inscri\u00e7\u00f5es Homologadas<\/h2>\n\n\n\n<p><\/p>\n\n\n\n<p><sub><sup><kbd>pdf<\/kbd><\/sup><\/sub> <a rel=\"noreferrer noopener\" href=\"http:\/\/www.fafich.ufmg.br\/dcs\/wp-content\/uploads\/2024\/09\/SEI_3595169_Termo_30.pdf\" data-type=\"URL\" target=\"_blank\"><strong>INSCRI\u00c7\u00d5ES HOMOLOGADAS &#8211; EDITAL N\u00ba 1730, DE 23 DE AGOSTO DE 2024<\/strong><\/a><\/p>\n\n\n\n<p><\/p>\n\n\n\n<p><\/p>\n\n\n\n<h2>Portaria de Designa\u00e7\u00e3o da Banca de Concurso<\/h2>\n\n\n\n<p><\/p>\n\n\n\n<p><sub><sup><kbd>pdf<\/kbd><\/sup><\/sub> <a rel=\"noreferrer noopener\" href=\"http:\/\/www.fafich.ufmg.br\/dcs\/wp-content\/uploads\/2024\/10\/1730-SEI_3658027_Portaria_9473-Designacao-banca.pdf\" target=\"_blank\"><strong>PORTARIA DE DESIGNA\u00c7\u00c3O N\u00b0 9473 &#8211; EDITAL N\u00ba 1730, DE 23 DE AGOSTO DE 2024<\/strong><\/a><\/p>\n\n\n\n<p><sub><sup><kbd>pdf<\/kbd><\/sup><\/sub> <a href=\"http:\/\/www.fafich.ufmg.br\/dcs\/wp-content\/uploads\/2024\/11\/SEI_3698601_Portaria_9955.pdf\" target=\"_blank\" rel=\"noreferrer noopener\"><strong>PORTARIA DE DESIGNA\u00c7\u00c3O N\u00b0 9955 &#8211; EDITAL N\u00ba 1730, DE 23 DE AGOSTO DE 2024 &#8211; ALTERA A BANCA<\/strong><\/a> <\/p>\n\n\n\n<p><\/p>\n\n\n\n<p><\/p>\n\n\n\n<h2>Convoca\u00e7\u00e3o dos candidatos<\/h2>\n\n\n\n<p><sub><sup><kbd>pdf<\/kbd><\/sup><\/sub> <a rel=\"noreferrer noopener\" href=\"http:\/\/www.fafich.ufmg.br\/dcs\/wp-content\/uploads\/2024\/11\/SEI_3731822_Edital_2528.pdf\" target=\"_blank\"><strong>EDITAL N\u00ba 2476 &#8211; CONVOCA\u00c7\u00c3O DOS CANDIDATOS &#8211; EDITAL N\u00ba 1730, DE 23 DE AGOSTO DE 2024<\/strong><\/a><\/p>\n\n\n\n<p><sub><sup><kbd>pdf<\/kbd><\/sup><\/sub> <a rel=\"noreferrer noopener\" href=\"http:\/\/www.fafich.ufmg.br\/dcs\/wp-content\/uploads\/2024\/11\/Convocacao-Departamento-2024.pdf\" target=\"_blank\"><strong>INFORMA\u00c7\u00d5ES SOBRE DIA, HOR\u00c1RIO E LOCAL DA PROVA<\/strong><\/a><\/p>\n\n\n\n<p><\/p>\n\n\n\n<p><\/p>\n\n\n\n<h2>Cronograma<\/h2>\n\n\n\n<p><sub><sup><kbd>pdf<\/kbd><\/sup><\/sub> <a href=\"http:\/\/www.fafich.ufmg.br\/dcs\/wp-content\/uploads\/2024\/12\/Cronograma-Final_Concurso-1730-2024.pdf\" target=\"_blank\" rel=\"noreferrer noopener\"><strong>CRONOGRAMA &#8211; 02\/12\/2024<\/strong><\/a><\/p>\n\n\n\n<p><sub><sup><kbd>pdf<\/kbd><\/sup><\/sub> <a href=\"http:\/\/www.fafich.ufmg.br\/dcs\/wp-content\/uploads\/2024\/12\/Cronograma-Final-Apos-sorteio-da-ordem-dos-candidatos.pdf\" target=\"_blank\" rel=\"noreferrer noopener\"><strong>CRONOGRAMA AP\u00d3S SORTEIO DA ORDEM DOS CANDIDATOS NA PROVA DID\u00c1TICA- 05\/12\/2024<\/strong><\/a><\/p>\n\n\n\n<p><\/p>\n\n\n\n<p><\/p>\n\n\n\n<h2>Resultado da prova escrita<\/h2>\n\n\n\n<p><sub><sup><kbd>pdf<\/kbd><\/sup><\/sub><strong> <a rel=\"noreferrer noopener\" href=\"http:\/\/www.fafich.ufmg.br\/dcs\/wp-content\/uploads\/2024\/12\/AMP.pdf\" target=\"_blank\">RESULTADO PROVA ESCRITA GERAL &#8211; 03\/12\/2024 &#8211; 18:40<\/a><\/strong><\/p>\n\n\n\n<p><sub><sup><kbd>pdf<\/kbd><\/sup><\/sub><strong> <a rel=\"noreferrer noopener\" href=\"http:\/\/www.fafich.ufmg.br\/dcs\/wp-content\/uploads\/2024\/12\/Cotas.pdf\" target=\"_blank\">RESULTADO PROVA ESCRITA AUTODECLARADAS NEGRAS &#8211; 03\/12\/2024 &#8211; 18:40<\/a><\/strong><\/p>\n\n\n\n<p><\/p>\n\n\n\n<p><\/p>\n\n\n\n<h2>Resultado final<\/h2>\n\n\n\n<p><sub><sup><kbd>pdf<\/kbd><\/sup><\/sub><strong> <a rel=\"noreferrer noopener\" href=\"http:\/\/www.fafich.ufmg.br\/dcs\/wp-content\/uploads\/2024\/12\/Resultado-final-PUBL.pdf\" target=\"_blank\">RESULTADO &#8211; 06\/12\/2024 &#8211; 14:4<\/a><a href=\"http:\/\/www.fafich.ufmg.br\/dcs\/wp-content\/uploads\/2024\/12\/Resultado-final-PUBL.pdf\" target=\"_blank\" rel=\"noreferrer noopener\"><font color=\"#8b8b00\">7<\/font><\/a><\/strong><\/p>\n\n\n\n<p><sub><sup><kbd>pdf<\/kbd><\/sup><\/sub><strong> <a href=\"http:\/\/www.fafich.ufmg.br\/dcs\/wp-content\/uploads\/2024\/12\/12-Resultado-final-Site-apos-recurso-AMP.pdf\" target=\"_blank\" rel=\"noreferrer noopener\"> RESULTADO AMPLA CONCORR\u00caNCIA AP\u00d3S RECURSO &#8211; 23\/12\/2024 <\/a><\/strong><\/p>\n\n\n\n<p><sub><sup><kbd>pdf<\/kbd><\/sup><\/sub><strong> <a href=\"http:\/\/www.fafich.ufmg.br\/dcs\/wp-content\/uploads\/2024\/12\/12.1-Resultado-final-Site-Cotas.pdf\" target=\"_blank\" rel=\"noreferrer noopener\"> RESULTADO AUTODECLARADAS NEGRAS AP\u00d3S RECURSO &#8211; 23\/12\/2024 <\/a><\/strong><\/p>\n\n\n\n<p><\/p>\n\n\n\n<p><\/p>\n\n\n\n<h2>Banca de Heteroidentifica\u00e7\u00e3o<\/h2>\n\n\n\n<p><sub><sup><kbd>pdf<\/kbd><\/sup><\/sub><strong> <a href=\"http:\/\/www.fafich.ufmg.br\/dcs\/wp-content\/uploads\/2024\/12\/Convocacao-para-a-banca-de-heteroidentificacao-1.pdf\"> CONVOCA\u00c7\u00c3O PARA BANCA DE HETEROIDENTIFICA\u00c7\u00c3O &#8211; 13\/12\/2024<\/a><\/strong><\/p>\n\n\n\n<p><sub><sup><kbd>pdf<\/kbd><\/sup><\/sub><strong> <a href=\"http:\/\/www.fafich.ufmg.br\/dcs\/wp-content\/uploads\/2024\/12\/FAFICH_-_Concurso_de_professor_efetivo_do_Departamento_de_Comunicacao_Social__E2_80_93_Edital_1730-2024_assinado.pdf\" target=\"_blank\" rel=\"noreferrer noopener\"> RESULTADO &#8211; BANCA DE HETEROIDENTIFICA\u00c7\u00c3O &#8211; 23\/12\/2024 <\/a><\/strong><\/p>\n\n\n\n<p><\/p>\n\n\n\n<p><\/p>\n\n\n\n<h2>Homologa\u00e7\u00e3o da C\u00e2mara Departamental ap\u00f3s recurso<\/h2>\n\n\n\n<p><sub><sup><kbd>pdf<\/kbd><\/sup><\/sub><strong> <a href=\"http:\/\/www.fafich.ufmg.br\/dcs\/wp-content\/uploads\/2024\/12\/13.1-Homologacao-Camara-Resultado-final-Site.pdf\" target=\"_blank\" rel=\"noreferrer noopener\"> HOMOLOGA\u00c7\u00c3O AMPLA CONCORR\u00caNCIA &#8211; 23\/12\/2024 <\/a><\/strong><\/p>\n\n\n\n<p><sub><sup><kbd>pdf<\/kbd><\/sup><\/sub><strong> <a href=\"http:\/\/www.fafich.ufmg.br\/dcs\/wp-content\/uploads\/2024\/12\/13.-Homologacao-Camara-Resultado-final-Site-Cotas.pdf\" target=\"_blank\" rel=\"noreferrer noopener\"> HOMOLOGA\u00c7\u00c3O AUTODECLARADAS NEGRAS &#8211; 23\/12\/2024<\/a><\/strong><\/p>\n\n\n\n<p><\/p>\n\n\n\n<h2>Homologa\u00e7\u00e3o no Di\u00e1rio Oficial da Uni\u00e3o<\/h2>\n\n\n\n<p><sub><sup><kbd>pdf<\/kbd><\/sup><\/sub><strong> <a href=\"http:\/\/www.fafich.ufmg.br\/dcs\/wp-content\/uploads\/2025\/01\/EDITAL_HOMOLOGACAO___211-Concurso-Pamela-Amp.pdf\" target=\"_blank\" rel=\"noreferrer noopener\"> <font color=\"#8b8b00\"> HOMOLOGA\u00c7\u00c3O DOU &#8211; AMPLA CONCORR\u00caNCIA &#8211; 29\/01\/2025<\/font><\/a><\/strong><\/p>\n\n\n\n<p><sub><sup><kbd>pdf<\/kbd><\/sup><\/sub><strong> <a href=\"http:\/\/www.fafich.ufmg.br\/dcs\/wp-content\/uploads\/2025\/01\/EDITAL_HOMOLOGACAO___210-Concurso-Pamela-Cotas.pdf\" target=\"_blank\" rel=\"noreferrer noopener\"> <font color=\"#8b8b00\"> HOMOLOGA\u00c7\u00c3O DOU &#8211; AUTODECLARADAS NEGRAS &#8211; 29\/01\/2025<\/font><\/a><\/strong><\/p>\n","protected":false},"excerpt":{"rendered":"<p>Preenchimento de uma vaga de professor efetivo do Departamento de Comunica\u00e7\u00e3o Social. pdf EDITAL N\u00ba 1730, DE 23 DE AGOSTO DE 2024 pdf RETIFICA\u00c7\u00c3O DO EDITAL N\u00ba 1730, DE 23 DE AGOSTO DE 2024 pdf PROGRAMA DO CONCURSO &#8211; EDITAL N\u00ba 1730, DE 23 DE AGOSTO DE 2024 INSCRI\u00c7\u00d5ES ENCERRADAS Etapa Prazo Data inicial\/Data Final [&hellip;]<\/p>\n","protected":false},"author":1,"featured_media":0,"parent":0,"menu_order":0,"comment_status":"closed","ping_status":"closed","template":"","meta":[],"_links":{"self":[{"href":"http:\/\/www.fafich.ufmg.br\/dcs\/index.php?rest_route=\/wp\/v2\/pages\/25331"}],"collection":[{"href":"http:\/\/www.fafich.ufmg.br\/dcs\/index.php?rest_route=\/wp\/v2\/pages"}],"about":[{"href":"http:\/\/www.fafich.ufmg.br\/dcs\/index.php?rest_route=\/wp\/v2\/types\/page"}],"author":[{"embeddable":true,"href":"http:\/\/www.fafich.ufmg.br\/dcs\/index.php?rest_route=\/wp\/v2\/users\/1"}],"replies":[{"embeddable":true,"href":"http:\/\/www.fafich.ufmg.br\/dcs\/index.php?rest_route=%2Fwp%2Fv2%2Fcomments&post=25331"}],"version-history":[{"count":61,"href":"http:\/\/www.fafich.ufmg.br\/dcs\/index.php?rest_route=\/wp\/v2\/pages\/25331\/revisions"}],"predecessor-version":[{"id":25514,"href":"http:\/\/www.fafich.ufmg.br\/dcs\/index.php?rest_route=\/wp\/v2\/pages\/25331\/revisions\/25514"}],"wp:attachment":[{"href":"http:\/\/www.fafich.ufmg.br\/dcs\/index.php?rest_route=%2Fwp%2Fv2%2Fmedia&parent=25331"}],"curies":[{"name":"wp","href":"https:\/\/api.w.org\/{rel}","templated":true}]}}