{"id":25490,"date":"2025-01-13T12:52:35","date_gmt":"2025-01-13T12:52:35","guid":{"rendered":"https:\/\/www.fafich.ufmg.br\/dcs\/?page_id=25490"},"modified":"2025-08-25T15:00:22","modified_gmt":"2025-08-25T15:00:22","slug":"praticas-e-linguagens-em-publicidade-e-propaganda","status":"publish","type":"page","link":"http:\/\/www.fafich.ufmg.br\/dcs\/?page_id=25490","title":{"rendered":"Pr\u00e1ticas e linguagens em Publicidade e Propaganda"},"content":{"rendered":"\n<p>Preenchimento de uma vaga de professor efetivo do Departamento de Comunica\u00e7\u00e3o Social.<\/p>\n\n\n\n<p><sub><sup><kbd>pdf<\/kbd><\/sup><\/sub> <a rel=\"noreferrer noopener\" href=\"http:\/\/www.fafich.ufmg.br\/dcs\/wp-content\/uploads\/2025\/01\/CONCURSO_PUBLICO_EDITAL_N__83.pdf\" target=\"_blank\"><strong>EDITAL N\u00ba 83, DE 10 DE JANEIRO DE 2025<\/strong><\/a><\/p>\n\n\n\n<p><\/p>\n\n\n\n<p><sub><sup><kbd>pdf<\/kbd><\/sup><\/sub> <a href=\"http:\/\/www.fafich.ufmg.br\/dcs\/wp-content\/uploads\/2025\/01\/Retificacao-Edital-Concurso-100.pdf\" target=\"_blank\" rel=\"noreferrer noopener\"><strong>RETIFICA\u00c7\u00c3O EDITAL N\u00ba 83, EDITAL 100 DE 22 DE JANEIRO DE 2025<\/strong><\/a><\/p>\n\n\n\n<p><\/p>\n\n\n\n<p><sub><sup><kbd>pdf<\/kbd><\/sup><\/sub> <a href=\"http:\/\/www.fafich.ufmg.br\/dcs\/wp-content\/uploads\/2025\/01\/Programa-do-Concurso-Edital-83-2025.pdf\" data-type=\"URL\" target=\"_blank\" rel=\"noreferrer noopener\"><strong>PROGRAMA DO CONCURSO &#8211; EDITAL N\u00ba 83, DE 10 DE JANEIRO DE 2025<\/strong><\/a><\/p>\n\n\n\n<p><\/p>\n\n\n\n<p><\/p>\n\n\n\n<figure class=\"wp-block-embed aligncenter is-type-wp-embed is-provider-fafich wp-block-embed-fafich\"><div class=\"wp-block-embed__wrapper\">\n<blockquote class=\"wp-embedded-content\" data-secret=\"f9wwwctmwt\"><a href=\"https:\/\/www.fafich.ufmg.br\/administrativo\/secretaria-geral\/concursos-publicos-para-a-carreira-de-magisterio-superior-fafich\/\">Concursos P\u00fablicos para Magist\u00e9rio Superior<\/a><\/blockquote><iframe class=\"wp-embedded-content\" sandbox=\"allow-scripts\" security=\"restricted\" style=\"position: absolute; clip: rect(1px, 1px, 1px, 1px);\" title=\"&#8220;Concursos P\u00fablicos para Magist\u00e9rio Superior&#8221; &#8212; Fafich\" src=\"https:\/\/www.fafich.ufmg.br\/administrativo\/secretaria-geral\/concursos-publicos-para-a-carreira-de-magisterio-superior-fafich\/embed\/#?secret=hI6ypiArck#?secret=f9wwwctmwt\" data-secret=\"f9wwwctmwt\" width=\"500\" height=\"282\" frameborder=\"0\" marginwidth=\"0\" marginheight=\"0\" scrolling=\"no\"><\/iframe>\n<\/div><\/figure>\n\n\n\n<p><\/p>\n\n\n\n<p><strong><mark style=\"background-color:rgba(0, 0, 0, 0)\" class=\"has-inline-color has-vivid-green-cyan-color\"><kbd>INSCRI\u00c7\u00d5ES ATRAV\u00c9S DO ENDERE\u00c7O DE E-MAIL:<\/kbd><\/mark> <\/strong> <\/p>\n\n\n\n<p><strong><mark style=\"background-color:rgba(0, 0, 0, 0)\" class=\"has-inline-color has-vivid-red-color\">\u2709<\/mark><\/strong> <strong><em><kbd>concurso-prof-adjunto@fafich.ufmg.br<\/kbd><\/em><\/strong><\/p>\n\n\n\n<p><\/p>\n\n\n\n<p><\/p>\n\n\n\n<figure class=\"wp-block-table\"><table><tbody><tr><td><strong>Etapa<\/strong><\/td><td><strong>Prazo<\/strong><\/td><td><strong>Data inicial\/Data Final<\/strong><\/td><\/tr><tr><td>Isen\u00e7\u00e3o<\/td><td>5 dias \u00fateis<\/td><td>13 a 20\/01\/2025<\/td><\/tr><tr><td>Inscri\u00e7\u00f5es<\/td><td>30 dias corridos<\/td><td>13\/01 a 12\/02\/2025<\/td><\/tr><tr><td>Per\u00edodo de inicio do concurso*<\/td><td>30 a 90 dias a partir do encerramento das inscri\u00e7\u00f5es<\/td><td>Entre 14\/03 e 13\/05\/2025<\/td><\/tr><tr><td>Per\u00edodo do Concurso<\/td><td><\/td><td>Definido ap\u00f3s a composi\u00e7\u00e3o da banca examinadora<\/td><\/tr><tr><td>Realiza\u00e7\u00e3o da Prova Escrita<\/td><td><\/td><td>Definido ap\u00f3s a composi\u00e7\u00e3o da banca examinadora<\/td><\/tr><\/tbody><\/table><\/figure>\n\n\n\n<p><sub><sup><kbd>pdf<\/kbd><\/sup><\/sub><strong> <a href=\"http:\/\/www.fafich.ufmg.br\/dcs\/wp-content\/uploads\/2025\/02\/SEI_3972284_Termo_10-Inscricoes-Homologadas.pdf\">INSCRI\u00c7\u00d5ES HOMOLOGADAS, 14\/02\/2025<\/a><\/strong><\/p>\n\n\n\n<p><\/p>\n\n\n\n<p><sub><sup><kbd>pdf<\/kbd><\/sup><\/sub><strong> <\/strong><a href=\"http:\/\/www.fafich.ufmg.br\/dcs\/wp-content\/uploads\/2025\/04\/SEI_4079447_Portaria_2565.pdf\"><strong>PORTARIA DE DESIGNA\u00c7\u00c3O DA BANCA DO CONCURSO &#8211; 31\/03\/2025<\/strong><\/a><\/p>\n\n\n\n<p><\/p>\n\n\n\n<p><sub><sup><kbd>pdf<\/kbd><\/sup><\/sub><strong> <a rel=\"noreferrer noopener\" href=\"http:\/\/www.fafich.ufmg.br\/dcs\/wp-content\/uploads\/2025\/04\/SEI_4092126_Edital_853.pdf\" target=\"_blank\">EDITAL N\u00ba 853\/2025 &#8211; CONVOCA\u00c7\u00c3O DOS CANDIDATOS &#8211; 31\/03\/2025<\/a><\/strong><\/p>\n\n\n\n<p><\/p>\n\n\n\n<p><sub><sup><kbd>pdf<\/kbd><\/sup><\/sub><strong> <\/strong><a href=\"http:\/\/www.fafich.ufmg.br\/dcs\/wp-content\/uploads\/2025\/04\/Convocacao-Departamento-2025.pdf\"><strong>INFORMA\u00c7\u00d5ES SOBRE DIA, HOR\u00c1RIO E LOCAL DA PROVAS &#8211; 03\/04\/2025<\/strong><\/a><\/p>\n\n\n\n<p><\/p>\n\n\n\n<p><sub><sup><kbd>pdf<\/kbd><\/sup><\/sub><strong> <a href=\"http:\/\/www.fafich.ufmg.br\/dcs\/wp-content\/uploads\/2025\/05\/Cronograma-Colocar-no-Site.pdf\">CRONOGRAMA DO CONCURSO &#8211; 05\/05\/2025<\/a><\/strong><\/p>\n\n\n\n<p><\/p>\n\n\n\n<p><sub><sup><kbd>pdf<\/kbd><\/sup><\/sub><strong> <a href=\"http:\/\/www.fafich.ufmg.br\/dcs\/wp-content\/uploads\/2025\/05\/Resultado-Final-AMP-Publicar.pdf\">RESULTADO DA PROVA ESCRITA &#8211; AMPLA CONCORR\u00caNCIA &#8211; 06\/05\/2025 &#8211; 16:40 HORAS<\/a><\/strong><\/p>\n\n\n\n<p><\/p>\n\n\n\n<p><sub><sup><kbd>pdf<\/kbd><\/sup><\/sub><strong> <a href=\"http:\/\/www.fafich.ufmg.br\/dcs\/wp-content\/uploads\/2025\/05\/Resultado-Final-Cotas-Publicar.pdf\">RESULTADO DA PROVA ESCRITA &#8211; AUTODECLARADOS NEGROS &#8211; 06\/05\/2025 &#8211; 16:40 HORAS<\/a><\/strong><\/p>\n\n\n\n<p><\/p>\n\n\n\n<p><sub><sup><kbd>pdf<\/kbd><\/sup><\/sub><strong> <a href=\"http:\/\/www.fafich.ufmg.br\/dcs\/wp-content\/uploads\/2025\/05\/Cronograma-apos-o-sorteio-da-ordem-de-apresentacao.pdf\">CRONOGRAMA AP\u00d3S O SORTEIO DE ORDEM DA PROVA &#8211; 08\/05\/2025<\/a><\/strong><\/p>\n\n\n\n<p><\/p>\n\n\n\n<p><sub><sup><kbd>pdf<\/kbd><\/sup><\/sub><strong> <a href=\"http:\/\/www.fafich.ufmg.br\/dcs\/wp-content\/uploads\/2025\/05\/Resultado-Final-do-Concurso-1.pdf\">RESULTADO FINAL DO CONCURSO &#8211; 09\/05\/2025<\/a><\/strong><\/p>\n\n\n\n<p><\/p>\n\n\n\n<p><sub><sup><kbd>pdf<\/kbd><\/sup><\/sub><strong> <\/strong><a href=\"http:\/\/www.fafich.ufmg.br\/dcs\/wp-content\/uploads\/2025\/05\/Convocacao-para-a-banca-de-heteroidentificacao.pdf\"><strong>CONVOCA\u00c7\u00c3O BANCA DE HETERIDENTIFICA\u00c7\u00c3O &#8211; 27\/05\/2025<\/strong><\/a><\/p>\n\n\n\n<p><\/p>\n\n\n\n<p><sub><sup><kbd>pdf<\/kbd><\/sup><\/sub><strong> <\/strong><a href=\"http:\/\/www.fafich.ufmg.br\/dcs\/wp-content\/uploads\/2025\/06\/Convocacao-para-a-banca-de-heteroidentificacao-atualizada-27.pdf\"><strong>CONVOCA\u00c7\u00c3O BANCA DE HETERIDENTIFICA\u00c7\u00c3O &#8211; 03\/06\/2025<\/strong><\/a><\/p>\n\n\n\n<p><\/p>\n\n\n\n<p><sub><sup><kbd>pdf<\/kbd><\/sup><\/sub><strong> <\/strong><a href=\"http:\/\/www.fafich.ufmg.br\/dcs\/wp-content\/uploads\/2025\/06\/Convocacao-para-a-banca-de-heteroidentificacao-atualizada-27.pdf\"><strong>RESULTADO DA<\/strong><\/a><a href=\"http:\/\/www.fafich.ufmg.br\/dcs\/wp-content\/uploads\/2025\/07\/SEI_4343407_Declaracao-heteroidentificacao-Allan.pdf\"><strong> BANCA DE HETERIDENTIFICA\u00c7\u00c3O &#8211; 08\/07\/2025<\/strong><\/a><\/p>\n\n\n\n<p><\/p>\n\n\n\n<p><sub><sup><kbd>pdf<\/kbd><\/sup><\/sub><strong> <\/strong><a href=\"http:\/\/www.fafich.ufmg.br\/dcs\/wp-content\/uploads\/2025\/07\/Resultado-final-Apos-Recurso-PUBL.pdf\"><strong>RESULTADO FINAL DO CONCURSO &#8211; AP\u00d3S RECURSO<\/strong><\/a><a href=\"http:\/\/www.fafich.ufmg.br\/dcs\/wp-content\/uploads\/2025\/07\/SEI_4343407_Declaracao-heteroidentificacao-Allan.pdf\"><strong> &#8211; 08\/07\/2025<\/strong><\/a><\/p>\n\n\n\n<p><\/p>\n\n\n\n<p><sub><sup><kbd>pdf<\/kbd><\/sup><\/sub><strong> <\/strong><a href=\"http:\/\/www.fafich.ufmg.br\/dcs\/wp-content\/uploads\/2025\/07\/Homologacao-Camara-PUBL.pdf\"><strong>HOMOLOGA\u00c7\u00c3O DO<\/strong> <strong>RESULTADO FINAL DO CONCURSO <\/strong><\/a><a href=\"http:\/\/www.fafich.ufmg.br\/dcs\/wp-content\/uploads\/2025\/07\/SEI_4343407_Declaracao-heteroidentificacao-Allan.pdf\"><strong>&#8211; C\u00c2MARA DEPARTAMENTAL &#8211; 08\/07\/2025<\/strong><\/a><\/p>\n\n\n\n<p><\/p>\n\n\n\n<p><sub><sup><kbd>pdf<\/kbd><\/sup><\/sub><strong> <\/strong><a href=\"https:\/\/www.in.gov.br\/web\/dou\/-\/edital-n-2065-de-13-de-agosto-de-2025-649249640\"><strong>HOMOLOGA\u00c7\u00c3O DO<\/strong> <strong>RESULTADO FINAL DO CONCURSO <\/strong><\/a><a href=\"http:\/\/www.fafich.ufmg.br\/dcs\/wp-content\/uploads\/2025\/07\/SEI_4343407_Declaracao-heteroidentificacao-Allan.pdf\"><strong>&#8211; DOU &#8211; 25\/08\/2025<\/strong><\/a><\/p>\n\n\n\n<p><\/p>\n\n\n\n<p><sub><sup><kbd>pdf<\/kbd><\/sup><\/sub><strong> <\/strong><a href=\"https:\/\/www.in.gov.br\/web\/dou\/-\/edital-n-2066-de-13-de-agosto-de-2025-649207677\"><strong>HOMOLOGA\u00c7\u00c3O DO<\/strong> <strong>RESULTADO FINAL DO CONCURSO COTAS  <\/strong><\/a><a href=\"http:\/\/www.fafich.ufmg.br\/dcs\/wp-content\/uploads\/2025\/07\/SEI_4343407_Declaracao-heteroidentificacao-Allan.pdf\"><strong>&#8211; DOU &#8211; 25\/08\/2025<\/strong><\/a><\/p>\n\n\n\n<p><\/p>\n","protected":false},"excerpt":{"rendered":"<p>Preenchimento de uma vaga de professor efetivo do Departamento de Comunica\u00e7\u00e3o Social. pdf EDITAL N\u00ba 83, DE 10 DE JANEIRO DE 2025 pdf RETIFICA\u00c7\u00c3O EDITAL N\u00ba 83, EDITAL 100 DE 22 DE JANEIRO DE 2025 pdf PROGRAMA DO CONCURSO &#8211; EDITAL N\u00ba 83, DE 10 DE JANEIRO DE 2025 INSCRI\u00c7\u00d5ES ATRAV\u00c9S DO ENDERE\u00c7O DE E-MAIL: [&hellip;]<\/p>\n","protected":false},"author":1,"featured_media":0,"parent":0,"menu_order":0,"comment_status":"closed","ping_status":"closed","template":"","meta":[],"_links":{"self":[{"href":"http:\/\/www.fafich.ufmg.br\/dcs\/index.php?rest_route=\/wp\/v2\/pages\/25490"}],"collection":[{"href":"http:\/\/www.fafich.ufmg.br\/dcs\/index.php?rest_route=\/wp\/v2\/pages"}],"about":[{"href":"http:\/\/www.fafich.ufmg.br\/dcs\/index.php?rest_route=\/wp\/v2\/types\/page"}],"author":[{"embeddable":true,"href":"http:\/\/www.fafich.ufmg.br\/dcs\/index.php?rest_route=\/wp\/v2\/users\/1"}],"replies":[{"embeddable":true,"href":"http:\/\/www.fafich.ufmg.br\/dcs\/index.php?rest_route=%2Fwp%2Fv2%2Fcomments&post=25490"}],"version-history":[{"count":19,"href":"http:\/\/www.fafich.ufmg.br\/dcs\/index.php?rest_route=\/wp\/v2\/pages\/25490\/revisions"}],"predecessor-version":[{"id":25582,"href":"http:\/\/www.fafich.ufmg.br\/dcs\/index.php?rest_route=\/wp\/v2\/pages\/25490\/revisions\/25582"}],"wp:attachment":[{"href":"http:\/\/www.fafich.ufmg.br\/dcs\/index.php?rest_route=%2Fwp%2Fv2%2Fmedia&parent=25490"}],"curies":[{"name":"wp","href":"https:\/\/api.w.org\/{rel}","templated":true}]}}