{"id":297,"date":"2015-03-10T15:43:37","date_gmt":"2015-03-10T15:43:37","guid":{"rendered":"http:\/\/www.fafich.ufmg.br\/dcs\/?page_id=297"},"modified":"2022-09-20T14:05:58","modified_gmt":"2022-09-20T14:05:58","slug":"docentes-qualificados","status":"publish","type":"page","link":"http:\/\/www.fafich.ufmg.br\/dcs\/?page_id=297","title":{"rendered":"Atua\u00e7\u00e3o"},"content":{"rendered":"<p><span style=\"color: #000000;\">O DCS foi criado em 1968 com o objetivo de abrigar a estrutura acad\u00eamica e administrativa que dava suporte ao curso de gradua\u00e7\u00e3o em Comunica\u00e7\u00e3o. Atualmente, tem atua\u00e7\u00e3o destacada em pesquisa, ensino e extens\u00e3o. Para isso, conta com 40 professores, todos doutores, e com corpo t\u00e9cnico e administrativo formado por cinco profissionais.<\/span><!--more--><\/p>\n<p><span style=\"color: #000000;\">Ao longo de sua\u00a0 trajet\u00f3ria de\u00a0mais de meio s\u00e9culo, o departamento cresceu em n\u00famero de t\u00e9cnicos e professores, e na\u00a0 qualifica\u00e7\u00e3o de seus profissionais. Este crescimento institucional pode ser observado tamb\u00e9m na cria\u00e7\u00e3o de uma estrutura laboratorial, que vem se transformando permanentemente\u00a0 de acordo com as demandas acad\u00eamicas e profissionais;\u00a0 e na cria\u00e7\u00e3o dos programas de p\u00f3s-gradua\u00e7\u00e3o <em>strictu<\/em> e <em>lato sensu<\/em>,\u00a0 mestrado e doutorado em Comunica\u00e7\u00e3o e especializa\u00e7\u00f5es.<\/span><\/p>\n<p><span style=\"color: #000000;\">\u00a0<\/span><\/p>\n","protected":false},"excerpt":{"rendered":"<p>O DCS foi criado em 1968 com o objetivo de abrigar a estrutura acad\u00eamica e administrativa que dava suporte ao curso de gradua\u00e7\u00e3o em Comunica\u00e7\u00e3o. Atualmente, tem atua\u00e7\u00e3o destacada em pesquisa, ensino e extens\u00e3o. Para isso, conta com 40 professores, todos doutores, e com corpo t\u00e9cnico e administrativo formado por cinco profissionais.<\/p>\n","protected":false},"author":1,"featured_media":0,"parent":0,"menu_order":0,"comment_status":"open","ping_status":"open","template":"","meta":[],"_links":{"self":[{"href":"http:\/\/www.fafich.ufmg.br\/dcs\/index.php?rest_route=\/wp\/v2\/pages\/297"}],"collection":[{"href":"http:\/\/www.fafich.ufmg.br\/dcs\/index.php?rest_route=\/wp\/v2\/pages"}],"about":[{"href":"http:\/\/www.fafich.ufmg.br\/dcs\/index.php?rest_route=\/wp\/v2\/types\/page"}],"author":[{"embeddable":true,"href":"http:\/\/www.fafich.ufmg.br\/dcs\/index.php?rest_route=\/wp\/v2\/users\/1"}],"replies":[{"embeddable":true,"href":"http:\/\/www.fafich.ufmg.br\/dcs\/index.php?rest_route=%2Fwp%2Fv2%2Fcomments&post=297"}],"version-history":[{"count":20,"href":"http:\/\/www.fafich.ufmg.br\/dcs\/index.php?rest_route=\/wp\/v2\/pages\/297\/revisions"}],"predecessor-version":[{"id":4737,"href":"http:\/\/www.fafich.ufmg.br\/dcs\/index.php?rest_route=\/wp\/v2\/pages\/297\/revisions\/4737"}],"wp:attachment":[{"href":"http:\/\/www.fafich.ufmg.br\/dcs\/index.php?rest_route=%2Fwp%2Fv2%2Fmedia&parent=297"}],"curies":[{"name":"wp","href":"https:\/\/api.w.org\/{rel}","templated":true}]}}