{"id":36,"date":"2015-03-02T23:34:37","date_gmt":"2015-03-02T23:34:37","guid":{"rendered":"http:\/\/www.fafich.ufmg.br\/dcs\/?page_id=36"},"modified":"2023-10-09T12:30:37","modified_gmt":"2023-10-09T12:30:37","slug":"chefia","status":"publish","type":"page","link":"http:\/\/www.fafich.ufmg.br\/dcs\/?page_id=36","title":{"rendered":"Chefia"},"content":{"rendered":"<p class=\" text-justify\"><span style=\"color: #000000;\">O Chefe e o Subchefe do Departamento s\u00e3o eleitos pela maioria absoluta de votos dos membros da Assembleia Departamental para um mandato de dois anos. Eles atuam\u00a0como principal autoridade executiva do Departamento junto aos p\u00fablicos interno e externo e \u00e0s diversas inst\u00e2ncias acad\u00eamicas.<\/span><\/p>\n<p><span style=\"color: #000000;\">Desde 02 de outubro de 2023 a chefia \u00e9 exercida pelo Professor Camilo de Oliveira Aggio e pela Professora Cl\u00e1udia Cardoso Mesquita (subchefe).<br \/>\n<\/span><\/p>\n<p class=\" text-justify\"><span style=\"color: #000000;\">\u00a0<\/span><\/p>\n","protected":false},"excerpt":{"rendered":"<p>O Chefe e o Subchefe do Departamento s\u00e3o eleitos pela maioria absoluta de votos dos membros da Assembleia Departamental para um mandato de dois anos. Eles atuam\u00a0como principal autoridade executiva do Departamento junto aos p\u00fablicos interno e externo e \u00e0s diversas inst\u00e2ncias acad\u00eamicas. Desde 02 de outubro de 2023 a chefia \u00e9 exercida pelo Professor [&hellip;]<\/p>\n","protected":false},"author":1,"featured_media":0,"parent":0,"menu_order":0,"comment_status":"open","ping_status":"open","template":"","meta":[],"_links":{"self":[{"href":"http:\/\/www.fafich.ufmg.br\/dcs\/index.php?rest_route=\/wp\/v2\/pages\/36"}],"collection":[{"href":"http:\/\/www.fafich.ufmg.br\/dcs\/index.php?rest_route=\/wp\/v2\/pages"}],"about":[{"href":"http:\/\/www.fafich.ufmg.br\/dcs\/index.php?rest_route=\/wp\/v2\/types\/page"}],"author":[{"embeddable":true,"href":"http:\/\/www.fafich.ufmg.br\/dcs\/index.php?rest_route=\/wp\/v2\/users\/1"}],"replies":[{"embeddable":true,"href":"http:\/\/www.fafich.ufmg.br\/dcs\/index.php?rest_route=%2Fwp%2Fv2%2Fcomments&post=36"}],"version-history":[{"count":15,"href":"http:\/\/www.fafich.ufmg.br\/dcs\/index.php?rest_route=\/wp\/v2\/pages\/36\/revisions"}],"predecessor-version":[{"id":25257,"href":"http:\/\/www.fafich.ufmg.br\/dcs\/index.php?rest_route=\/wp\/v2\/pages\/36\/revisions\/25257"}],"wp:attachment":[{"href":"http:\/\/www.fafich.ufmg.br\/dcs\/index.php?rest_route=%2Fwp%2Fv2%2Fmedia&parent=36"}],"curies":[{"name":"wp","href":"https:\/\/api.w.org\/{rel}","templated":true}]}}