{"id":39,"date":"2015-03-02T23:34:48","date_gmt":"2015-03-02T23:34:48","guid":{"rendered":"http:\/\/www.fafich.ufmg.br\/dcs\/?page_id=39"},"modified":"2015-03-03T16:39:37","modified_gmt":"2015-03-03T16:39:37","slug":"camara","status":"publish","type":"page","link":"http:\/\/www.fafich.ufmg.br\/dcs\/?page_id=39","title":{"rendered":"C\u00e2mara"},"content":{"rendered":"<p><span style=\"color: #000000;\">Dentre as atribui\u00e7\u00f5es definidas no Estatuto da UFMG, a\u00a0C\u00e2mara Departamental \u00e9 respons\u00e1vel por:<\/span><\/p>\n<p><span style=\"color: #000000;\">&#8211; planejar e supervisionar a execu\u00e7\u00e3o das atividades de ensino, pesquisa e extens\u00e3o do Departamento, bem como avaliar os planos de trabalho individuais dos docentes a ele vinculados e atribuir-lhes encargos;<\/span><br \/>\n<span style=\"color: #000000;\"> &#8211; estabelecer os programas das atividades acad\u00eamicas curriculares do Departamento;<\/span><br \/>\n<span style=\"color: #000000;\"> &#8211; propor a admiss\u00e3o e a dispensa de docentes, bem como modifica\u00e7\u00f5es do regime de trabalho destes;<\/span><br \/>\n<span style=\"color: #000000;\"> &#8211; opinar sobre pedidos de afastamento de docentes e de servidores t\u00e9cnicos e administrativos para fins de aperfei\u00e7oamento ou coopera\u00e7\u00e3o t\u00e9cnica;<\/span><br \/>\n<span style=\"color: #000000;\"> &#8211; manifestar-se sobre o desempenho de docentes e de servidores t\u00e9cnicos e administrativos, para fins de acompanhamento, aprova\u00e7\u00e3o de relat\u00f3rios, est\u00e1gio probat\u00f3rio e progress\u00e3o;<\/span><br \/>\n<span style=\"color: #000000;\"> &#8211; elaborar a proposta or\u00e7ament\u00e1ria e o plano de aplica\u00e7\u00e3o de verbas do Departamento; \u00a0<\/span><\/p>\n","protected":false},"excerpt":{"rendered":"<p>Dentre as atribui\u00e7\u00f5es definidas no Estatuto da UFMG, a\u00a0C\u00e2mara Departamental \u00e9 respons\u00e1vel por: &#8211; planejar e supervisionar a execu\u00e7\u00e3o das atividades de ensino, pesquisa e extens\u00e3o do Departamento, bem como avaliar os planos de trabalho individuais dos docentes a ele vinculados e atribuir-lhes encargos; &#8211; estabelecer os programas das atividades acad\u00eamicas curriculares do Departamento; &#8211; [&hellip;]<\/p>\n","protected":false},"author":1,"featured_media":0,"parent":0,"menu_order":0,"comment_status":"open","ping_status":"open","template":"","meta":[],"_links":{"self":[{"href":"http:\/\/www.fafich.ufmg.br\/dcs\/index.php?rest_route=\/wp\/v2\/pages\/39"}],"collection":[{"href":"http:\/\/www.fafich.ufmg.br\/dcs\/index.php?rest_route=\/wp\/v2\/pages"}],"about":[{"href":"http:\/\/www.fafich.ufmg.br\/dcs\/index.php?rest_route=\/wp\/v2\/types\/page"}],"author":[{"embeddable":true,"href":"http:\/\/www.fafich.ufmg.br\/dcs\/index.php?rest_route=\/wp\/v2\/users\/1"}],"replies":[{"embeddable":true,"href":"http:\/\/www.fafich.ufmg.br\/dcs\/index.php?rest_route=%2Fwp%2Fv2%2Fcomments&post=39"}],"version-history":[{"count":8,"href":"http:\/\/www.fafich.ufmg.br\/dcs\/index.php?rest_route=\/wp\/v2\/pages\/39\/revisions"}],"predecessor-version":[{"id":69,"href":"http:\/\/www.fafich.ufmg.br\/dcs\/index.php?rest_route=\/wp\/v2\/pages\/39\/revisions\/69"}],"wp:attachment":[{"href":"http:\/\/www.fafich.ufmg.br\/dcs\/index.php?rest_route=%2Fwp%2Fv2%2Fmedia&parent=39"}],"curies":[{"name":"wp","href":"https:\/\/api.w.org\/{rel}","templated":true}]}}