{"id":402,"date":"2015-03-20T16:44:52","date_gmt":"2015-03-20T16:44:52","guid":{"rendered":"http:\/\/www.fafich.ufmg.br\/dcs\/?page_id=402"},"modified":"2021-03-22T16:39:40","modified_gmt":"2021-03-22T16:39:40","slug":"documentos","status":"publish","type":"page","link":"http:\/\/www.fafich.ufmg.br\/dcs\/?page_id=402","title":{"rendered":"Documentos"},"content":{"rendered":"<p><span style=\"text-decoration: underline;\"><span style=\"color: #800000;\"><a style=\"color: #800000; text-decoration: underline;\" href=\"http:\/\/www.fafich.ufmg.br\/dcs\/wp-content\/uploads\/2015\/03\/Normas-DCS-uso-de-equipamentos.pdf\" target=\"_blank\" rel=\"noopener\">Normas para uso de espa\u00e7os e equipamentos do DCS-UFMG<\/a><\/span><\/span><\/p>\n<p><span style=\"text-decoration: underline;\"><span style=\"color: #800000;\"><a style=\"color: #800000; text-decoration: underline;\" href=\"http:\/\/www.fafich.ufmg.br\/dcs\/wp-content\/uploads\/2015\/03\/Crit\u00e9rios-de-concess\u00e3o-Bolsas-PMG.pdf\" target=\"_blank\" rel=\"noopener\">Crit\u00e9rios para concess\u00e3o de bolsas do Programa de Monitoria da Gradua\u00e7\u00e3o<\/a><\/span><\/span><\/p>\n<p><span style=\"text-decoration: underline; color: #800000;\"><a style=\"color: #800000; text-decoration: underline;\" href=\"http:\/\/www.fafich.ufmg.br\/dcs\/wp-content\/uploads\/2015\/03\/Crit\u00e9rios-para-atribui\u00e7\u00e3o-de-atividades-docentes.pdf\" target=\"_blank\" rel=\"noopener\">Crit\u00e9rios para atribui\u00e7\u00e3o de atividades docentes<\/a><\/span><\/p>\n<p><span style=\"text-decoration: underline; color: #800000;\"><a style=\"color: #800000; text-decoration: underline;\" href=\"http:\/\/www.fafich.ufmg.br\/dcs\/wp-content\/uploads\/2015\/03\/Crit\u00e9rios-para-avalia\u00e7\u00e3o-do-relat\u00f3rio-docente-INA.pdf\" target=\"_blank\" rel=\"noopener\">Crit\u00e9rios para avalia\u00e7\u00e3o do relat\u00f3rio docente &#8211; INA<\/a><\/span><\/p>\n<p><span style=\"text-decoration: underline;\"><span style=\"color: #800000;\"><a style=\"color: #800000; text-decoration: underline;\" href=\"http:\/\/www.fafich.ufmg.br\/dcs\/wp-content\/uploads\/2015\/03\/Plano-de-qualifica\u00e7\u00e3o-docente-21maio2018.pdf\" target=\"_blank\" rel=\"noopener\">Plano de qualifica\u00e7\u00e3o docente do DCS\/UFMG<\/a><\/span><\/span><\/p>\n<p><span style=\"text-decoration: underline;\"><span style=\"color: #800000;\"><a style=\"color: #800000; text-decoration: underline;\" href=\"http:\/\/www.fafich.ufmg.br\/dcs\/wp-content\/uploads\/2021\/03\/CRITERIOS-PARA-CONCESSAO-E-LICENCA-DE-AFASTAMENTO-DE-DOCENTES-aprovado-em-08-02-2021.pdf\" target=\"_blank\" rel=\"noopener\">Crit\u00e9rios para afastamento docente do DCS\/UFMG<\/a><\/span><\/span><\/p>\n\n\n<p><\/p>\n","protected":false},"excerpt":{"rendered":"<p>Normas para uso de espa\u00e7os e equipamentos do DCS-UFMG Crit\u00e9rios para concess\u00e3o de bolsas do Programa de Monitoria da Gradua\u00e7\u00e3o Crit\u00e9rios para atribui\u00e7\u00e3o de atividades docentes Crit\u00e9rios para avalia\u00e7\u00e3o do relat\u00f3rio docente &#8211; INA Plano de qualifica\u00e7\u00e3o docente do DCS\/UFMG Crit\u00e9rios para afastamento docente do DCS\/UFMG<\/p>\n","protected":false},"author":1,"featured_media":0,"parent":0,"menu_order":0,"comment_status":"open","ping_status":"open","template":"","meta":[],"_links":{"self":[{"href":"http:\/\/www.fafich.ufmg.br\/dcs\/index.php?rest_route=\/wp\/v2\/pages\/402"}],"collection":[{"href":"http:\/\/www.fafich.ufmg.br\/dcs\/index.php?rest_route=\/wp\/v2\/pages"}],"about":[{"href":"http:\/\/www.fafich.ufmg.br\/dcs\/index.php?rest_route=\/wp\/v2\/types\/page"}],"author":[{"embeddable":true,"href":"http:\/\/www.fafich.ufmg.br\/dcs\/index.php?rest_route=\/wp\/v2\/users\/1"}],"replies":[{"embeddable":true,"href":"http:\/\/www.fafich.ufmg.br\/dcs\/index.php?rest_route=%2Fwp%2Fv2%2Fcomments&post=402"}],"version-history":[{"count":20,"href":"http:\/\/www.fafich.ufmg.br\/dcs\/index.php?rest_route=\/wp\/v2\/pages\/402\/revisions"}],"predecessor-version":[{"id":1775,"href":"http:\/\/www.fafich.ufmg.br\/dcs\/index.php?rest_route=\/wp\/v2\/pages\/402\/revisions\/1775"}],"wp:attachment":[{"href":"http:\/\/www.fafich.ufmg.br\/dcs\/index.php?rest_route=%2Fwp%2Fv2%2Fmedia&parent=402"}],"curies":[{"name":"wp","href":"https:\/\/api.w.org\/{rel}","templated":true}]}}