{"id":48,"date":"2015-03-02T23:35:34","date_gmt":"2015-03-02T23:35:34","guid":{"rendered":"http:\/\/www.fafich.ufmg.br\/dcs\/?page_id=48"},"modified":"2020-07-27T20:53:26","modified_gmt":"2020-07-27T20:53:26","slug":"grupos-de-pesquisa","status":"publish","type":"page","link":"http:\/\/www.fafich.ufmg.br\/dcs\/?page_id=48","title":{"rendered":"Grupos de pesquisa"},"content":{"rendered":"<p><span style=\"text-decoration: underline;\"><a href=\"http:\/\/www.fafich.ufmg.br\/gris\/\" target=\"_blank\" rel=\"noopener noreferrer\"><span style=\"color: #800000; text-decoration: underline;\">Grupo de Pesquisa em Imagem e Sociabilidade (GRIS)<\/span><\/a><\/span><\/p>\n<p><span style=\"color: #000000;\">O GRIS foi criado em 1994, com cadastro no Diret\u00f3rio de Grupos de Pesquisa do CNPq. A tem\u00e1tica central que unifica o grupo \u00e9 a interrela\u00e7\u00e3o entre imagens e sociabilidade na configura\u00e7\u00e3o dos processos comunicativos. Os v\u00e1rios projetos desenvolvidos no \u00e2mbito do GRIS se caracterizam pelo tratamento anal\u00edtico de seus respectivos objetos atrav\u00e9s dos conceitos de intera\u00e7\u00e3o (intera\u00e7\u00e3o e comunica\u00e7\u00e3o), experi\u00eancia (experi\u00eancia est\u00e9tica, experi\u00eancia e media\u00e7\u00e3o), cotidiano; sujeitos interlocutores, interfaces e dispositivos.<\/span><\/p>\n<p><span style=\"text-decoration: underline;\"><span style=\"color: #800000;\"><a style=\"color: #800000; text-decoration: underline;\" href=\"http:\/\/www.fafich.ufmg.br\/eme\/\" target=\"_blank\" rel=\"noopener noreferrer\">Grupo de Pesquisa em M\u00eddia e Esfera P\u00fablica (EME)<\/a><\/span><\/span><\/p>\n<p><span style=\"color: #000000;\">O Grupo de Pesquisa em M\u00eddia e Esfera P\u00fablica est\u00e1 em funcionamento desde 1998, com cadastro no Diret\u00f3rio de Grupos de Pesquisa do CNPq. O grupo tem explorado o papel da m\u00eddia na promo\u00e7\u00e3o de debates p\u00fablicos e na pr\u00e9-estrutura\u00e7\u00e3o do espa\u00e7o p\u00fablico brasileiro. Investiga as interfaces que os meios de comunica\u00e7\u00e3o estabelecem com a forma\u00e7\u00e3o da opini\u00e3o p\u00fablica, da vontade pol\u00edtica e das identidades sociais, tratando particularmente a express\u00e3o, a atua\u00e7\u00e3o e argumenta\u00e7\u00e3o p\u00fablica de movimentos sociais e grupos c\u00edvicos. O EME \u00e9 coordenado pela Profa. Rousiley Celi Moreira Maia.<\/span><\/p>\n<p><span style=\"text-decoration: underline;\"><span style=\"color: #800000;\"><a style=\"color: #800000; text-decoration: underline;\" href=\"https:\/\/www.mobilizaufmg.com\/\" target=\"_blank\" rel=\"noopener noreferrer\">Grupo de Pesquisa em Comunica\u00e7\u00e3o, Mobiliza\u00e7\u00e3o Social e Opini\u00e3o P\u00fablica (MOBILIZA)<\/a><\/span><\/span><\/p>\n<p>O Mobiliza consolida uma linha de estudos e de investiga\u00e7\u00e3o iniciada em 1999, com o prop\u00f3sito de compreender a comunica\u00e7\u00e3o em processos de mobiliza\u00e7\u00e3o social. Tendo constitu\u00eddo projetos de ensino e de extens\u00e3o no \u00e2mbito da Gradua\u00e7\u00e3o em Comunica\u00e7\u00e3o Social desde ent\u00e3o, bem como gerado publica\u00e7\u00f5es e intensos interc\u00e2mbios em rela\u00e7\u00e3o \u00e0 tem\u00e1tica, o Mobiliza assume, em 2014, a forma de um grupo de pesquisa registrado no DGP-CNPq, tendo os seguintes eixos de investiga\u00e7\u00e3o: a forma\u00e7\u00e3o e movimenta\u00e7\u00e3o de p\u00fablicos, as din\u00e2micas da opini\u00e3o p\u00fablica, os processos de comunica\u00e7\u00e3o para mobiliza\u00e7\u00e3o social e os processos de comunica\u00e7\u00e3o p\u00fablica.<\/p>\n<p><span style=\"text-decoration: underline;\"><span style=\"color: #800000;\"><a style=\"color: #800000; text-decoration: underline;\" href=\"https:\/\/www.facebook.com\/pages\/Po%C3%A9ticas-da-Experi%C3%AAncia\/382959525135921\" target=\"_blank\" rel=\"noopener noreferrer\">Grupo de Pesquisa Po\u00e9ticas da Experi\u00eancia<\/a><\/span><\/span><\/p>\n<p><span style=\"color: #000000;\">Constitu\u00eddo em 2007, o Grupo de Pesquisa Po\u00e9ticas da Experi\u00eancia \u00e9 coordenado pelo Prof. C\u00e9sar Geraldo Guimar\u00e3es, tendo como integrantes os professores Andr\u00e9 Guimar\u00e3es Brasil e Cl\u00e1udia Cardoso Mesquita. O grupo estuda as m\u00faltiplas manifesta\u00e7\u00f5es do audiovisual contempor\u00e2neo \u2013 nos dom\u00ednios da fotografia, do cinema e das artes perform\u00e1ticas \u2013 levando em conta os processos de cria\u00e7\u00e3o, a organiza\u00e7\u00e3o dos elementos expressivos e as formas de frui\u00e7\u00e3o. As discuss\u00f5es privilegiam os diferentes modos como as imagens figuram, convocam e produzem a experi\u00eancia dos sujeitos.<\/span><\/p>\n<p><span style=\"text-decoration: underline;\"><span style=\"color: #800000;\"><a style=\"color: #800000; text-decoration: underline;\" href=\"https:\/\/tramas.fafich.ufmg.br\/\" target=\"_blank\" rel=\"noopener noreferrer\">N\u00facleo de Estudos Tramas Comunicacionais: Narrativa e Experi\u00eancia (Tramas)<\/a><\/span><\/span><\/p>\n<p><span style=\"color: #000000;\">O N\u00facleo de Estudos Tramas Comunicacionais: Narrativa e Experi\u00eancia organiza-se em torno da investiga\u00e7\u00e3o acerca dos fen\u00f4menos comunicacionais a partir da configura\u00e7\u00e3o narrativa dos textos que circulam nos diversos dispositivos sociais e midi\u00e1ticos. A narrativa, em abordagem pragm\u00e1tica, \u00e9 vista como constituinte de processos de media\u00e7\u00e3o pr\u00f3prios que articulam dimens\u00f5es textuais, temporais, est\u00e9ticas e ideol\u00f3gicas que contribuem para a conforma\u00e7\u00e3o das experi\u00eancias dos indiv\u00edduos, demandando com isso o desenvolvimento de perspectiva te\u00f3rico-anal\u00edtica peculiar. O grupo abre-se ao estudo tanto de tessituras narrativas espec\u00edficas \u2013 e de rela\u00e7\u00f5es a\u00ed presentes \u2013 quanto busca contribuir para a compreens\u00e3o de fen\u00f4menos midi\u00e1ticos peculiares, como o jornalismo e a televis\u00e3o. O Tramas Comunicacionais \u00e9 coordenado pelos professores Bruno Souza Leal e Carlos Alberto de Carvalho.<\/span><\/p>\n<p><span style=\"text-decoration: underline;\"><a href=\"https:\/\/www.facebook.com\/grupo.comcult\" target=\"_blank\" rel=\"noopener noreferrer\"><span style=\"color: #800000; text-decoration: underline;\">Grupo de Pesquisa Comunica\u00e7\u00e3o e Cultura em Televisualidades (COMCULT)<\/span><\/a><\/span><\/p>\n<p><span style=\"color: #000000;\">Criado em 2008 no \u00e2mbito do Programa de P\u00f3s-Gradua\u00e7\u00e3o em Comunica\u00e7\u00e3o da UFMG, sob a coordena\u00e7\u00e3o da profa. Simone Maria Rocha, o Grupo de Pesquisa em Comunica\u00e7\u00e3o e Cultura em Televisualidades (COMCULT) dedica-se, fundamentalmente, ao estudo das rela\u00e7\u00f5es entre televis\u00e3o e cultura contemplando todos os aspectos e dimens\u00f5es do meio televisivo. Os textos &#8211; programas ficcionais, informativos ou de entretenimento \u2013 s\u00e3o analisados desde uma perspectiva est\u00e9tica bem como a partir de interroga\u00e7\u00f5es hist\u00f3rico-culturais e pol\u00edticas.<\/span><\/p>\n<p><span style=\"text-decoration: underline;\"><a href=\"http:\/\/ccnm.fafich.ufmg.br\/\" target=\"_blank\" rel=\"noopener noreferrer\"><span style=\"color: #800000; text-decoration: underline;\">Centro de Converg\u00eancia em Novas M\u00eddias (CCNM)<\/span><\/a><\/span><\/p>\n<p><span style=\"color: #000000;\">O Centro de Converg\u00eancia em Novas M\u00eddias foi criado em 2005, sob coordena\u00e7\u00e3o da profa. Regina Helena Alves Silva. O grupo dedica-se ao estudo das culturas urbanas, das tecnologias digitais de informa\u00e7\u00e3o e comunica\u00e7\u00e3o e sua aplica\u00e7\u00e3o em contextos sociais. Diante do avan\u00e7o das tecnologias digitais de informa\u00e7\u00e3o e comunica\u00e7\u00e3o, o grupo alia a pesquisa de cunho tecnol\u00f3gico com a investiga\u00e7\u00e3o de car\u00e1ter social, buscando refletir sobre os processos implicados nessa intera\u00e7\u00e3o, em especial aqueles de inclus\u00e3o digital.<\/span><\/p>\n<p><span style=\"text-decoration: underline; color: #800000;\"><span style=\"text-decoration: underline;\"><a style=\"color: #800000; text-decoration: underline;\" href=\"https:\/\/www.neepec.com.br\/\" target=\"_blank\" rel=\"noopener noreferrer\">N\u00facleo de Estudos em Est\u00e9ticas do Perform\u00e1tico e Experi\u00eancia Comunicacional\u00a0(NEEPEC)<\/a><\/span><\/span><\/p>\n<p>Criado em 2013, o Neepec \u00e9 coordenado pelos professores Carlos Magno Camargos Mendon\u00e7a e Juarez Guimar\u00e3es Dias e tem a performance como inspira\u00e7\u00e3o metodol\u00f3gica, investigando formas de comunica\u00e7\u00e3o que privilegiam a articula\u00e7\u00e3o entre o corpo, os textos visuais, sonoros e verbais. A experi\u00eancia comunicacional que nos interessa irrompe na rela\u00e7\u00e3o autopoi\u00e9tica existente entre as est\u00e9ticas do perform\u00e1tico e a vida ordin\u00e1ria; na percep\u00e7\u00e3o do corpo como lugar dos afetos, da intui\u00e7\u00e3o sens\u00edvel; e na performance (em suas dimens\u00f5es social, art\u00edstica ou lingu\u00edstica) como arquivo, dispositivo de mem\u00f3ria e, simultaneamente, como oportunidade de cr\u00edtica, de inventividade e de transforma\u00e7\u00e3o.<\/p>\n<p><span style=\"text-decoration: underline;\"><span style=\"color: #800000;\"><a style=\"color: #800000; text-decoration: underline;\" href=\"https:\/\/afetos.com\/pb\/\" target=\"_blank\" rel=\"noopener noreferrer\">Afetos:\u00a0Grupo de Pesquisa em Comunica\u00e7\u00e3o, Acessibilidade e Vulnerabilidades<\/a><\/span><\/span><\/p>\n<p>O Afetos iniciou suas atividades em 2017, com cadastro no Diret\u00f3rio de Grupos de Pesquisa do CNPq. Nosso foco s\u00e3o reflex\u00f5es te\u00f3rico-conceituais que abarquem os m\u00faltiplos aspectos comunicacionais que interpelam os sujeitos em suas subjetividades, autonomia e nas rela\u00e7\u00f5es com as tecnologias como formas socialmente constru\u00eddas de fornecer condi\u00e7\u00f5es de equidade no mundo. Nosso desejo diz de uma convic\u00e7\u00e3o \u00e9tica sobre pesquisas e projetos, que possam impressionar afetivamente a sociedade para uma ci\u00eancia que acredita em mundos mais hospitaleiros e menos desiguais.<\/p>\n<p><span style=\"text-decoration: underline; color: #800000;\"><span style=\"text-decoration: underline;\"><a style=\"color: #800000; text-decoration: underline;\" href=\"https:\/\/coriscosite.wordpress.com\/\" target=\"_blank\" rel=\"noopener noreferrer\">Corisco &#8211; Coletivo de Estudos, Pesquisas Etnogr\u00e1ficas e A\u00e7\u00e3o Comunicacional em Contextos de Risco<\/a><\/span><\/span><\/p>\n<p>O Coletivo foi criado em 2016 pela professora Luciana de Oliveira e cadastrado no Diret\u00f3rio de Grupos de Pesquisa do CNPq. Conta com a participa\u00e7\u00e3o de estudantes de gradua\u00e7\u00e3o, mestrado e doutorado, al\u00e9m de pesquisadores e pesquisadoras formados em outras tradi\u00e7\u00f5es de conhecimento como os saberes ind\u00edgenas e afrodescendentes. A proposta de trabalho do grupo visa buscar alian\u00e7as entre extens\u00e3o e pesquisa, a\u00e7\u00f5es pol\u00edticas comunicacionais e de visibiliza\u00e7\u00e3o de causas subalternizadas dentro e fora da universidade bem como entre arte, ci\u00eancia e ativismo, gerando di\u00e1logos transversais e pluriepist\u00eamicos que possam colaborar para a decoloniza\u00e7\u00e3o do pensamento, do corpo e dos afetos na ambi\u00eancia institucional e de poder da Universidade.<\/p>\n<p><span style=\"text-decoration: underline; color: #800000;\"><span style=\"text-decoration: underline;\"><a style=\"color: #800000; text-decoration: underline;\" href=\"http:\/\/www.fafich.ufmg.br\/coragem\/\" target=\"_blank\" rel=\"noopener noreferrer\">Coragem: Grupo de Pesquisa em Comunica\u00e7\u00e3o, Ra\u00e7a e G\u00eanero<\/a><\/span><\/span><\/p>\n<p>O Coragem \u2013 Grupo de Pesquisa em Comunica\u00e7\u00e3o, Ra\u00e7a e G\u00eanero \u2013 foi formalizado em 2018 no DCS, no PPGCOM e no DGP do CNPq. Nossos interesses de pesquisa est\u00e3o relacionados aos fen\u00f4menos midi\u00e1ticos e midiatizados contempor\u00e2neos, a partir de uma abordagem interacional e interseccional. Com aten\u00e7\u00e3o aos discursos e contradiscursos que circulam na sociedade, investigamos e analisamos rela\u00e7\u00f5es, produ\u00e7\u00f5es e representa\u00e7\u00f5es de ra\u00e7a, g\u00eanero, classe, sexualidade, entre outras, refletindo sobre desigualdades sociais, rela\u00e7\u00f5es de poder, tens\u00f5es, negocia\u00e7\u00f5es e a\u00e7\u00f5es de sujeitos e grupos nos diversos meios e plataformas. O grupo busca refletir sobre a comunica\u00e7\u00e3o atravessada por opress\u00f5es estruturais e tamb\u00e9m por pot\u00eancias e transforma\u00e7\u00f5es, explorando principalmente metodologias, teorias e conceitos propostos por autores\/as pertencentes ou advindos\/as de grupos subalternizados da sociedade.<br \/>\nL\u00edder: Laura Guimar\u00e3es Corr\u00eaa. Vice-l\u00edder: Pablo Moreno Fernandes Viana.<\/p>\n","protected":false},"excerpt":{"rendered":"<p>Grupo de Pesquisa em Imagem e Sociabilidade (GRIS) O GRIS foi criado em 1994, com cadastro no Diret\u00f3rio de Grupos de Pesquisa do CNPq. A tem\u00e1tica central que unifica o grupo \u00e9 a interrela\u00e7\u00e3o entre imagens e sociabilidade na configura\u00e7\u00e3o dos processos comunicativos. Os v\u00e1rios projetos desenvolvidos no \u00e2mbito do GRIS se caracterizam pelo tratamento [&hellip;]<\/p>\n","protected":false},"author":1,"featured_media":0,"parent":0,"menu_order":0,"comment_status":"open","ping_status":"open","template":"","meta":[],"_links":{"self":[{"href":"http:\/\/www.fafich.ufmg.br\/dcs\/index.php?rest_route=\/wp\/v2\/pages\/48"}],"collection":[{"href":"http:\/\/www.fafich.ufmg.br\/dcs\/index.php?rest_route=\/wp\/v2\/pages"}],"about":[{"href":"http:\/\/www.fafich.ufmg.br\/dcs\/index.php?rest_route=\/wp\/v2\/types\/page"}],"author":[{"embeddable":true,"href":"http:\/\/www.fafich.ufmg.br\/dcs\/index.php?rest_route=\/wp\/v2\/users\/1"}],"replies":[{"embeddable":true,"href":"http:\/\/www.fafich.ufmg.br\/dcs\/index.php?rest_route=%2Fwp%2Fv2%2Fcomments&post=48"}],"version-history":[{"count":24,"href":"http:\/\/www.fafich.ufmg.br\/dcs\/index.php?rest_route=\/wp\/v2\/pages\/48\/revisions"}],"predecessor-version":[{"id":1759,"href":"http:\/\/www.fafich.ufmg.br\/dcs\/index.php?rest_route=\/wp\/v2\/pages\/48\/revisions\/1759"}],"wp:attachment":[{"href":"http:\/\/www.fafich.ufmg.br\/dcs\/index.php?rest_route=%2Fwp%2Fv2%2Fmedia&parent=48"}],"curies":[{"name":"wp","href":"https:\/\/api.w.org\/{rel}","templated":true}]}}