{"id":57,"date":"2015-03-02T23:36:53","date_gmt":"2015-03-02T23:36:53","guid":{"rendered":"http:\/\/www.fafich.ufmg.br\/dcs\/?page_id=57"},"modified":"2021-01-20T21:00:17","modified_gmt":"2021-01-20T21:00:17","slug":"contato","status":"publish","type":"page","link":"http:\/\/www.fafich.ufmg.br\/dcs\/?page_id=57","title":{"rendered":"Contatos"},"content":{"rendered":"<p><strong>Universidade Federal de Minas Gerais -UFMG<br \/>\nFaculdade de Filosofia e Ci\u00eancias Humanas da UFMG &#8211; Fafich<br \/>\n<\/strong><span style=\"color: #000000;\">Avenida Ant\u00f4nio Carlos, 6627<\/span><br \/>\n<span style=\"color: #000000;\"> Campus Pampulha<\/span><strong><br \/>\n<\/strong><br \/>\n<span style=\"color: #000000;\">Secretaria do Departamento de Comunica\u00e7\u00e3o Social<\/span><br \/>\n<span style=\"color: #000000;\">Sala 4238 &#8211;\u00a04\u00ba andar<\/span><br \/>\n<span style=\"color: #000000;\">Telefone: (31) 3409 5012<\/span><br \/>\n<span style=\"color: #000000;\">e-mail: <a href=\"mailto:%20dcs@fafich.ufmg.br\" target=\"_blank\" rel=\"noopener noreferrer\"><span style=\"text-decoration: underline; color: #800000;\">dcs<span style=\"text-decoration: underline;\">@fafich.ufmg.br<\/span><\/span><\/a><\/span><\/p>\n<p><span style=\"color: #000000;\">Colegiado de Gradua\u00e7\u00e3o em Jornalismo<\/span><br \/>\n<span style=\"color: #000000;\"> Sala 1040 &#8211; 1\u00ba andar<br \/>\nTelefone: (31) 3409 5096<br \/>\ne-mail:\u00a0 <a href=\"mailto:jornalismo@fafich.ufmg.br\" target=\"_blank\" rel=\"noopener noreferrer\">jornalismo@fafich.ufmg.br<\/a> \/ <a href=\"mailto:coljornalismoufmg@gmail.com\" target=\"_blank\" rel=\"noopener noreferrer\">coljornalismoufmg@gmail.com<\/a><\/span><\/p>\n<p><span style=\"color: #000000;\">Colegiado de Gradua\u00e7\u00e3o em Publicidade e Propaganda<\/span><br \/>\n<span style=\"color: #000000;\">Sala 1042 &#8211; 1\u00ba andar<br \/>\nTelefone: (31) 3409 5094<br \/>\ne-mail: <span style=\"text-decoration: underline;\"><span style=\"color: #800000;\"><a style=\"color: #800000; text-decoration: underline;\" href=\"mailto:col-publicidadeepropaganda@fafich.ufmg.br\" target=\"_blank\" rel=\"noopener noreferrer\">col-publicidadeepropaganda@fafich.ufmg.br<\/a><\/span><\/span><\/span><\/p>\n<p><span style=\"color: #000000;\">Colegiado de Gradua\u00e7\u00e3o em\u00a0Rela\u00e7\u00f5es P\u00fablicas<\/span><br \/>\n<span style=\"color: #000000;\">Sala 1042 &#8211; 1\u00ba andar<br \/>\nTelefone: (31) 3409 5043<br \/>\ne-mail: <span style=\"text-decoration: underline;\"><span style=\"color: #800000;\"><a href=\"mailto:relacoespublicas@fafich.ufmg.br\">relacoespublicas@fafich.ufmg.br<\/a>\u00a0 \/ <\/span><\/span><\/span><a href=\"mailto:colrpufmg@gmail.com\"><span style=\"color: #000000;\"><span style=\"text-decoration: underline;\"><span style=\"color: #800000;\"> colrpufmg@gmail.com<\/span><\/span><\/span><\/a><\/p>\n<p>Secretaria do Colegiado de Gradua\u00e7\u00e3o em Comunica\u00e7\u00e3o Social<br \/>\nSala 1038 C &#8211; 1\u00ba andar<br \/>\nTelefone: (31) 3409 5043<br \/>\n<a href=\"mailto:colcom@fafich.ufmg.br\">colcom@fafich.ufmg.br<\/a>\u00a0 e <a href=\"mailto:colcomufmg@gmail.com\">colcomufmg@gmail.com<\/a><\/p>\n<p><span style=\"color: #000000;\">Secretaria do Colegiado de P\u00f3s-gradua\u00e7\u00e3o em Comunica\u00e7\u00e3o Social<\/span><br \/>\n<span style=\"color: #000000;\"> Sala 4232 &#8211;\u00a04\u00ba andar<br \/>\nTelefone: (31) 3409 5072<br \/>\ne-mail:<\/span>\u00a0<span style=\"text-decoration: underline; color: #800000;\"><a style=\"color: #800000; text-decoration: underline;\" href=\"mailto:ppgcom@fafich.ufmg.br\" target=\"_blank\" rel=\"noopener noreferrer\">ppgcom@fafich.ufmg.br <\/a><\/span><\/p>\n","protected":false},"excerpt":{"rendered":"<p>Universidade Federal de Minas Gerais -UFMG Faculdade de Filosofia e Ci\u00eancias Humanas da UFMG &#8211; Fafich Avenida Ant\u00f4nio Carlos, 6627 Campus Pampulha Secretaria do Departamento de Comunica\u00e7\u00e3o Social Sala 4238 &#8211;\u00a04\u00ba andar Telefone: (31) 3409 5012 e-mail: dcs@fafich.ufmg.br Colegiado de Gradua\u00e7\u00e3o em Jornalismo Sala 1040 &#8211; 1\u00ba andar Telefone: (31) 3409 5096 e-mail:\u00a0 jornalismo@fafich.ufmg.br \/ [&hellip;]<\/p>\n","protected":false},"author":1,"featured_media":0,"parent":0,"menu_order":0,"comment_status":"open","ping_status":"open","template":"","meta":[],"_links":{"self":[{"href":"http:\/\/www.fafich.ufmg.br\/dcs\/index.php?rest_route=\/wp\/v2\/pages\/57"}],"collection":[{"href":"http:\/\/www.fafich.ufmg.br\/dcs\/index.php?rest_route=\/wp\/v2\/pages"}],"about":[{"href":"http:\/\/www.fafich.ufmg.br\/dcs\/index.php?rest_route=\/wp\/v2\/types\/page"}],"author":[{"embeddable":true,"href":"http:\/\/www.fafich.ufmg.br\/dcs\/index.php?rest_route=\/wp\/v2\/users\/1"}],"replies":[{"embeddable":true,"href":"http:\/\/www.fafich.ufmg.br\/dcs\/index.php?rest_route=%2Fwp%2Fv2%2Fcomments&post=57"}],"version-history":[{"count":19,"href":"http:\/\/www.fafich.ufmg.br\/dcs\/index.php?rest_route=\/wp\/v2\/pages\/57\/revisions"}],"predecessor-version":[{"id":1767,"href":"http:\/\/www.fafich.ufmg.br\/dcs\/index.php?rest_route=\/wp\/v2\/pages\/57\/revisions\/1767"}],"wp:attachment":[{"href":"http:\/\/www.fafich.ufmg.br\/dcs\/index.php?rest_route=%2Fwp%2Fv2%2Fmedia&parent=57"}],"curies":[{"name":"wp","href":"https:\/\/api.w.org\/{rel}","templated":true}]}}