{"id":73,"date":"2015-03-03T12:35:51","date_gmt":"2015-03-03T12:35:51","guid":{"rendered":"http:\/\/www.fafich.ufmg.br\/dcs\/?page_id=73"},"modified":"2023-08-23T18:56:02","modified_gmt":"2023-08-23T18:56:02","slug":"composicao","status":"publish","type":"page","link":"http:\/\/www.fafich.ufmg.br\/dcs\/?page_id=73","title":{"rendered":"Composi\u00e7\u00e3o"},"content":{"rendered":"<p><span style=\"color: #000000;\">Professora Camila Maciel Campolina Alves Mantovani &#8211; Chefe do Departamento<\/span><br \/>\n<span style=\"color: #000000;\">Professor Camilo de Oliveira Aggio &#8211; Subchefe do Departamento<br \/>\n<\/span><br \/>\n<span style=\"color: #000000;\">Professora Paula Guimar\u00e3es Sim\u00f5es &#8211; Coordenadora do Colegiado de P\u00f3s-gradua\u00e7\u00e3o em Comunica\u00e7\u00e3o Social (Titular)<br \/>\nProfessor Daniel Reis Silva &#8211; Subcoordenador do Colegiado de P\u00f3s-gradua\u00e7\u00e3o em Comunica\u00e7\u00e3o Social (Suplente)<br \/>\n<\/span><span style=\"color: #000000;\">Professor Daniel Melo Ribeiro &#8211; Coordenador do Colegiado de Gradua\u00e7\u00e3o em Comunica\u00e7\u00e3o Social (Titular)<br \/>\nProfessor N\u00edsio Ant\u00f4nio Teixeira Ferreira &#8211; Subcoordenador do Colegiado de Gradua\u00e7\u00e3o em Comunica\u00e7\u00e3o Social (Suplente)<br \/>\nProfessora Vanessa Cardozo Brand\u00e3o- Coordenadora do Colegiado de Gradua\u00e7\u00e3o em Jornalismo (Titular)<br \/>\nProfessora \u00c2ngela Cristina Salgueiro Marques &#8211; Subcoordenadora do Colegiado de Gradua\u00e7\u00e3o em Jornalismo (Suplente)<br \/>\nProfessor Pablo Moreno Fernandes Viana &#8211; Coordenador do Colegiado de Gradua\u00e7\u00e3o em Publicidade e Propaganda (Titular)<br \/>\nProfessora Ana Carolina Vimieiro &#8211; Subcoordenadora do Colegiado de Gradua\u00e7\u00e3o em Publicidade e Propaganda (Suplente)<br \/>\nProfessora Vanessa Veiga de Oliveira &#8211; Coordenadora do Colegiado de Gradua\u00e7\u00e3o em Rela\u00e7\u00f5es P\u00fablicas (Titular)<br \/>\nProfessora Val\u00e9ria de F\u00e1tima Raimundo &#8211; Subcoordenadora do Colegiado de Gradua\u00e7\u00e3o em Rela\u00e7\u00f5es P\u00fablicas (Suplente)<\/span><\/p>\n<p><span style=\"color: #000000;\">Professor Carlos Frederico de Brito d&#8217;Andr\u00e9a &#8211; representante titular dos docentes do Departamento de Comunica\u00e7\u00e3o Social<br \/>\nProfessor Bruno Souza Leal &#8211; representante suplente dos docentes do Departamento de Comunica\u00e7\u00e3o Social<\/span><\/p>\n<p><span style=\"color: #000000;\">Professor Andr\u00e9 Guimar\u00e3es Brasil &#8211; representante titular da \u00c1rea Imagem e Som do Departamento de Comunica\u00e7\u00e3o Social<br \/>\nProfessora Cl\u00e1udia Cardoso Mesquita &#8211; representante suplente da \u00c1rea Imagem e Som do Departamento de Comunica\u00e7\u00e3o Social<\/span><\/p>\n<p>Professora Regiane Lucas de Oliveira Garc\u00eaz &#8211; representante titular da \u00c1rea de Fundamentos Sociossimb\u00f3licos do Departamento de Comunica\u00e7\u00e3o Social<br \/>\n<span style=\"color: #000000;\">Professora Rousiley Celi Moreira Maia &#8211; representante suplente da \u00c1rea de Fundamentos Sociossimb\u00f3licos do Departamento de Comunica\u00e7\u00e3o Social<\/span><\/p>\n<p>L\u00facio Rodrigues de Melo &#8211; representante titular dos Servidores T\u00e9cnicos e Administrativos<br \/>\nGabriel C\u00e9sar &#8211; representante suplente dos Servidores T\u00e9cnicos e Administrativos<\/p>\n","protected":false},"excerpt":{"rendered":"<p>Professora Camila Maciel Campolina Alves Mantovani &#8211; Chefe do Departamento Professor Camilo de Oliveira Aggio &#8211; Subchefe do Departamento Professora Paula Guimar\u00e3es Sim\u00f5es &#8211; Coordenadora do Colegiado de P\u00f3s-gradua\u00e7\u00e3o em Comunica\u00e7\u00e3o Social (Titular) Professor Daniel Reis Silva &#8211; Subcoordenador do Colegiado de P\u00f3s-gradua\u00e7\u00e3o em Comunica\u00e7\u00e3o Social (Suplente) Professor Daniel Melo Ribeiro &#8211; Coordenador do Colegiado [&hellip;]<\/p>\n","protected":false},"author":1,"featured_media":0,"parent":39,"menu_order":0,"comment_status":"open","ping_status":"open","template":"","meta":[],"_links":{"self":[{"href":"http:\/\/www.fafich.ufmg.br\/dcs\/index.php?rest_route=\/wp\/v2\/pages\/73"}],"collection":[{"href":"http:\/\/www.fafich.ufmg.br\/dcs\/index.php?rest_route=\/wp\/v2\/pages"}],"about":[{"href":"http:\/\/www.fafich.ufmg.br\/dcs\/index.php?rest_route=\/wp\/v2\/types\/page"}],"author":[{"embeddable":true,"href":"http:\/\/www.fafich.ufmg.br\/dcs\/index.php?rest_route=\/wp\/v2\/users\/1"}],"replies":[{"embeddable":true,"href":"http:\/\/www.fafich.ufmg.br\/dcs\/index.php?rest_route=%2Fwp%2Fv2%2Fcomments&post=73"}],"version-history":[{"count":49,"href":"http:\/\/www.fafich.ufmg.br\/dcs\/index.php?rest_route=\/wp\/v2\/pages\/73\/revisions"}],"predecessor-version":[{"id":25099,"href":"http:\/\/www.fafich.ufmg.br\/dcs\/index.php?rest_route=\/wp\/v2\/pages\/73\/revisions\/25099"}],"up":[{"embeddable":true,"href":"http:\/\/www.fafich.ufmg.br\/dcs\/index.php?rest_route=\/wp\/v2\/pages\/39"}],"wp:attachment":[{"href":"http:\/\/www.fafich.ufmg.br\/dcs\/index.php?rest_route=%2Fwp%2Fv2%2Fmedia&parent=73"}],"curies":[{"name":"wp","href":"https:\/\/api.w.org\/{rel}","templated":true}]}}