{"id":1471,"date":"2018-01-18T09:59:26","date_gmt":"2018-01-18T11:59:26","guid":{"rendered":"http:\/\/184.107.12.153\/~pospsicologia\/?page_id=1471"},"modified":"2018-01-29T12:31:27","modified_gmt":"2018-01-29T14:31:27","slug":"seminario-de-qualificacao-de-mestrado-2014","status":"publish","type":"page","link":"http:\/\/www.fafich.ufmg.br\/pospsicologia\/mestrado\/seminarios-de-qualificacao\/seminario-de-qualificacao-de-mestrado-2014\/","title":{"rendered":"Semin\u00e1rio de Qualifica\u00e7\u00e3o de Mestrado 2014"},"content":{"rendered":"<p>[vc_row][vc_column][vc_column_text]Programa\u00e7\u00e3o em anexo.<\/p>\n<p>03 a 05 de dezembro de 2014<\/p>\n<p><strong>1)<\/strong> \u00e1rea de concentra\u00e7\u00e3o: Psicologia Social<br \/>\nMembros Externos: Leny Sato\/USP e Emerson Fernando Rasera\/UFU<br \/>\nLocal: Audit\u00f3rio Professora S\u00f4nia Viegas &#8211; Sala 1005 \u2013 FAFICH<br \/>\n03 de dezembro de 2014 de 08:30 \u00e0s 16:45<br \/>\n04 de dezembro de 2014 de 08:30 \u00e0s 17:45<\/p>\n<p><strong>2)<\/strong> \u00e1rea de concentra\u00e7\u00e3o: Desenvolvimento Humano<br \/>\nMembros Externos: Maria Stella de Alc\u00e2ntara Gil\/UFSCAR e Joaquim Carlos Rossini\/UFU<br \/>\nLocal: Audit\u00f3rio Professor Baesse &#8211; Sala 4059 &#8211; Fafich<br \/>\n03 de dezembro de 2014 de 08:30 \u00e0s 18:45<\/p>\n<p><strong>3)<\/strong> \u00e1rea de concentra\u00e7\u00e3o: Estudos Psicanal\u00edticos<br \/>\nMembros externos: Cristina Moreira Marcos\/PUC-MG e Paulo Eduardo Viana Vidal\/UFF<br \/>\nLocal: Audit\u00f3rio Professor Bicalho &#8211; sala 1003 &#8211; FAFICH<br \/>\n03 de dezembro de 2014 de 08:30 \u00e0s 17:45<br \/>\n04 de dezembro de 2014 de 08:30 \u00e0s 17:45<br \/>\n05 de dezembro de 2014 de 08:30 \u00e0s 17:45[\/vc_column_text][vc_empty_space height=&#8221;60px&#8221;][\/vc_column][\/vc_row]<\/p>\n","protected":false},"excerpt":{"rendered":"<p>[vc_row][vc_column][vc_column_text]Programa\u00e7\u00e3o em anexo. 03 a 05 de dezembro de 2014 1) \u00e1rea de concentra\u00e7\u00e3o: Psicologia Social Membros Externos: Leny Sato\/USP e Emerson Fernando Rasera\/UFU Local: Audit\u00f3rio Professora S\u00f4nia Viegas &#8211; Sala 1005 \u2013 FAFICH 03 de dezembro de 2014 de 08:30 \u00e0s 16:45 04 de dezembro de 2014 de 08:30 \u00e0s 17:45 2) \u00e1rea de<\/p>\n","protected":false},"author":1,"featured_media":0,"parent":1403,"menu_order":0,"comment_status":"closed","ping_status":"closed","template":"","meta":{"footnotes":""},"_links":{"self":[{"href":"http:\/\/www.fafich.ufmg.br\/pospsicologia\/wp-json\/wp\/v2\/pages\/1471"}],"collection":[{"href":"http:\/\/www.fafich.ufmg.br\/pospsicologia\/wp-json\/wp\/v2\/pages"}],"about":[{"href":"http:\/\/www.fafich.ufmg.br\/pospsicologia\/wp-json\/wp\/v2\/types\/page"}],"author":[{"embeddable":true,"href":"http:\/\/www.fafich.ufmg.br\/pospsicologia\/wp-json\/wp\/v2\/users\/1"}],"replies":[{"embeddable":true,"href":"http:\/\/www.fafich.ufmg.br\/pospsicologia\/wp-json\/wp\/v2\/comments?post=1471"}],"version-history":[{"count":3,"href":"http:\/\/www.fafich.ufmg.br\/pospsicologia\/wp-json\/wp\/v2\/pages\/1471\/revisions"}],"predecessor-version":[{"id":1720,"href":"http:\/\/www.fafich.ufmg.br\/pospsicologia\/wp-json\/wp\/v2\/pages\/1471\/revisions\/1720"}],"up":[{"embeddable":true,"href":"http:\/\/www.fafich.ufmg.br\/pospsicologia\/wp-json\/wp\/v2\/pages\/1403"}],"wp:attachment":[{"href":"http:\/\/www.fafich.ufmg.br\/pospsicologia\/wp-json\/wp\/v2\/media?parent=1471"}],"curies":[{"name":"wp","href":"https:\/\/api.w.org\/{rel}","templated":true}]}}