{"id":3244,"date":"2020-01-17T09:43:06","date_gmt":"2020-01-17T12:43:06","guid":{"rendered":"http:\/\/www.fafich.ufmg.br\/pospsicologia\/?page_id=3244"},"modified":"2022-05-12T18:26:10","modified_gmt":"2022-05-12T21:26:10","slug":"informacoes-sobre-o-registro-academico","status":"publish","type":"page","link":"http:\/\/www.fafich.ufmg.br\/pospsicologia\/informacoes-sobre-o-registro-academico\/","title":{"rendered":"Informa\u00e7\u00f5es sobre o registro acad\u00eamico"},"content":{"rendered":"<h3>Em anexo, informa\u00e7\u00f5es sobre o Registro Acad\u00eamico a ser realizado pelas pessoas aprovadas no Processo Seletivo Mestrado e Doutorado.<\/h3>\n<h3>A documenta\u00e7\u00e3o para Registro Acad\u00eamico\u00a0 pode ser consultada em:\u00a0<span style=\"color: #0000ff;\"><a style=\"color: #0000ff;\" href=\"https:\/\/www2.ufmg.br\/drca\/drca\/Home\/Pos-Graduacao\/Registro-Academico\/4.-Documentacao\">https:\/\/www2.ufmg.br\/drca\/drca\/Home\/Pos-Graduacao\/Registro-Academico\/4.-Documentacao<\/a><\/span><\/h3>\n<h3>Problemas no acesso ao sistema de Matr\u00edcula, ou Minha UFMG, entre em contato a DTI (Diretoria de Tecnologia da Informa\u00e7\u00e3o).<\/h3>\n<h3><strong>Canais de presta\u00e7\u00e3o do servi\u00e7o DTI:\u00a0\u00a0<\/strong><\/h3>\n<h3>(31)3409-4009 ou\u00a0<span id=\"cloak10981\"><a href=\"mailto:suporte@dti.ufmg.br\">suporte@dti.ufmg.br<\/a><\/span><\/h3>\n","protected":false},"excerpt":{"rendered":"<p>Em anexo, informa\u00e7\u00f5es sobre o Registro Acad\u00eamico a ser realizado pelas pessoas aprovadas no Processo Seletivo Mestrado e Doutorado. A documenta\u00e7\u00e3o para Registro Acad\u00eamico\u00a0 pode ser consultada em:\u00a0https:\/\/www2.ufmg.br\/drca\/drca\/Home\/Pos-Graduacao\/Registro-Academico\/4.-Documentacao Problemas no acesso ao sistema de Matr\u00edcula, ou Minha UFMG, entre em contato a DTI (Diretoria de Tecnologia da Informa\u00e7\u00e3o). Canais de presta\u00e7\u00e3o do servi\u00e7o DTI:\u00a0\u00a0 (31)3409-4009<\/p>\n","protected":false},"author":2,"featured_media":0,"parent":0,"menu_order":0,"comment_status":"closed","ping_status":"closed","template":"","meta":{"footnotes":""},"_links":{"self":[{"href":"http:\/\/www.fafich.ufmg.br\/pospsicologia\/wp-json\/wp\/v2\/pages\/3244"}],"collection":[{"href":"http:\/\/www.fafich.ufmg.br\/pospsicologia\/wp-json\/wp\/v2\/pages"}],"about":[{"href":"http:\/\/www.fafich.ufmg.br\/pospsicologia\/wp-json\/wp\/v2\/types\/page"}],"author":[{"embeddable":true,"href":"http:\/\/www.fafich.ufmg.br\/pospsicologia\/wp-json\/wp\/v2\/users\/2"}],"replies":[{"embeddable":true,"href":"http:\/\/www.fafich.ufmg.br\/pospsicologia\/wp-json\/wp\/v2\/comments?post=3244"}],"version-history":[{"count":11,"href":"http:\/\/www.fafich.ufmg.br\/pospsicologia\/wp-json\/wp\/v2\/pages\/3244\/revisions"}],"predecessor-version":[{"id":4121,"href":"http:\/\/www.fafich.ufmg.br\/pospsicologia\/wp-json\/wp\/v2\/pages\/3244\/revisions\/4121"}],"wp:attachment":[{"href":"http:\/\/www.fafich.ufmg.br\/pospsicologia\/wp-json\/wp\/v2\/media?parent=3244"}],"curies":[{"name":"wp","href":"https:\/\/api.w.org\/{rel}","templated":true}]}}