{"id":176,"date":"2025-04-25T09:37:31","date_gmt":"2025-04-25T12:37:31","guid":{"rendered":"https:\/\/athena.fafich.ufmg.br\/biblioteca\/?page_id=176"},"modified":"2025-12-12T16:15:10","modified_gmt":"2025-12-12T19:15:10","slug":"pagina-inicial","status":"publish","type":"page","link":"https:\/\/www.fafich.ufmg.br\/biblioteca\/","title":{"rendered":"P\u00e1gina inicial"},"content":{"rendered":"\n<h2><strong>Solicita\u00e7\u00e3o de nada-consta<\/strong><\/h2>\n\n\n\n<p><\/p>\n\n\n\n<p><strong>O nada-consta deve ser solicitado na biblioteca da unidade de origem do seu curso<\/strong>. <\/p\n\n\n\n<p>Para a comunidade FAFICH, a solicita\u00e7\u00e3o de nada-consta \u00e9 feita atrav\u00e9s do encaminhamento de uma mensagem atrav\u00e9s de e-mail para: referenciabiblioteca@fafich.ufmg.br,  ou atrav\u00e9s da op\u00e7\u00e3o  &#8220;contato&#8221; na barra de menu acima .  Os passos s\u00e3o os seguintes:<\/p>\n\n\n\n<p>V\u00e1 para a guia &#8220;contato&#8217; na barra de menu acima;<\/p>\n\n\n\n<p>Preencha os campos nome e e-mail;<\/p>\n\n\n\n<p>Selecione &#8220;Empr\u00e9stimos e refer\u00eancia&#8221; no campo &#8220;Setor para o qual deseja encaminhar sua mensagem&#8221;;<\/p>\n\n\n\n<p>No campo mensagem, escreva a frase &#8220;Solicita\u00e7\u00e3o de nada-consta&#8221; seguida do seu n\u00famero de matr\u00edcula.<\/p>\n\n\n\n<p>Os dados ser\u00e3o verificados e, n\u00e3o havendo pend\u00eancias, o nada-consta lhe ser\u00e1 enviado em at\u00e9 dois dias \u00fateis.<\/p>\n\n\n\n<p><\/p>\n","protected":false},"excerpt":{"rendered":"<p>Solicita\u00e7\u00e3o de nada-consta O nada-consta deve ser solicitado na biblioteca da unidade de origem do seu curso.<\/p>\n","protected":false},"author":1,"featured_media":0,"parent":0,"menu_order":0,"comment_status":"closed","ping_status":"closed","template":"","meta":[],"_links":{"self":[{"href":"https:\/\/www.fafich.ufmg.br\/biblioteca\/index.php?rest_route=\/wp\/v2\/pages\/176"}],"collection":[{"href":"https:\/\/www.fafich.ufmg.br\/biblioteca\/index.php?rest_route=\/wp\/v2\/pages"}],"about":[{"href":"https:\/\/www.fafich.ufmg.br\/biblioteca\/index.php?rest_route=\/wp\/v2\/types\/page"}],"author":[{"embeddable":true,"href":"https:\/\/www.fafich.ufmg.br\/biblioteca\/index.php?rest_route=\/wp\/v2\/users\/1"}],"replies":[{"embeddable":true,"href":"https:\/\/www.fafich.ufmg.br\/biblioteca\/index.php?rest_route=%2Fwp%2Fv2%2Fcomments&post=176"}],"version-history":[{"count":45,"href":"https:\/\/www.fafich.ufmg.br\/biblioteca\/index.php?rest_route=\/wp\/v2\/pages\/176\/revisions"}],"predecessor-version":[{"id":452,"href":"https:\/\/www.fafich.ufmg.br\/biblioteca\/index.php?rest_route=\/wp\/v2\/pages\/176\/revisions\/452"}],"wp:attachment":[{"href":"https:\/\/www.fafich.ufmg.br\/biblioteca\/index.php?rest_route=%2Fwp%2Fv2%2Fmedia&parent=176"}],"curies":[{"name":"wp","href":"https:\/\/api.w.org\/{rel}","templated":true}]}}