{"id":9,"date":"2022-10-30T00:32:07","date_gmt":"2022-10-30T03:32:07","guid":{"rendered":"http:\/\/localhost\/?page_id=9"},"modified":"2022-11-05T16:32:27","modified_gmt":"2022-11-05T19:32:27","slug":"historia","status":"publish","type":"page","link":"https:\/\/www.fafich.ufmg.br\/cem\/historia\/","title":{"rendered":"Hist\u00f3ria"},"content":{"rendered":"\n<p>O Centro de Estudos Mineiros foi criado em 11 de mar\u00e7o de 1963, como um \u00f3rg\u00e3o de pesquisa sobre a hist\u00f3ria de Minas Gerais, vinculado \u00e0 Universidade Federal de Minas Gerais. Sua atividade, nos primeiros anos, voltou-se para a publica\u00e7\u00e3o de monografias e reedi\u00e7\u00f5es de obras valiosas sobre Minas Gerais, e para o levantamento sistem\u00e1tico da bibliografia e da documenta\u00e7\u00e3o sobre Minas Gerais.<\/p>\n\n\n\n<p>O Centro publicou obras importantes, como o livro de Fritz Teixeira de Sales, Associa\u00e7\u00f5es Religiosas no Ciclo do Ouro, em 1963, Os D\u00edzimos Eclesi\u00e1sticos do Brasil, de Oscar de Oliveira, em 1964, entre outros. Desde a sua cria\u00e7\u00e3o, o Centro de Estudos Mineiros promove o Semin\u00e1rio de Estudos Mineiros, cujo d\u00e9cima segunda edi\u00e7\u00e3o aconteceu em 2019, com a posterior publica\u00e7\u00e3o dos respectivos anais.<\/p>\n\n\n\n<p>A institucionaliza\u00e7\u00e3o do Centro de Estudos Mineiros foi alcan\u00e7ada por meio da Resolu\u00e7\u00e3o n.7\/67 de 30 de junho de 1967. A necessidade de adapta\u00e7\u00e3o de estrutura do Centro aos Decretos Leis 53 de 18\/11\/1966 e 252de 28\/02\/1967 referentes \u00e0 reforma universit\u00e1ria e as considera\u00e7\u00f5es referentes aos trabalhos j\u00e1 efetivamente realizados, al\u00e9m da necessidade de dar ao \u00f3rg\u00e3o exist\u00eancia legal, foram determinantes para que o Conselho Universit\u00e1rio criasse o Centro de Estudos Mineiros como \u00f3rg\u00e3o suplementar de natureza cultural, encarregado de estudar e pesquisar sobre a regi\u00e3o de Minas Gerais. Numa segunda fase, o Centro intensificou o interesse por pesquisas relativas a estudos hist\u00f3ricos sobre Minas Gerais em diversas \u00e1reas de conhecimento, em particular permaneceu o interesse principal de se fazer um inqu\u00e9rito sobre as condi\u00e7\u00f5es dos arquivos, museus, patrim\u00f4nio hist\u00f3rico e art\u00edstico em todo o Estado de Minas. Vinculado \u00e0 FAFICH, por for\u00e7a do disposto no item II do artigo 76 do Estatuto da Universidade, o Centro se encontra sediado nessa faculdade desde 1974. Em 1976, o enfoque principal do CEM passou a ser a realiza\u00e7\u00e3o de pesquisas orientadas para a elabora\u00e7\u00e3o de obras de refer\u00eancia de cunho hist\u00f3rico, dando continuidade tamb\u00e9m aos Semin\u00e1rios de Estudos Mineiros.<\/p>\n\n\n\n<p>O CEM \u00e9 dirigido por um Conselho Diretor, composto de seis membros indicados por cada um dos departamentos que comp\u00f5em a FAFICH, e mais um representante dos estudantes, cabendo ao diretor papel essencialmente executivo. Atualmente, o CEM ocupa duas salas espa\u00e7osas no terceiro andar da FAFICH, nas quais est\u00e1 sediada uma biblioteca com um acervo de mais 2 mil livros sobre Minas Gerais, dentre os quais obras raras e esgotadas. Por\u00e9m, o principal acervo do CEM \u00e9 constitu\u00eddo por bancos de dados doados por pesquisadores e historiadores, especialistas na hist\u00f3ria de Minas Gerais, como os professores Douglas Cole Libby, Adalgisa Arantes Campos, Beatriz Ricardina de Magalh\u00e3es, Virginia Valadares e Tarc\u00edsio Rodrigues Botelho. A import\u00e2ncia desses bancos de dados se deve ao fato de que re\u00fanem a documenta\u00e7\u00e3o<\/p>\n\n\n\n<p>prim\u00e1ria levantada, catalogada e processada, por estagi\u00e1rios e bolsistas, sob a supervis\u00e3o dos referidos pesquisadores. A consulta a esse material \u00e9 feita pessoalmente nos computadores instalados no CEM. O CEM tamb\u00e9m abriga milhares de planilhas manuscritas respons\u00e1veis por alimentar esses bancos de dados, estando tamb\u00e9m \u00e0 disposi\u00e7\u00e3o dos pesquisados e interessados em geral.<\/p>\n","protected":false},"excerpt":{"rendered":"<p>O Centro de Estudos Mineiros foi criado em 11 de mar\u00e7o de 1963, como um \u00f3rg\u00e3o de pesquisa sobre a hist\u00f3ria de Minas Gerais, vinculado \u00e0 Universidade Federal de Minas Gerais. Sua atividade, nos primeiros anos, voltou-se para a publica\u00e7\u00e3o de monografias e reedi\u00e7\u00f5es de obras valiosas sobre Minas Gerais, e para o levantamento sistem\u00e1tico &#8230; <a title=\"Hist\u00f3ria\" class=\"read-more\" href=\"https:\/\/www.fafich.ufmg.br\/cem\/historia\/\" aria-label=\"More on Hist\u00f3ria\">Ler mais<\/a><\/p>\n","protected":false},"author":1,"featured_media":0,"parent":0,"menu_order":0,"comment_status":"closed","ping_status":"closed","template":"","meta":{"ub_ctt_via":""},"featured_image_src":null,"_links":{"self":[{"href":"https:\/\/www.fafich.ufmg.br\/cem\/wp-json\/wp\/v2\/pages\/9"}],"collection":[{"href":"https:\/\/www.fafich.ufmg.br\/cem\/wp-json\/wp\/v2\/pages"}],"about":[{"href":"https:\/\/www.fafich.ufmg.br\/cem\/wp-json\/wp\/v2\/types\/page"}],"author":[{"embeddable":true,"href":"https:\/\/www.fafich.ufmg.br\/cem\/wp-json\/wp\/v2\/users\/1"}],"replies":[{"embeddable":true,"href":"https:\/\/www.fafich.ufmg.br\/cem\/wp-json\/wp\/v2\/comments?post=9"}],"version-history":[{"count":2,"href":"https:\/\/www.fafich.ufmg.br\/cem\/wp-json\/wp\/v2\/pages\/9\/revisions"}],"predecessor-version":[{"id":84,"href":"https:\/\/www.fafich.ufmg.br\/cem\/wp-json\/wp\/v2\/pages\/9\/revisions\/84"}],"wp:attachment":[{"href":"https:\/\/www.fafich.ufmg.br\/cem\/wp-json\/wp\/v2\/media?parent=9"}],"curies":[{"name":"wp","href":"https:\/\/api.w.org\/{rel}","templated":true}]}}