{"id":111,"date":"2024-08-02T12:26:15","date_gmt":"2024-08-02T15:26:15","guid":{"rendered":"http:\/\/localhost\/incubadora\/institucional\/?page_id=111"},"modified":"2025-08-08T07:27:18","modified_gmt":"2025-08-08T10:27:18","slug":"contato","status":"publish","type":"page","link":"https:\/\/www.fafich.ufmg.br\/cich\/?page_id=111","title":{"rendered":"Equipe e contato"},"content":{"rendered":"\n<p><strong>Coordena\u00e7\u00e3o:<\/strong> Prof. Eduardo Meira Zauli<br><strong>Secretaria:<\/strong> Cristiane Resende Assun\u00e7\u00e3o Ventura<\/p>\n\n\n\n<p><strong>E-mail para informa\u00e7\u00f5es e\/ou solicita\u00e7\u00f5es:<\/strong> cich@fafich.ufmg.br<br><strong>Telefone de atendimento:<\/strong> +55 31 3409-5057<\/p>\n","protected":false},"excerpt":{"rendered":"<p>Coordena\u00e7\u00e3o: Prof. Eduardo Meira ZauliSecretaria: Cristiane Resende Assun\u00e7\u00e3o Ventura E-mail para informa\u00e7\u00f5es e\/ou solicita\u00e7\u00f5es: cich@fafich.ufmg.brTelefone de atendimento: +55 31 3409-5057<\/p>\n","protected":false},"author":1,"featured_media":0,"parent":0,"menu_order":0,"comment_status":"closed","ping_status":"closed","template":"","meta":{"_acf_changed":false,"footnotes":""},"class_list":["post-111","page","type-page","status-publish","hentry"],"acf":[],"meta_box":[],"_links":{"self":[{"href":"https:\/\/www.fafich.ufmg.br\/cich\/index.php?rest_route=\/wp\/v2\/pages\/111","targetHints":{"allow":["GET"]}}],"collection":[{"href":"https:\/\/www.fafich.ufmg.br\/cich\/index.php?rest_route=\/wp\/v2\/pages"}],"about":[{"href":"https:\/\/www.fafich.ufmg.br\/cich\/index.php?rest_route=\/wp\/v2\/types\/page"}],"author":[{"embeddable":true,"href":"https:\/\/www.fafich.ufmg.br\/cich\/index.php?rest_route=\/wp\/v2\/users\/1"}],"replies":[{"embeddable":true,"href":"https:\/\/www.fafich.ufmg.br\/cich\/index.php?rest_route=%2Fwp%2Fv2%2Fcomments&post=111"}],"version-history":[{"count":2,"href":"https:\/\/www.fafich.ufmg.br\/cich\/index.php?rest_route=\/wp\/v2\/pages\/111\/revisions"}],"predecessor-version":[{"id":1315,"href":"https:\/\/www.fafich.ufmg.br\/cich\/index.php?rest_route=\/wp\/v2\/pages\/111\/revisions\/1315"}],"wp:attachment":[{"href":"https:\/\/www.fafich.ufmg.br\/cich\/index.php?rest_route=%2Fwp%2Fv2%2Fmedia&parent=111"}],"curies":[{"name":"wp","href":"https:\/\/api.w.org\/{rel}","templated":true}]}}