{"id":180,"date":"2024-11-01T17:21:02","date_gmt":"2024-11-01T20:21:02","guid":{"rendered":"https:\/\/servweb.fafich.ufmg.br\/cich\/?page_id=180"},"modified":"2026-02-27T15:30:02","modified_gmt":"2026-02-27T18:30:02","slug":"disciplinas-ofertadas","status":"publish","type":"page","link":"https:\/\/www.fafich.ufmg.br\/cich\/?page_id=180","title":{"rendered":"Ementas de disciplinas"},"content":{"rendered":"\n<h2 class=\"wp-block-heading has-medium-font-size\">Primeiro semestre de 2026<\/h2>\n\n\n\n<div style=\"height:25px\" aria-hidden=\"true\" class=\"wp-block-spacer\"><\/div>\n\n\n\n<p>\u2757 As ementas de disciplinas do primeiro semestre de 2026 est\u00e3o em processo de elabora\u00e7\u00e3o. <\/p>\n\n\n\n<p>      Elas estar\u00e3o dispon\u00edveis em breve, nesta mesma p\u00e1gina.<\/p>\n\n\n\n<p><\/p>\n","protected":false},"excerpt":{"rendered":"<p>Primeiro semestre de 2026 \u2757 As ementas de disciplinas do primeiro semestre de 2026 est\u00e3o em processo de elabora\u00e7\u00e3o. Elas estar\u00e3o dispon\u00edveis em breve, nesta mesma p\u00e1gina.<\/p>\n","protected":false},"author":2,"featured_media":0,"parent":0,"menu_order":0,"comment_status":"closed","ping_status":"closed","template":"","meta":{"_acf_changed":false,"footnotes":""},"class_list":["post-180","page","type-page","status-publish","hentry"],"acf":[],"meta_box":[],"_links":{"self":[{"href":"https:\/\/www.fafich.ufmg.br\/cich\/index.php?rest_route=\/wp\/v2\/pages\/180","targetHints":{"allow":["GET"]}}],"collection":[{"href":"https:\/\/www.fafich.ufmg.br\/cich\/index.php?rest_route=\/wp\/v2\/pages"}],"about":[{"href":"https:\/\/www.fafich.ufmg.br\/cich\/index.php?rest_route=\/wp\/v2\/types\/page"}],"author":[{"embeddable":true,"href":"https:\/\/www.fafich.ufmg.br\/cich\/index.php?rest_route=\/wp\/v2\/users\/2"}],"replies":[{"embeddable":true,"href":"https:\/\/www.fafich.ufmg.br\/cich\/index.php?rest_route=%2Fwp%2Fv2%2Fcomments&post=180"}],"version-history":[{"count":4,"href":"https:\/\/www.fafich.ufmg.br\/cich\/index.php?rest_route=\/wp\/v2\/pages\/180\/revisions"}],"predecessor-version":[{"id":1320,"href":"https:\/\/www.fafich.ufmg.br\/cich\/index.php?rest_route=\/wp\/v2\/pages\/180\/revisions\/1320"}],"wp:attachment":[{"href":"https:\/\/www.fafich.ufmg.br\/cich\/index.php?rest_route=%2Fwp%2Fv2%2Fmedia&parent=180"}],"curies":[{"name":"wp","href":"https:\/\/api.w.org\/{rel}","templated":true}]}}