{"id":1396,"date":"2019-09-02T13:04:13","date_gmt":"2019-09-02T16:04:13","guid":{"rendered":"http:\/\/www.fafich.ufmg.br\/colcs\/?page_id=1396"},"modified":"2024-04-25T09:38:34","modified_gmt":"2024-04-25T12:38:34","slug":"cacs","status":"publish","type":"page","link":"https:\/\/www.fafich.ufmg.br\/colcs\/cacs\/","title":{"rendered":"CACS"},"content":{"rendered":"<p><strong>CENTRO ACAD\u00caMICO DE CI\u00caNCIAS SOCIAIS &#8211; CACS<\/strong><\/p>\n<p>O Centro Acad\u00eamico de Ci\u00eancias Sociais (CACS) da Universidade Federal de Minas Gerais \u00e9 o \u00f3rg\u00e3o de representa\u00e7\u00e3o estudantil dos alunos desse curso. \u00c9 um dos mais ativos \u00f3rg\u00e3os estudantis da UFMG.<\/p>\n<p>Durante suas d\u00e9cadas de exist\u00eancia, o CACS sempre primou pelas demandas dos alunos do curso, como as Semanas de Ci\u00eancias Sociais e demais eventos e semin\u00e1rios realizados na FAFICH. Dois grandes projetos do centro acad\u00eamico, que ganham cada vez mais respaldo perante a comunidade acad\u00eamica, s\u00e3o o Projeto de L\u00ednguas, criado em 1999, que oferece cursos de ingl\u00eas, franc\u00eas e espanhol a baixo custo para toda a universidade e a Revista Acad\u00eamica Tr\u00eas Pontos, que teve seu primeiro exemplar lan\u00e7ado no primeiro semestre de 2004 e recebe, cada vez mais, o apoio da comunidade cient\u00edfica com o interesse na \u00e1rea.<\/p>\n<p>Atualmente o CACS est\u00e1 em processo de elei\u00e7\u00e3o de uma nova gest\u00e3o<\/p>\n<p>E-mail: <u><a href=\"mailto:gestao@cacs.org.br\">gestao@cacs.org.br<\/a><\/u><\/p>\n<p>Site:<u>\u00a0<a href=\"https:\/\/cacs.org.br\">cacs.org.br<\/a><\/u><\/p>\n<p>Facebook: <u><a href=\"https:\/\/www.facebook.com\/CACSufmg\/\">CACSufmg<\/a><\/u><\/p>\n<p>Instagram: <a href=\"https:\/\/www.instagram.com\/cacsufmg\">@CACSufmg<\/a><\/p>\n<hr \/>\n<p><strong>PROJETO DE L\u00cdNGUAS<\/strong><\/p>\n<p>Criado em 1999 com o objetivo de oferecer o ensino de Ingl\u00eas, Franc\u00eas e Espanhol \u00e0 comunidade acad\u00eamica universit\u00e1ria a baixo custo, o Projeto de Ensino de L\u00ednguas Estrangeiras \u00e9 uma atividade do Centro Acad\u00eamico de Ci\u00eancias Sociais, \u00f3rg\u00e3o representativo dos estudantes de Ci\u00eancias Sociais na UFMG. O CACS realiza e apoia diversas atividades acad\u00eamicas e culturais na FAFICH e na Universidade.<\/p>\n<p>O CACS L\u00ednguas oferece bolsas de estudo para alunos dos cursos de Ci\u00eancias Sociais e demais cursos da FAFICH, conforme classifica\u00e7\u00e3o do estudante na FUMP e tamb\u00e9m para t\u00e9cnicos-administrativos da FAFICH.<\/p>\n<p>Para maiores informa\u00e7\u00f5es:<\/p>\n<p>Sites: <u><a href=\"https:\/\/cacs.org.br\/linguas\/\">cacs.org.br\/linguas<\/a><\/u> e <u><a href=\"https:\/\/www.cacslinguas.com.br\/\">www.cacslinguas.com.br\/<\/a><\/u><\/p>\n<p>Facebook: <u><a href=\"https:\/\/pt-br.facebook.com\/cacslinguas\/\">CACSlinguas<\/a><\/u><\/p>\n<p>Instagram: <a href=\"https:\/\/www.instagram.com\/cacs_linguas\/\">@CACS_linguas<\/a><\/p>\n<hr \/>\n<p><strong>REVISTA TR\u00caS [&#8230;] PONTOS<\/strong><\/p>\n<p>A Revista Tr\u00eas [&#8230;] Pontos \u00e9 um peri\u00f3dico de publica\u00e7\u00e3o semestral editado pelo Centro Acad\u00eamico de Ci\u00eancias Sociais da UFMG. Destinada a estimular a produ\u00e7\u00e3o de artigos, resenhas e trabalhos cient\u00edficos entre GRADUANDOS.<\/p>\n<p>O peri\u00f3dico que visa sempre a qualidade e a originalidade de todos os trabalhos publicados passam pelo crivo de professores pareceristas designados pela Comiss\u00e3o Editorial de sua revista.<\/p>\n<p>Buscando sempre se apresentar como ampla e plural no que diz respeito a suas posi\u00e7\u00f5es cient\u00edficas e pol\u00edtico-ideol\u00f3gicas, a Revista Tr\u00eas [&#8230;] Pontos abre espa\u00e7o para publica\u00e7\u00f5es de alunos de qualquer institui\u00e7\u00e3o universit\u00e1ria do Brasil, inclusive advindas de outros cursos, reiterando a import\u00e2ncia de diversas perspectivas sobre temas que s\u00e3o compartilhados tamb\u00e9m por outras \u00e1reas do conhecimento.<\/p>\n<p>Para maiores informa\u00e7\u00f5es:<\/p>\n<p>E-mail: <a href=\"mailto:revistatrespontos@gmail.com\">revistatrespontos@gmail.com<\/a><\/p>\n<p>Site: <a href=\"https:\/\/periodicos.ufmg.br\/index.php\/revistatrespontos\/\">periodicos.ufmg.br\/index.php\/revistatrespontos\/<\/a><\/p>\n<p>Facebook:<u><a href=\"https:\/\/pt-br.facebook.com\/pg\/RevistaTresPontos\">RevistaTresPontos<\/a><\/u><\/p>\n<p>Instagram: <a href=\"https:\/\/www.instagram.com\/revistatrespontos\/\">@revistatrespontos<\/a><\/p>\n<p>&nbsp;<\/p>\n<hr \/>\n<p><strong>MEIOS<\/strong><\/p>\n<p>A Meios \u2013 Empresa Junior de Ci\u00eancias Sociais \u2013 foi criada em 2006 por alunos e alunas de gradua\u00e7\u00e3o do curso de Ci\u00eancias Sociais da Universidade Federal de Minas Gerais. Sem fins lucrativos e com fins educacionais, constitu\u00edda exclusivamente por alunos do curso, a Meios J\u00fanior desenvolve projetos integrando diferentes \u00e1reas do conhecimento das Ci\u00eancias Sociais utilizando metodologias quantitativas e qualitativas para atender demandas de empresas privadas, entidades acad\u00eamicas, governo e sociedade civil em geral. Trabalhamos de forma a adequar nossos conhecimentos aos contextos e prop\u00f3sitos de cada cliente sob a supervis\u00e3o de professores especializados, garantindo um trabalho de qualidade.<\/p>\n<p>Para maiores informa\u00e7\u00f5es:<\/p>\n<p>E-mail: <a href=\"mailto:contato@meiosjr.com\">mailto:contato@meiosjr.com<\/a><\/p>\n<p>Site: <u><a href=\"https:\/\/meiosjr.com\/\">meiosjr.com<\/a><\/u><\/p>\n<p>Facebook: <u><a href=\"https:\/\/www.facebook.com\/meiosjr\">meiosjr<\/a><\/u><u><\/u><\/p>\n<p>Instagram: <a href=\"https:\/\/www.instagram.com\/meiosjr\/\">@meiosjr<\/a><\/p>\n","protected":false},"excerpt":{"rendered":"<p>CENTRO ACAD\u00caMICO DE CI\u00caNCIAS SOCIAIS &#8211; CACS O Centro Acad\u00eamico de Ci\u00eancias Sociais (CACS) da Universidade Federal de Minas Gerais \u00e9 o \u00f3rg\u00e3o de representa\u00e7\u00e3o estudantil dos alunos desse curso. \u00c9 um dos mais ativos \u00f3rg\u00e3os estudantis da UFMG. Durante suas d\u00e9cadas de exist\u00eancia, o CACS sempre primou pelas demandas dos alunos do curso, como [&hellip;]<\/p>\n","protected":false},"author":1,"featured_media":0,"parent":0,"menu_order":0,"comment_status":"closed","ping_status":"closed","template":"","meta":[],"_links":{"self":[{"href":"https:\/\/www.fafich.ufmg.br\/colcs\/wp-json\/wp\/v2\/pages\/1396"}],"collection":[{"href":"https:\/\/www.fafich.ufmg.br\/colcs\/wp-json\/wp\/v2\/pages"}],"about":[{"href":"https:\/\/www.fafich.ufmg.br\/colcs\/wp-json\/wp\/v2\/types\/page"}],"author":[{"embeddable":true,"href":"https:\/\/www.fafich.ufmg.br\/colcs\/wp-json\/wp\/v2\/users\/1"}],"replies":[{"embeddable":true,"href":"https:\/\/www.fafich.ufmg.br\/colcs\/wp-json\/wp\/v2\/comments?post=1396"}],"version-history":[{"count":6,"href":"https:\/\/www.fafich.ufmg.br\/colcs\/wp-json\/wp\/v2\/pages\/1396\/revisions"}],"predecessor-version":[{"id":1962,"href":"https:\/\/www.fafich.ufmg.br\/colcs\/wp-json\/wp\/v2\/pages\/1396\/revisions\/1962"}],"wp:attachment":[{"href":"https:\/\/www.fafich.ufmg.br\/colcs\/wp-json\/wp\/v2\/media?parent=1396"}],"curies":[{"name":"wp","href":"https:\/\/api.w.org\/{rel}","templated":true}]}}