{"id":1634,"date":"2020-02-17T08:31:19","date_gmt":"2020-02-17T11:31:19","guid":{"rendered":"http:\/\/www.fafich.ufmg.br\/colcs\/?page_id=1634"},"modified":"2025-12-03T08:34:33","modified_gmt":"2025-12-03T11:34:33","slug":"revisao-de-desligamento","status":"publish","type":"page","link":"https:\/\/www.fafich.ufmg.br\/colcs\/revisao-de-desligamento\/","title":{"rendered":"Revis\u00e3o de Desligamento"},"content":{"rendered":"<p>Existem casos em que os alunos podem ser desligados automaticamente da UFMG. Os crit\u00e9rios est\u00e3o definidos pelas <a href=\"https:\/\/ufmg.br\/vida-academica\/regras-academicas\">Regras Acad\u00eamicas<\/a> da universidade.<\/p>\n<p>Alunos que foram desligados podem solicitar uma revis\u00e3o de desligamento, utilizando a plataforma SIGA, seguindo o roteiro disponibilizado pelo <a href=\"https:\/\/www2.ufmg.br\/drca\/drca\/Home\/Acontece\/Informativo-Requerimento-Online-de-Revisao-de-Desligamento-e-de-Transformacao-de-Matricula-Regular-em-Matricula-Isolada-para-Estudantes-de-Graduacao\">Departamento de Registro e Controle Acad\u00eamico (DRCA)<\/a>, preenchendo o <a href=\"https:\/\/drive.google.com\/file\/d\/1eZk0hndjPcHheiCbvkjDp4ZhwWrioI2c\/view?usp=sharing\">formul\u00e1rio<\/a> apropriadamente e anexando todos os documentos comprobat\u00f3rios poss\u00edveis como um arquivo s\u00f3 de formato pdf.<\/p>\n<p>&nbsp;<\/p>\n<p>&nbsp;<\/p>\n","protected":false},"excerpt":{"rendered":"<p>Existem casos em que os alunos podem ser desligados automaticamente da UFMG. Os crit\u00e9rios est\u00e3o definidos pelas Regras Acad\u00eamicas da universidade. Alunos que foram desligados podem solicitar uma revis\u00e3o de desligamento, utilizando a plataforma SIGA, seguindo o roteiro disponibilizado pelo Departamento de Registro e Controle Acad\u00eamico (DRCA), preenchendo o formul\u00e1rio apropriadamente e anexando todos os [&hellip;]<\/p>\n","protected":false},"author":1,"featured_media":0,"parent":0,"menu_order":0,"comment_status":"closed","ping_status":"closed","template":"","meta":[],"_links":{"self":[{"href":"https:\/\/www.fafich.ufmg.br\/colcs\/wp-json\/wp\/v2\/pages\/1634"}],"collection":[{"href":"https:\/\/www.fafich.ufmg.br\/colcs\/wp-json\/wp\/v2\/pages"}],"about":[{"href":"https:\/\/www.fafich.ufmg.br\/colcs\/wp-json\/wp\/v2\/types\/page"}],"author":[{"embeddable":true,"href":"https:\/\/www.fafich.ufmg.br\/colcs\/wp-json\/wp\/v2\/users\/1"}],"replies":[{"embeddable":true,"href":"https:\/\/www.fafich.ufmg.br\/colcs\/wp-json\/wp\/v2\/comments?post=1634"}],"version-history":[{"count":9,"href":"https:\/\/www.fafich.ufmg.br\/colcs\/wp-json\/wp\/v2\/pages\/1634\/revisions"}],"predecessor-version":[{"id":2445,"href":"https:\/\/www.fafich.ufmg.br\/colcs\/wp-json\/wp\/v2\/pages\/1634\/revisions\/2445"}],"wp:attachment":[{"href":"https:\/\/www.fafich.ufmg.br\/colcs\/wp-json\/wp\/v2\/media?parent=1634"}],"curies":[{"name":"wp","href":"https:\/\/api.w.org\/{rel}","templated":true}]}}