{"id":1835,"date":"2022-04-05T13:14:00","date_gmt":"2022-04-05T16:14:00","guid":{"rendered":"https:\/\/www.fafich.ufmg.br\/colcs\/?page_id=1835"},"modified":"2025-06-16T10:56:13","modified_gmt":"2025-06-16T13:56:13","slug":"trancamento-de-matricula","status":"publish","type":"page","link":"https:\/\/www.fafich.ufmg.br\/colcs\/trancamento-de-matricula\/","title":{"rendered":"Trancamento de matr\u00edcula"},"content":{"rendered":"<p>Trancamento de matr\u00edcula \u00e9 a suspens\u00e3o das atividades acad\u00eamicas de um semestre letivo. Na UFMG, h\u00e1 duas modalidades: total e parcial.<\/p>\n<p>Trancamentos totais\u00a0<em>ou<\/em> parciais s\u00e3o feito pelo aluno(a) <span class=\"ILfuVd\"><span class=\"hgKElc\">diretamente no <a href=\"https:\/\/sistemas.ufmg.br\/configuracao-curricular\" target=\"_self\" rel=\"noopener noreferrer\">Sistema Acad\u00eamico de Gradua\u00e7\u00e3o (SIGA)<\/a>, via portal MinhaUFMG. A op\u00e7\u00e3o deve ser acessada no m\u00f3dulo de Requerimentos de Ocorr\u00eancias &#8211;&gt; Criar a ocorr\u00eancia de trancamento &#8211;&gt; Enviar. <\/span><\/span>O colegiado receber\u00e1 a sua solicita\u00e7\u00e3o e efetuar\u00e1 a an\u00e1lise do seu pedido.<\/p>\n<p>&nbsp;<\/p>\n<p><strong>Trancamento parcial<\/strong><\/p>\n<ul>\n<li>O trancamento parcial consiste em interromper o curso de uma disciplina espec\u00edfica dentre as que o aluno est\u00e1 cursando num dado semestre.<\/li>\n<li>Trancamentos parciais podem ser concedidos at\u00e9 <em>duas vezes<\/em> em cada atividade acad\u00eamica \u2013 uma <em>com<\/em> justificativa, outra <em>sem<\/em> justificativa \u2013, nos prazos previstos pelo <a href=\"https:\/\/www.fafich.ufmg.br\/colcs\/calendario\/\">Calend\u00e1rio Acad\u00eamico da UFMG<\/a>.<\/li>\n<li>\u00c9 poss\u00edvel fazer o trancamento parcial de mais de uma disciplina no mesmo semestre, desde que a soma dos cr\u00e9ditos das disciplinas que n\u00e3o ser\u00e3o trancadas n\u00e3o fique abaixo do m\u00ednimo de cr\u00e9ditos exigido por semestre, conforme estabelecido nas Normas Gerais do Ensino de Gradua\u00e7\u00e3o, ou seja, 180 horas-aula ou 12 cr\u00e9ditos.<\/li>\n<\/ul>\n<p>&nbsp;<\/p>\n<p><strong>Trancamento total<\/strong><\/p>\n<ul>\n<li>O trancamento total consiste em interromper todas as disciplinas que um aluno est\u00e1 cursando naquele semestre.<\/li>\n<li>Esse tipo de trancamento pode ser solicitado desde a efetiva\u00e7\u00e3o da matr\u00edcula at\u00e9 o \u00faltimo dia letivo de cada semestre<\/li>\n<li>Caso algum(a) professor(a) tenha fechado o di\u00e1rio de classe de alguma turma na qual o(a) aluno(a) est\u00e1 matriculado, o trancamento n\u00e3o pode ser feito. Por isso, n\u00e3o \u00e9 indicado fazer o trancamento total na \u00faltima semana letiva do semestre.<\/li>\n<li>No decorrer do curso, o aluno tem direito a apenas um trancamento total <em>sem justificativa<\/em>, cuja dura\u00e7\u00e3o \u00e9 de um semestre letivo.<\/li>\n<li>O trancamento total <em>com justificativa<\/em> pode ser concedido mais de uma vez e com dura\u00e7\u00e3o determinada, a ju\u00edzo do Colegiado de Curso. Para isso, \u00e9 preciso anexar documenta\u00e7\u00e3o comprobat\u00f3ria da justificativa no processo do SIGA.<\/li>\n<\/ul>\n<p>&nbsp;<\/p>\n<p><strong>Justificativas<\/strong><\/p>\n<p>Para trancamentos <em>com<\/em> justificativa (parciais ou totais), nunca deixe de anexar toda documenta\u00e7\u00e3o comprobat\u00f3ria poss\u00edvel, num \u00fanico PDF leg\u00edvel.<\/p>\n<ul>\n<li><span style=\"text-decoration: underline;\">Casos m\u00e9dicos (sa\u00fade f\u00edsica ou mental)<\/span>: a documenta\u00e7\u00e3o mais importante \u00e9 o <em>laudo\u00a0m\u00e9dico<\/em>. Receitas de rem\u00e9dios e similares n\u00e3o ser\u00e3o aceitos. Cartas com explica\u00e7\u00e3o mais detalhada da situa\u00e7\u00e3o deve ser assinada pelo aluno.<\/li>\n<li><span style=\"text-decoration: underline;\">Cuidado de pessoas da fam\u00edlia<\/span>: \u00e9 necess\u00e1rio documento comprovando rela\u00e7\u00e3o de parentesco, documento assinado comprovando a condi\u00e7\u00e3o de cuidador e laudo m\u00e9dico ou similar comprovando a necessidade especial da pessoa.<\/li>\n<li><span style=\"text-decoration: underline;\">Monografia<\/span>: caso o aluno esteja cursando <em>apenas<\/em> monografia e n\u00e3o consiga termin\u00e1-la, pode fazer um trancamento total com justificativa, mas necessita de <em>documento assinado pelo orientador atesta o caso<\/em>. N\u00e3o esquecer de pedir <a href=\"https:\/\/www.fafich.ufmg.br\/colcs\/monografia\/\">novo aceite<\/a> para o semestre seguinte.<\/li>\n<li><span style=\"text-decoration: underline;\">Excesso de carga hor\u00e1ria<\/span>: aceita-se a justificativa apenas para trancamento parcial apenas para aluno(a)s matriculado(a)s em mais de 300 horas-aula naquele semestre. Deve-se enviar um documento assinado explicando sua situa\u00e7\u00e3o.<\/li>\n<li><span style=\"text-decoration: underline;\">Incompatibilidade de hor\u00e1rio com trabalho<\/span>: O turno do curso \u00e9 matutino, e portanto \u00e9 necess\u00e1rio ter disponibilidade de assistir aulas das 7h30 \u00e0s 11h10. O ideal \u00e9 utilizar o saldo de trancamentos <em>sem <\/em>justificativa para esses casos. Em situa\u00e7\u00f5es espec\u00edficas, pode-se aceitar trancamento total <em>com<\/em> justificativa mas, nesses casos, o(a) aluno(a) deve:<\/li>\n<\/ul>\n<ol>\n<li style=\"list-style-type: none;\">\n<ol>\n<li>Documentar devidamente o hor\u00e1rio de servi\u00e7o (atrav\u00e9s de documento oficial da empresa)<\/li>\n<li>Acrescentar carta assinada explicando a situa\u00e7\u00e3o e indicando que a escala de trabalho ser\u00e1 alterada j\u00e1 no pr\u00f3ximo semestre.<\/li>\n<\/ol>\n<\/li>\n<\/ol>\n<ul>\n<li>Outros casos podem exigir outras documenta\u00e7\u00f5es, mas sempre inclua uma carta assinada, al\u00e9m de outros documentos que voc\u00ea tenha que comprovem sua situa\u00e7\u00e3o.<\/li>\n<\/ul>\n<p>&nbsp;<\/p>\n<p style=\"padding-left: 40px;\">OBS: Conhe\u00e7a o<a href=\"https:\/\/www.fafich.ufmg.br\/colcs\/regime-academico-especial-para-permanencia-raep\/\"> Regime Especial (RE) e o Regime Acad\u00eamico Especial de Perman\u00eancia<\/a> (RAEP).<\/p>\n","protected":false},"excerpt":{"rendered":"<p>Trancamento de matr\u00edcula \u00e9 a suspens\u00e3o das atividades acad\u00eamicas de um semestre letivo. Na UFMG, h\u00e1 duas modalidades: total e parcial. Trancamentos totais\u00a0ou parciais s\u00e3o feito pelo aluno(a) diretamente no Sistema Acad\u00eamico de Gradua\u00e7\u00e3o (SIGA), via portal MinhaUFMG. A op\u00e7\u00e3o deve ser acessada no m\u00f3dulo de Requerimentos de Ocorr\u00eancias &#8211;&gt; Criar a ocorr\u00eancia de trancamento [&hellip;]<\/p>\n","protected":false},"author":1,"featured_media":0,"parent":0,"menu_order":0,"comment_status":"closed","ping_status":"closed","template":"","meta":[],"_links":{"self":[{"href":"https:\/\/www.fafich.ufmg.br\/colcs\/wp-json\/wp\/v2\/pages\/1835"}],"collection":[{"href":"https:\/\/www.fafich.ufmg.br\/colcs\/wp-json\/wp\/v2\/pages"}],"about":[{"href":"https:\/\/www.fafich.ufmg.br\/colcs\/wp-json\/wp\/v2\/types\/page"}],"author":[{"embeddable":true,"href":"https:\/\/www.fafich.ufmg.br\/colcs\/wp-json\/wp\/v2\/users\/1"}],"replies":[{"embeddable":true,"href":"https:\/\/www.fafich.ufmg.br\/colcs\/wp-json\/wp\/v2\/comments?post=1835"}],"version-history":[{"count":9,"href":"https:\/\/www.fafich.ufmg.br\/colcs\/wp-json\/wp\/v2\/pages\/1835\/revisions"}],"predecessor-version":[{"id":1843,"href":"https:\/\/www.fafich.ufmg.br\/colcs\/wp-json\/wp\/v2\/pages\/1835\/revisions\/1843"}],"wp:attachment":[{"href":"https:\/\/www.fafich.ufmg.br\/colcs\/wp-json\/wp\/v2\/media?parent=1835"}],"curies":[{"name":"wp","href":"https:\/\/api.w.org\/{rel}","templated":true}]}}