{"id":1867,"date":"2024-04-22T08:59:27","date_gmt":"2024-04-22T11:59:27","guid":{"rendered":"https:\/\/www.fafich.ufmg.br\/colcs\/?page_id=1867"},"modified":"2025-09-30T07:13:06","modified_gmt":"2025-09-30T10:13:06","slug":"atividades-academicas-complementares","status":"publish","type":"page","link":"https:\/\/www.fafich.ufmg.br\/colcs\/atividades-academicas-complementares\/","title":{"rendered":"Atividades acad\u00eamicas complementares"},"content":{"rendered":"<p>As atividades acad\u00eamicas complementares s\u00e3o atividades geradoras de cr\u00e9ditos distintas das disciplinas te\u00f3rica e pr\u00e1ticas da UFMG, e que incluem experi\u00eancias profissionais, docentes, de pesquisa, de extens\u00e3o, dentre v\u00e1rias outras, desde que devidamente documentadas e ligadas conceitualmente ao curso de Ci\u00eancias Sociais.<\/p>\n<p>Para requisitar a integraliza\u00e7\u00e3o de atividades acad\u00eamicas complementares, siga os seguintes passos:<\/p>\n<p>1) Leia atentamente a <a href=\"https:\/\/www.fafich.ufmg.br\/colcs\/wp-content\/uploads\/2019\/10\/Resolu%C3%A7%C3%A3o-ATIVIDADES-ACADEMICAS-2015-1.pdf\">resolu\u00e7\u00e3o vigente<\/a> sobre o assunto.<\/p>\n<p>2) Baixe o\u00a0<a href=\"https:\/\/www.fafich.ufmg.br\/colcs\/wp-content\/uploads\/2024\/04\/Formulario-de-Aproveitamento-de-Atividades-Academicas-VERSAO-ATUALIZADA-2024-04.docx\">Formulario de Aproveitamento de Atividades Acad\u00eamicas Complementares<\/a>.<\/p>\n<p>3) Para cada atividade, preencha o formul\u00e1rio e entregue-os junto com a documenta\u00e7\u00e3o comprobat\u00f3ria relevante <em>em m\u00e3os <\/em>para a secretaria do colegiado, seguindo o <a href=\"https:\/\/www.fafich.ufmg.br\/colcs\/calendario\/\">calend\u00e1rio<\/a> e o\u00a0<a href=\"https:\/\/www.fafich.ufmg.br\/colcs\/contato\/\">hor\u00e1rio de atendimento<\/a> estipuladas naquele semestre.<\/p>\n<p>4) O colegiado avaliar\u00e1 seus pedidos e os deferir\u00e1 ou indeferir\u00e1 at\u00e9 o final do semestre.<em><br \/>\n<\/em><\/p>\n<p>&nbsp;<\/p>\n<p>ATEN\u00c7\u00c3O: para alunos de <em>bacharelado<\/em>, atividades acad\u00eamicas complementares s\u00e3o OPCIONAIS e podem <em>substituir<\/em> at\u00e9 210 horas de optativas. Para alunos de <em>licenciatura<\/em>, \u00e9 OBRIGAT\u00d3RIO integralizar<em> exatamente<\/em> 210 horas de atividades acad\u00eamicas complementares &#8211; em ambos os casos, seguindo os limites estabelecidos na resolu\u00e7\u00e3o acima.<\/p>\n","protected":false},"excerpt":{"rendered":"<p>As atividades acad\u00eamicas complementares s\u00e3o atividades geradoras de cr\u00e9ditos distintas das disciplinas te\u00f3rica e pr\u00e1ticas da UFMG, e que incluem experi\u00eancias profissionais, docentes, de pesquisa, de extens\u00e3o, dentre v\u00e1rias outras, desde que devidamente documentadas e ligadas conceitualmente ao curso de Ci\u00eancias Sociais. Para requisitar a integraliza\u00e7\u00e3o de atividades acad\u00eamicas complementares, siga os seguintes passos: 1) [&hellip;]<\/p>\n","protected":false},"author":1,"featured_media":0,"parent":0,"menu_order":0,"comment_status":"closed","ping_status":"closed","template":"","meta":[],"_links":{"self":[{"href":"https:\/\/www.fafich.ufmg.br\/colcs\/wp-json\/wp\/v2\/pages\/1867"}],"collection":[{"href":"https:\/\/www.fafich.ufmg.br\/colcs\/wp-json\/wp\/v2\/pages"}],"about":[{"href":"https:\/\/www.fafich.ufmg.br\/colcs\/wp-json\/wp\/v2\/types\/page"}],"author":[{"embeddable":true,"href":"https:\/\/www.fafich.ufmg.br\/colcs\/wp-json\/wp\/v2\/users\/1"}],"replies":[{"embeddable":true,"href":"https:\/\/www.fafich.ufmg.br\/colcs\/wp-json\/wp\/v2\/comments?post=1867"}],"version-history":[{"count":14,"href":"https:\/\/www.fafich.ufmg.br\/colcs\/wp-json\/wp\/v2\/pages\/1867\/revisions"}],"predecessor-version":[{"id":2430,"href":"https:\/\/www.fafich.ufmg.br\/colcs\/wp-json\/wp\/v2\/pages\/1867\/revisions\/2430"}],"wp:attachment":[{"href":"https:\/\/www.fafich.ufmg.br\/colcs\/wp-json\/wp\/v2\/media?parent=1867"}],"curies":[{"name":"wp","href":"https:\/\/api.w.org\/{rel}","templated":true}]}}