{"id":1873,"date":"2024-04-22T09:14:30","date_gmt":"2024-04-22T12:14:30","guid":{"rendered":"https:\/\/www.fafich.ufmg.br\/colcs\/?page_id=1873"},"modified":"2024-04-30T09:17:04","modified_gmt":"2024-04-30T12:17:04","slug":"conexoes","status":"publish","type":"page","link":"https:\/\/www.fafich.ufmg.br\/colcs\/conexoes\/","title":{"rendered":"Conex\u00f5es"},"content":{"rendered":"<p><a href=\"https:\/\/ufmg.br\/\">Universidade Federal de Minas Gerais (UFMG)<\/a><\/p>\n<p><a href=\"http:\/\/www.fafich.ufmg.br\/\">Faculdade de Filosofia e Ci\u00eancias Humanas (FAFICH)<\/a><\/p>\n<p>&nbsp;<\/p>\n<p><a href=\"https:\/\/www.fafich.ufmg.br\/colcs\/cacs\/\">Centro Acad\u00eamico de Ci\u00eancias Sociais (CACS)<\/a><\/p>\n<p>&nbsp;<\/p>\n<p>Departamentos mais diretamente ligados ao curso de Ci\u00eancias Sociais:<\/p>\n<p style=\"padding-left: 40px;\"><a href=\"https:\/\/www.fafich.ufmg.br\/daa\/\">Departamento de Antropologia e Arqueologia<\/a><\/p>\n<p style=\"padding-left: 40px;\"><a href=\"https:\/\/www.fafich.ufmg.br\/dcp\">Departamento de Ci\u00eancia Pol\u00edtica<\/a><\/p>\n<p style=\"padding-left: 40px;\"><a href=\"https:\/\/www.fafich.ufmg.br\/dso\">Departamento de Sociologia<\/a><\/p>\n<p>&nbsp;<\/p>\n<p>Outros cursos de gradua\u00e7\u00e3o da UFMG relacionados ao de Ci\u00eancias Sociais:<\/p>\n<p style=\"padding-left: 40px;\"><a href=\"https:\/\/www.fafich.ufmg.br\/cgradant\/\">Antropologia e Arqueologia<\/a><\/p>\n<p style=\"padding-left: 40px;\"><a href=\"https:\/\/ufmg.br\/comunicacao\/publicacoes\/revista-diversa\/edicao\/21\/ciencias-socioambientais\">Ci\u00eancias Socioambientais<\/a><\/p>\n<p style=\"padding-left: 40px;\"><a href=\"https:\/\/www.fafich.ufmg.br\/gestaopublica\/\">Gest\u00e3o P\u00fablica<\/a><\/p>\n<p>&nbsp;<\/p>\n<p>Cursos de p\u00f3s-gradua\u00e7\u00e3o da UFMG relacionados ao de gradua\u00e7\u00e3o em Ci\u00eancias Sociais:<\/p>\n<p style=\"padding-left: 40px;\"><a href=\"https:\/\/www.fafich.ufmg.br\/ppgan\/\">Programa de P\u00f3s-Gradua\u00e7\u00e3o em Antropologia (PPGAN)<\/a><\/p>\n<p style=\"padding-left: 40px;\"><a href=\"http:\/\/ppgcp.fafich.ufmg.br\/\">Programa de P\u00f3s-Gradua\u00e7\u00e3o em Ci\u00eancia Pol\u00edtica (PPGCP)<\/a><\/p>\n<p style=\"padding-left: 40px;\"><a href=\"https:\/\/www.fafich.ufmg.br\/ppgs\/\">Programa de P\u00f3s-Gradua\u00e7\u00e3o em Sociologia (PPGS)<\/a><\/p>\n<p>&nbsp;<\/p>\n<p>&nbsp;<\/p>\n","protected":false},"excerpt":{"rendered":"<p>Universidade Federal de Minas Gerais (UFMG) Faculdade de Filosofia e Ci\u00eancias Humanas (FAFICH) &nbsp; Centro Acad\u00eamico de Ci\u00eancias Sociais (CACS) &nbsp; Departamentos mais diretamente ligados ao curso de Ci\u00eancias Sociais: Departamento de Antropologia e Arqueologia Departamento de Ci\u00eancia Pol\u00edtica Departamento de Sociologia &nbsp; Outros cursos de gradua\u00e7\u00e3o da UFMG relacionados ao de Ci\u00eancias Sociais: Antropologia [&hellip;]<\/p>\n","protected":false},"author":1,"featured_media":0,"parent":0,"menu_order":0,"comment_status":"closed","ping_status":"closed","template":"","meta":[],"_links":{"self":[{"href":"https:\/\/www.fafich.ufmg.br\/colcs\/wp-json\/wp\/v2\/pages\/1873"}],"collection":[{"href":"https:\/\/www.fafich.ufmg.br\/colcs\/wp-json\/wp\/v2\/pages"}],"about":[{"href":"https:\/\/www.fafich.ufmg.br\/colcs\/wp-json\/wp\/v2\/types\/page"}],"author":[{"embeddable":true,"href":"https:\/\/www.fafich.ufmg.br\/colcs\/wp-json\/wp\/v2\/users\/1"}],"replies":[{"embeddable":true,"href":"https:\/\/www.fafich.ufmg.br\/colcs\/wp-json\/wp\/v2\/comments?post=1873"}],"version-history":[{"count":3,"href":"https:\/\/www.fafich.ufmg.br\/colcs\/wp-json\/wp\/v2\/pages\/1873\/revisions"}],"predecessor-version":[{"id":2094,"href":"https:\/\/www.fafich.ufmg.br\/colcs\/wp-json\/wp\/v2\/pages\/1873\/revisions\/2094"}],"wp:attachment":[{"href":"https:\/\/www.fafich.ufmg.br\/colcs\/wp-json\/wp\/v2\/media?parent=1873"}],"curies":[{"name":"wp","href":"https:\/\/api.w.org\/{rel}","templated":true}]}}