{"id":1879,"date":"2024-04-22T09:32:25","date_gmt":"2024-04-22T12:32:25","guid":{"rendered":"https:\/\/www.fafich.ufmg.br\/colcs\/?page_id=1879"},"modified":"2024-04-26T19:33:55","modified_gmt":"2024-04-26T22:33:55","slug":"intercambio","status":"publish","type":"page","link":"https:\/\/www.fafich.ufmg.br\/colcs\/intercambio\/","title":{"rendered":"Interc\u00e2mbio"},"content":{"rendered":"<p>A UFMG oferece diferentes tipos de <a href=\"https:\/\/www.ufmg.br\/viverufmg\/mobilidade-academica\/\">Mobilidade Acad\u00eamica<\/a> ou Interc\u00e2mbios.<\/p>\n<ul>\n<li>Sobre Mobilidade Acad\u00eamica Internacional, consultar a <a href=\"https:\/\/www.ufmg.br\/dri\/graduacao\">Diretoria de Rela\u00e7\u00f5es Internacionais (DRI)<\/a>.<\/li>\n<li>Sobre Mobilidade Acad\u00eamica Nacional, consultar a <a href=\"https:\/\/www.ufmg.br\/prograd\/mobilidade-academica\/\">Pr\u00f3-Reitoria de Gradua\u00e7\u00e3o (PROGRAD)<\/a>.<\/li>\n<\/ul>\n","protected":false},"excerpt":{"rendered":"<p>A UFMG oferece diferentes tipos de Mobilidade Acad\u00eamica ou Interc\u00e2mbios. Sobre Mobilidade Acad\u00eamica Internacional, consultar a Diretoria de Rela\u00e7\u00f5es Internacionais (DRI). Sobre Mobilidade Acad\u00eamica Nacional, consultar a Pr\u00f3-Reitoria de Gradua\u00e7\u00e3o (PROGRAD).<\/p>\n","protected":false},"author":1,"featured_media":0,"parent":0,"menu_order":0,"comment_status":"closed","ping_status":"closed","template":"","meta":[],"_links":{"self":[{"href":"https:\/\/www.fafich.ufmg.br\/colcs\/wp-json\/wp\/v2\/pages\/1879"}],"collection":[{"href":"https:\/\/www.fafich.ufmg.br\/colcs\/wp-json\/wp\/v2\/pages"}],"about":[{"href":"https:\/\/www.fafich.ufmg.br\/colcs\/wp-json\/wp\/v2\/types\/page"}],"author":[{"embeddable":true,"href":"https:\/\/www.fafich.ufmg.br\/colcs\/wp-json\/wp\/v2\/users\/1"}],"replies":[{"embeddable":true,"href":"https:\/\/www.fafich.ufmg.br\/colcs\/wp-json\/wp\/v2\/comments?post=1879"}],"version-history":[{"count":5,"href":"https:\/\/www.fafich.ufmg.br\/colcs\/wp-json\/wp\/v2\/pages\/1879\/revisions"}],"predecessor-version":[{"id":2052,"href":"https:\/\/www.fafich.ufmg.br\/colcs\/wp-json\/wp\/v2\/pages\/1879\/revisions\/2052"}],"wp:attachment":[{"href":"https:\/\/www.fafich.ufmg.br\/colcs\/wp-json\/wp\/v2\/media?parent=1879"}],"curies":[{"name":"wp","href":"https:\/\/api.w.org\/{rel}","templated":true}]}}