{"id":1911,"date":"2024-04-22T09:50:58","date_gmt":"2024-04-22T12:50:58","guid":{"rendered":"https:\/\/www.fafich.ufmg.br\/colcs\/?page_id=1911"},"modified":"2024-07-04T10:37:45","modified_gmt":"2024-07-04T13:37:45","slug":"mudanca-de-percurso","status":"publish","type":"page","link":"https:\/\/www.fafich.ufmg.br\/colcs\/mudanca-de-percurso\/","title":{"rendered":"Mudan\u00e7a de percurso"},"content":{"rendered":"<p>Todos os alunos de Ci\u00eancias Sociais ingressam inicialmente na modalidade Bacharelado.<\/p>\n<ul>\n<li><a href=\"https:\/\/www.fafich.ufmg.br\/colcs\/sobre-o-curso\/\">Veja aqui<\/a> informa\u00e7\u00f5es sobre a diferen\u00e7a entre os perfis.<\/li>\n<li>Veja aqui as disciplinas do <a href=\"https:\/\/www.fafich.ufmg.br\/colcs\/bacharelado\/\">Bacharelado<\/a>.<\/li>\n<li>Veja aqui as disciplinas da <a href=\"https:\/\/www.fafich.ufmg.br\/colcs\/licenciatura\/\">Licenciatura.<\/a><\/li>\n<\/ul>\n<p>Para solicitar a mudan\u00e7a de percurso, <span style=\"text-decoration: underline;\">a partir do terceiro per\u00edodo<\/span>, o discente deve enviar <a href=\"https:\/\/www.fafich.ufmg.br\/colcs\/wp-content\/uploads\/2024\/04\/Formulario-mudanca-modalidade-bacharelado-licenciatura-1.docx\">formul\u00e1rio<\/a> devidamente preenchido para o colegiado por <a href=\"mailto:colcs@fafich.ufmg.br\">e-mail<\/a>, seguindo a data estipulada no <a href=\"https:\/\/www.fafich.ufmg.br\/colcs\/calendario\/\">calend\u00e1rio acad\u00eamico<\/a>.<\/p>\n<hr \/>\n<p>A UFMG oferece ainda a op\u00e7\u00e3o de Forma\u00e7\u00e3o Complementar Aberta (FCA) e Forma\u00e7\u00e3o Transversal (FT).<\/p>\n<hr \/>\n<p>Na <strong>Forma\u00e7\u00e3o Complementar Aberta,<\/strong> o aluno cursa 360 horas de disciplinas do <em>outro curso de gradua\u00e7\u00e3o<\/em> da UFMG.<\/p>\n<p>O colegiado sugere que os alunos interessados conversem com colegas veteranos do curso que lhe interessa, bem como com professores, para decidir se aquele curso realmente \u00e9 adequado para a forma\u00e7\u00e3o que deseja.<\/p>\n<p>Tendo essa certeza, para solicitar a FCA, seguindo o <a href=\"https:\/\/www.fafich.ufmg.br\/colcs\/calendario\/\">calend\u00e1rio acad\u00eamico<\/a>, \u00e9 necess\u00e1rio:<\/p>\n<p style=\"padding-left: 40px;\">1) Discutir a ideia com um professor-orientador do curso de origem do aluno e com o coordenador do curso em que quer obter forma\u00e7\u00e3o complementar.<\/p>\n<p style=\"padding-left: 40px;\">2) Preencher o\u00a0<a href=\"https:\/\/www.fafich.ufmg.br\/colcs\/wp-content\/uploads\/2021\/05\/Formulario-para-Formacao-complementar.pdf\">formul\u00e1rio<\/a>, no qual deve constar as disciplinas a serem cursadas somando uma carga hor\u00e1ria de 360 horas-aula e enviar para o colegiado por <a href=\"mailto:colcs@fafich.ufmg.br\">e-mail<\/a>.<\/p>\n<p style=\"padding-left: 40px;\">3) Ap\u00f3s aprovado pelo colegiado, o aluno j\u00e1 estar\u00e1 no percurso com FCA. As 360 horas-aula que fizer no outro curso substituir\u00e3o disciplinas optativas comuns de Ci\u00eancias Sociais.<\/p>\n<p style=\"padding-left: 40px;\">4) Reformular no SIGA o plano de estudos incluindo atividades acad\u00eamicas de FCA, visando matr\u00edcula no semestre seguinte.<\/p>\n<p style=\"padding-left: 40px;\">5) No semestre em que for cursar disciplinas de FCA, no momento da terceira fase da matr\u00edcula, solicitar ao departamento ofertante vagas nas disciplinas escolhidas.<\/p>\n<p>ATEN\u00c7\u00c3O: N\u00e3o poder\u00e3o ser inclu\u00eddas no plano disciplinas de p\u00f3s-gradua\u00e7\u00e3o.<\/p>\n<p>ATEN\u00c7\u00c3O: A inclus\u00e3o de disciplinas no plano n\u00e3o significa necessariamente que a disciplina ser\u00e1 ofertada durante o per\u00edodo que o aluno pretende cursar, nem garante a disponibilidade de vagas caso elas sejam ofertadas. Por outro lado, outras disciplinas do curso em que est\u00e1 fazendo FCA podem substituir aquelas que est\u00e3o no plano de estudos do aluno.<\/p>\n<hr \/>\n<p>Na <strong>Forma\u00e7\u00e3o Transversal<\/strong>, o aluno escolhe <a href=\"https:\/\/www.ufmg.br\/prograd\/projetos-das-formacoes-transversais\/\">um dos eixos transdisciplinares<\/a> oferecidos pela UFMG, abordando tem\u00e1ticas espec\u00edficas que n\u00e3o est\u00e3o vinculadas a um curso de gradua\u00e7\u00e3o espec\u00edfico da UFMG. S\u00e3o abertas a estudantes de todos os cursos de gradua\u00e7\u00e3o da UFMG. O estudante que concluir uma Forma\u00e7\u00e3o Transversal ter\u00e1 direito a um certificado pr\u00f3prio da forma\u00e7\u00e3o expedido pela <a href=\"mailto:transversal@prograd.ufmg.br\">secretaria de Forma\u00e7\u00e3o Transversal<\/a>. Mais informa\u00e7\u00f5es na p\u00e1gina da <a href=\"https:\/\/www.ufmg.br\/prograd\/formacao-transversal\/\">Pr\u00f3-Reitoria de Gradua\u00e7\u00e3o (PROGRAD)<\/a>.<\/p>\n","protected":false},"excerpt":{"rendered":"<p>Todos os alunos de Ci\u00eancias Sociais ingressam inicialmente na modalidade Bacharelado. Veja aqui informa\u00e7\u00f5es sobre a diferen\u00e7a entre os perfis. Veja aqui as disciplinas do Bacharelado. Veja aqui as disciplinas da Licenciatura. Para solicitar a mudan\u00e7a de percurso, a partir do terceiro per\u00edodo, o discente deve enviar formul\u00e1rio devidamente preenchido para o colegiado por e-mail, [&hellip;]<\/p>\n","protected":false},"author":1,"featured_media":0,"parent":0,"menu_order":0,"comment_status":"closed","ping_status":"closed","template":"","meta":[],"_links":{"self":[{"href":"https:\/\/www.fafich.ufmg.br\/colcs\/wp-json\/wp\/v2\/pages\/1911"}],"collection":[{"href":"https:\/\/www.fafich.ufmg.br\/colcs\/wp-json\/wp\/v2\/pages"}],"about":[{"href":"https:\/\/www.fafich.ufmg.br\/colcs\/wp-json\/wp\/v2\/types\/page"}],"author":[{"embeddable":true,"href":"https:\/\/www.fafich.ufmg.br\/colcs\/wp-json\/wp\/v2\/users\/1"}],"replies":[{"embeddable":true,"href":"https:\/\/www.fafich.ufmg.br\/colcs\/wp-json\/wp\/v2\/comments?post=1911"}],"version-history":[{"count":16,"href":"https:\/\/www.fafich.ufmg.br\/colcs\/wp-json\/wp\/v2\/pages\/1911\/revisions"}],"predecessor-version":[{"id":2149,"href":"https:\/\/www.fafich.ufmg.br\/colcs\/wp-json\/wp\/v2\/pages\/1911\/revisions\/2149"}],"wp:attachment":[{"href":"https:\/\/www.fafich.ufmg.br\/colcs\/wp-json\/wp\/v2\/media?parent=1911"}],"curies":[{"name":"wp","href":"https:\/\/api.w.org\/{rel}","templated":true}]}}