{"id":1919,"date":"2024-04-22T09:54:32","date_gmt":"2024-04-22T12:54:32","guid":{"rendered":"https:\/\/www.fafich.ufmg.br\/colcs\/?page_id=1919"},"modified":"2026-03-12T08:44:44","modified_gmt":"2026-03-12T11:44:44","slug":"calendario","status":"publish","type":"page","link":"https:\/\/www.fafich.ufmg.br\/colcs\/calendario\/","title":{"rendered":"Calend\u00e1rio"},"content":{"rendered":"<p><a href=\"https:\/\/ufmg.br\/a-universidade\/calendario-academico\">Calend\u00e1rio UFMG 2026<\/a><\/p>\n<p>As datas importantes para alunos, egressos e professores est\u00e3o sempre descritas no calend\u00e1rio acad\u00eamico da UFMG. N\u00e3o deixe de ter a vers\u00e3o mais atualizada com voc\u00ea e confira se est\u00e1 no prazo sempre antes de requisitar algum procedimento administrativo.<\/p>\n<p>Matr\u00edcula:<\/p>\n<p>&#8211; Requerimento de matr\u00edcula (primeira fase de matr\u00edcula): 16 a 29\/01\/26, via <a href=\"https:\/\/sistemas.ufmg.br\/configuracao-curricular\">Siga<\/a>.<\/p>\n<p>&#8211; Resultado da primeira fase de matr\u00edcula 09\/02\/26, via <a href=\"https:\/\/sistemas.ufmg.br\/configuracao-curricular\">Siga<\/a>.<\/p>\n<p>&#8211; Requerimento de inclus\u00e3o de novas atividades (segunda fase de matr\u00edcula): 12 e 13\/02\/26, via <a href=\"https:\/\/sistemas.ufmg.br\/configuracao-curricular\">Siga<\/a>.<\/p>\n<p>&#8211; Requerimento de matr\u00edcula (terceira fase): 24 e 25\/02\/26, via <a href=\"https:\/\/sistemas.ufmg.br\/configuracao-curricular\">Siga<\/a>.<\/p>\n<p>&#8211; Resultado da terceira fase de matr\u00edcula: 28\/02\/26, via <a href=\"https:\/\/sistemas.ufmg.br\/configuracao-curricular\">Siga<\/a>.<\/p>\n<p>&#8211; Acerto de Matr\u00edcula: 05\/03\/26, das 10h \u00e0s 11h 30 e das 14h30 \u00e0s 17h &#8211; presencialmente na sala F3080 da FAFICH<\/p>\n<p>&#8211; Matr\u00edcula de Continuidade de Estudos e Obten\u00e7\u00e3o de Novo T\u00edtulo: 05\/03\/26, das 9h \u00e0s 10h &#8211; presencialmente na sala F3080 da FAFICH<\/p>\n<p>&#8211; Matr\u00edcula de Intercambistas: 05\/03\/26, das 14h \u00e0s 14h30 &#8211; presencialmente na sala F3080 da FAFICH<\/p>\n<p>&nbsp;<\/p>\n<p>Entrega de documenta\u00e7\u00e3o:<\/p>\n<p>&#8211; 06 a 10\/04\/26: Per\u00edodo para solicita\u00e7\u00e3o de <a href=\"https:\/\/www.fafich.ufmg.br\/colcs\/mudanca-de-percurso\/\" target=\"_blank\" rel=\"noopener\" data-saferedirecturl=\"https:\/\/www.google.com\/url?q=https:\/\/www.fafich.ufmg.br\/colcs\/mudanca-de-percurso\/&amp;source=gmail&amp;ust=1754084601197000&amp;usg=AOvVaw2MxDoAYrOHtWoecYkySm2z\">mudan\u00e7a de percurso<\/a> &#8211; por <a href=\"mailto:colcs@fafich.ufmg.br\" target=\"_blank\" rel=\"noopener\">e-mail<\/a>.<\/p>\n<p>&#8211; 02\/06\/26: Data limite para aproveitamentos de estudos e atividades acad\u00eamicas (<a href=\"https:\/\/www.fafich.ufmg.br\/colcs\/contato\/\" target=\"_blank\" rel=\"noopener\" data-saferedirecturl=\"https:\/\/www.google.com\/url?q=https:\/\/www.fafich.ufmg.br\/colcs\/contato\/&amp;source=gmail&amp;ust=1754084601197000&amp;usg=AOvVaw0Ao6rEIYml8kahvhDFIaVj\">presencialmente<\/a>).<\/p>\n<p>Monografia:<\/p>\n<p>&#8211; 12\/06\/26: Data limite para envio do aceite de orienta\u00e7\u00e3o para <a href=\"https:\/\/www.fafich.ufmg.br\/colcs\/monografia\/\" target=\"_blank\" rel=\"noopener\" data-saferedirecturl=\"https:\/\/www.google.com\/url?q=https:\/\/www.fafich.ufmg.br\/colcs\/monografia\/&amp;source=gmail&amp;ust=1754084601197000&amp;usg=AOvVaw3R4NmgnS4wHpvgYofZBvMB\">monografia <\/a>\u00a02026\/2 &#8211; por <a href=\"mailto:colcs@fafich.ufmg.br\" target=\"_blank\" rel=\"noopener\">e-mail<\/a>.<\/p>\n<p>&#8211; 19\/06\/26: Data limite para envio do cartaz (agendamento da defesa da <a href=\"https:\/\/www.fafich.ufmg.br\/colcs\/monografia\/\" target=\"_blank\" rel=\"noopener\" data-saferedirecturl=\"https:\/\/www.google.com\/url?q=https:\/\/www.fafich.ufmg.br\/colcs\/monografia\/&amp;source=gmail&amp;ust=1754084601197000&amp;usg=AOvVaw3R4NmgnS4wHpvgYofZBvMB\">monografia<\/a> 2026\/1) &#8211; por <a href=\"mailto:colcs@fafich.ufmg.br\" target=\"_blank\" rel=\"noopener\">e-mail<\/a>.<\/p>\n<p>&#8211; 26\/06\/26: Data limite para defesa da <a href=\"https:\/\/www.fafich.ufmg.br\/colcs\/monografia\/\" target=\"_blank\" rel=\"noopener\" data-saferedirecturl=\"https:\/\/www.google.com\/url?q=https:\/\/www.fafich.ufmg.br\/colcs\/monografia\/&amp;source=gmail&amp;ust=1754084601197000&amp;usg=AOvVaw3R4NmgnS4wHpvgYofZBvMB\">monografia<\/a> (2026\/1)<\/p>\n<p>&#8211; 15 a 17\/06\/26: Per\u00edodo para inscri\u00e7\u00e3o na <a href=\"https:\/\/www.fafich.ufmg.br\/colcs\/colacao-de-grau\/\" target=\"_blank\" rel=\"noopener\" data-saferedirecturl=\"https:\/\/www.google.com\/url?q=https:\/\/www.fafich.ufmg.br\/colcs\/colacao-de-grau\/&amp;source=gmail&amp;ust=1754084601197000&amp;usg=AOvVaw183Y6YtZ_LXMV3jpr3uULk\">cola\u00e7\u00e3o de grau<\/a> &#8211; por <a href=\"mailto:colcs@fafich.ufmg.br\" target=\"_blank\" rel=\"noopener\">e-mail<\/a>.<\/p>\n<p>A definir: Cola\u00e7\u00e3o de Grau 2026\/1, local a definir &#8211; presencial<\/p>\n","protected":false},"excerpt":{"rendered":"<p>Calend\u00e1rio UFMG 2026 As datas importantes para alunos, egressos e professores est\u00e3o sempre descritas no calend\u00e1rio acad\u00eamico da UFMG. N\u00e3o deixe de ter a vers\u00e3o mais atualizada com voc\u00ea e confira se est\u00e1 no prazo sempre antes de requisitar algum procedimento administrativo. Matr\u00edcula: &#8211; Requerimento de matr\u00edcula (primeira fase de matr\u00edcula): 16 a 29\/01\/26, via [&hellip;]<\/p>\n","protected":false},"author":1,"featured_media":0,"parent":0,"menu_order":0,"comment_status":"closed","ping_status":"closed","template":"","meta":[],"_links":{"self":[{"href":"https:\/\/www.fafich.ufmg.br\/colcs\/wp-json\/wp\/v2\/pages\/1919"}],"collection":[{"href":"https:\/\/www.fafich.ufmg.br\/colcs\/wp-json\/wp\/v2\/pages"}],"about":[{"href":"https:\/\/www.fafich.ufmg.br\/colcs\/wp-json\/wp\/v2\/types\/page"}],"author":[{"embeddable":true,"href":"https:\/\/www.fafich.ufmg.br\/colcs\/wp-json\/wp\/v2\/users\/1"}],"replies":[{"embeddable":true,"href":"https:\/\/www.fafich.ufmg.br\/colcs\/wp-json\/wp\/v2\/comments?post=1919"}],"version-history":[{"count":23,"href":"https:\/\/www.fafich.ufmg.br\/colcs\/wp-json\/wp\/v2\/pages\/1919\/revisions"}],"predecessor-version":[{"id":2476,"href":"https:\/\/www.fafich.ufmg.br\/colcs\/wp-json\/wp\/v2\/pages\/1919\/revisions\/2476"}],"wp:attachment":[{"href":"https:\/\/www.fafich.ufmg.br\/colcs\/wp-json\/wp\/v2\/media?parent=1919"}],"curies":[{"name":"wp","href":"https:\/\/api.w.org\/{rel}","templated":true}]}}