{"id":1989,"date":"2024-04-26T08:54:13","date_gmt":"2024-04-26T11:54:13","guid":{"rendered":"http:\/\/www.fafich.ufmg.br\/colcs\/?page_id=1989"},"modified":"2024-04-26T19:31:57","modified_gmt":"2024-04-26T22:31:57","slug":"continuidade-de-estudos","status":"publish","type":"page","link":"https:\/\/www.fafich.ufmg.br\/colcs\/continuidade-de-estudos\/","title":{"rendered":"Continuidade de Estudos"},"content":{"rendered":"<p>Tendo-se graduado na modalidade Bacharelado em Ci\u00eancias Sociais na UFMG, o aluno pode pedir continuidade de estudos para se graduar em Licenciatura &#8211; e vice-versa.<\/p>\n<ul>\n<li>O requerimento para continuidade de estudos dever\u00e1 ser protocolizado por meio do\u00a0<a href=\"https:\/\/sistemas.ufmg.br\/configuracao-curricular\" target=\"_self\" rel=\"noopener noreferrer\">Sistema Acad\u00eamico de Gradua\u00e7\u00e3o (SIGA)<\/a>, utilizando a funcionalidade <em>Meus Requerimentos de Ocorr\u00eancias<\/em> &#8211;&gt; <em>Continuidade de Estudos<\/em>.<\/li>\n<li>O quadro de vagas \u00e9 publicado semestralmente na p\u00e1gina do <a href=\"http:\/\/www.ufmg.br\/drca\" target=\"_blank\" rel=\"noopener noreferrer\">Departamento de Registro e Controle Acad\u00eamico (DRCA)<\/a>.<\/li>\n<\/ul>\n","protected":false},"excerpt":{"rendered":"<p>Tendo-se graduado na modalidade Bacharelado em Ci\u00eancias Sociais na UFMG, o aluno pode pedir continuidade de estudos para se graduar em Licenciatura &#8211; e vice-versa. O requerimento para continuidade de estudos dever\u00e1 ser protocolizado por meio do\u00a0Sistema Acad\u00eamico de Gradua\u00e7\u00e3o (SIGA), utilizando a funcionalidade Meus Requerimentos de Ocorr\u00eancias &#8211;&gt; Continuidade de Estudos. O quadro de [&hellip;]<\/p>\n","protected":false},"author":1,"featured_media":0,"parent":0,"menu_order":0,"comment_status":"closed","ping_status":"closed","template":"","meta":[],"_links":{"self":[{"href":"https:\/\/www.fafich.ufmg.br\/colcs\/wp-json\/wp\/v2\/pages\/1989"}],"collection":[{"href":"https:\/\/www.fafich.ufmg.br\/colcs\/wp-json\/wp\/v2\/pages"}],"about":[{"href":"https:\/\/www.fafich.ufmg.br\/colcs\/wp-json\/wp\/v2\/types\/page"}],"author":[{"embeddable":true,"href":"https:\/\/www.fafich.ufmg.br\/colcs\/wp-json\/wp\/v2\/users\/1"}],"replies":[{"embeddable":true,"href":"https:\/\/www.fafich.ufmg.br\/colcs\/wp-json\/wp\/v2\/comments?post=1989"}],"version-history":[{"count":4,"href":"https:\/\/www.fafich.ufmg.br\/colcs\/wp-json\/wp\/v2\/pages\/1989\/revisions"}],"predecessor-version":[{"id":2050,"href":"https:\/\/www.fafich.ufmg.br\/colcs\/wp-json\/wp\/v2\/pages\/1989\/revisions\/2050"}],"wp:attachment":[{"href":"https:\/\/www.fafich.ufmg.br\/colcs\/wp-json\/wp\/v2\/media?parent=1989"}],"curies":[{"name":"wp","href":"https:\/\/api.w.org\/{rel}","templated":true}]}}