{"id":2020,"date":"2024-04-26T11:07:28","date_gmt":"2024-04-26T14:07:28","guid":{"rendered":"http:\/\/www.fafich.ufmg.br\/colcs\/?page_id=2020"},"modified":"2025-09-15T10:35:41","modified_gmt":"2025-09-15T13:35:41","slug":"monografia","status":"publish","type":"page","link":"https:\/\/www.fafich.ufmg.br\/colcs\/monografia\/","title":{"rendered":"Monografia"},"content":{"rendered":"<p><strong>Matr\u00edcula:<\/strong><\/p>\n<p>Para se matricular na disciplina monografia, siga estes passos <span style=\"text-decoration: underline;\"><em>no semestre anterior de curso da disciplina<\/em><\/span>:<\/p>\n<p style=\"padding-left: 40px;\">1) Leia atentamente a <a href=\"https:\/\/www.fafich.ufmg.br\/colcs\/wp-content\/uploads\/2019\/08\/Resolu\u00e7\u00e3o-MONOGRAFIA-02-2014.doc\">resolu\u00e7\u00e3o em vigor<\/a> sobre o assunto.<\/p>\n<p style=\"padding-left: 40px;\">2) Busque um orientador entre os departamentos representados no Colegiado de Gradua\u00e7\u00e3o em Ci\u00eancias Sociais: Sociologia, Antropologia e Arqueologia, Ci\u00eancia Pol\u00edtica, Demografia (FACE) ou da Faculdade de Educa\u00e7\u00e3o (FAE).<\/p>\n<p style=\"padding-left: 40px;\">3) Preencha com o professor-orientador um pedido de\u00a0<a href=\"https:\/\/www.fafich.ufmg.br\/colcs\/wp-content\/uploads\/2024\/04\/Aceite-de-orientacao-na-monografia-1.doc\">aceite de orienta\u00e7\u00e3o em monografia<\/a> e envie para a secretaria do colegiado <a href=\"mailto:colcs@fafich.ufmg.br\">por e-mail.<\/a><\/p>\n<p>ATEN\u00c7\u00c3O: Professores de outros departamentos da UFMG s\u00f3 podem orientar mediante aprova\u00e7\u00e3o pr\u00e9via do colegiado de ci\u00eancias sociais. Professores de outras institui\u00e7\u00f5es n\u00e3o podem orientar monografias no curso. A figura do coorientador n\u00e3o \u00e9 regulamentada no curso.<\/p>\n<p><span style=\"text-decoration: underline;\"><em>No semestre em que for cursar a disciplina<\/em><\/span>:<\/p>\n<p style=\"padding-left: 40px;\">4) Durante o <a href=\"https:\/\/www.fafich.ufmg.br\/colcs\/calendario\/\">per\u00edodo regular de matr\u00edcula<\/a> do semestre, matricule-se na disciplina Monografia pelo <a href=\"https:\/\/sistemas.ufmg.br\/configuracao-curricular\" target=\"_self\" rel=\"noopener noreferrer\">Sistema Acad\u00eamico de Gradua\u00e7\u00e3o (SIGA)<\/a>, lembrando de selecionar a turma de seu professor-orientador.<\/p>\n<p>ATEN\u00c7\u00c3O: Para se matricular na disciplina Monografia, o discente deve ter\u00a0 estar devendo para formar no m\u00e1ximo 240 horas-aula, incluindo a pr\u00f3pria monografia e deve ter enviado o aceite, devidamente preenchido, para o colegiado no semestre anterior em que for cursar a disciplina.<\/p>\n<p>&nbsp;<\/p>\n<p><strong>Defesa:<\/strong><\/p>\n<p style=\"padding-left: 40px;\">1) O formato da monografia deve seguir as <a href=\"https:\/\/www.bu.ufmg.br\/bcentral\/normalizacao\/\">diretrizes para normaliza\u00e7\u00e3o de trabalhos acad\u00eamicos da UFMG<\/a>.<\/p>\n<p style=\"padding-left: 40px;\">2) Al\u00e9m do professor-orientador (que presidir\u00e1 a banca de defesa de monografia), deve haver pelo menos <em>um <\/em>membro arguidor da banca, que pode ser (a) docente de qualquer departamento da UFMG ou (b) docente de outra institui\u00e7\u00e3o de ensino superior, com titula\u00e7\u00e3o m\u00ednima de mestre.<\/p>\n<p style=\"padding-left: 40px;\">2) Pode haver mais de um arguidor na banca, caso desejado, mas todos nomes devem ser acordados previamente entre aluno e professor-orientador.<\/p>\n<p style=\"padding-left: 40px;\">3) A escolha e o contato com a banca, data e hor\u00e1rio da defesa e outras quest\u00f5es log\u00edsticas s\u00e3o de responsabilidade do aluno, idealmente auxiliado pelo seu professor-orientador, e n\u00e3o precisam passar pelo colegiado.<\/p>\n<p style=\"padding-left: 40px;\">4) O agendamento de sala (se a defesa for presencial) \u00e9 igualmente de responsabilidade do aluno, que deve entrar em contato com a <a href=\"mailto:gerencia@fafich.ufmg.br\">Ger\u00eancia da FAFICH<\/a>.<\/p>\n<p style=\"padding-left: 40px;\">5) No m\u00ednimo <em>5 dias \u00fateis antes da data escolhida para a defesa<\/em> dever\u00e1 ser feito um agendamento da defesa no colegiado, mediante o envio de um cartaz devidamente preenchido\u00a0(seguindo o <a href=\"https:\/\/www.fafich.ufmg.br\/colcs\/wp-content\/uploads\/2024\/04\/CARTAZ-DE-DEFESA-MONOGRAFIA-1.doc\">modelo anexo<\/a>) por <a href=\"mailto:colcs@fafich.ufmg.br\">e-mail ao colegiado<\/a>.<\/p>\n<p style=\"padding-left: 40px;\">6) Defesas de monografia s\u00e3o eventos p\u00fablicos e devem permitir a presen\u00e7a de uma plateia. O rito da defesa ser\u00e1 presidido pelo professor-orientador.<\/p>\n<p style=\"padding-left: 40px;\">7) Ap\u00f3s a defesa, uma <a href=\"https:\/\/www.fafich.ufmg.br\/colcs\/wp-content\/uploads\/2024\/04\/ATA-WORD-1.docx\">ata de defesa da monografia<\/a> dever\u00e1 ser enviada por <a href=\"mailto:colcs@fafich.ufmg.br\">e-mail ao colegiado<\/a>, devidamente editada pelo professor-orientador e assinada por todos os membros da banca.<\/p>\n<p style=\"padding-left: 40px;\">8) Monografia \u00e9 considerada uma disciplina de 4 cr\u00e9ditos (60 horas) e tem nota de 0 a 100, que dever\u00e1 ser lan\u00e7ada no sistema di\u00e1rio pelo professor-orientador dentro do prazo regulamentar do semestre. Logo, \u00e9 preciso que a defesa aconte\u00e7a dentro do semestre letivo.<\/p>\n<p>ATEN\u00c7\u00c3O: Como qualquer disciplina, Monografia pode ser trancada seguindo o <a href=\"https:\/\/www.fafich.ufmg.br\/colcs\/trancamento-de-matricula\/\">procedimento<\/a> e o <a href=\"https:\/\/www.fafich.ufmg.br\/colcs\/trancamento-de-matricula\/\">calend\u00e1rio acad\u00eamico<\/a>.<\/p>\n<p>ATEN\u00c7\u00c3O: O discente que foi matriculado em Monografia e tiver trancado ou reprovado, para se matricular novamente na disciplina no pr\u00f3ximo semestre dever\u00e1 enviar o aceite novamente ao colegiado na data estipulada no cronograma.<\/p>\n<p>ATEN\u00c7\u00c3O: O cronograma com as datas-limite para envio do cartaz, do aceite e realiza\u00e7\u00e3o da defesa ser\u00e1 divulgado a cada semestre <a href=\"https:\/\/www.fafich.ufmg.br\/colcs\/calendario\/\">neste site<\/a> e\/ou por e-mail.<\/p>\n<p>&nbsp;<\/p>\n<p><strong>Envio:<\/strong><\/p>\n<p style=\"padding-left: 40px;\">1) Ap\u00f3s a defesa, dependendo da avalia\u00e7\u00e3o a banca, pode ser <em>opcional <\/em>ou <em>obrigat\u00f3rio<\/em> fazer ajustes em seu texto seguindo orienta\u00e7\u00e3o da banca. Nesses casos, o aluno tem at\u00e9 30 dias para fazer as altera\u00e7\u00f5es necess\u00e1rias ou desejadas.<\/p>\n<p style=\"padding-left: 40px;\">2) Feitas as altera\u00e7\u00f5es (ou se elas n\u00e3o forem necess\u00e1rias), \u00e9 <em>obrigat\u00f3rio\u00a0<\/em>enviar para o colegiado uma c\u00f3pia em pdf da vers\u00e3o final da monografia, que ficar\u00e1 dispon\u00edvel no <a href=\"https:\/\/www.fafich.ufmg.br\/colcs\/monografias-defendidas\/\">reposit\u00f3rio de monografias do colegiado.<\/a><\/p>\n<p>OBSERVA\u00c7\u00c3O: Monografias defendidas na UFMG s\u00e3o documentos p\u00fablicos e por isso v\u00e3o para o reposit\u00f3rio p\u00fablico, Em casos excepcionais em que a monografia contenha conte\u00fado sens\u00edvel, deve-se enviar para o colegiado <a href=\"mailto:coordenacaocsufmg@gmail.com\">por e-mail<\/a> a vers\u00e3o final da monografia junto com um documento explicando a situa\u00e7\u00e3o, que ser\u00e1 analisado pelo colegiado. Caso aceite, apenas o t\u00edtulo e o resumo ficar\u00e3o dispon\u00edveis no reposit\u00f3rio.<\/p>\n<div><\/div>\n","protected":false},"excerpt":{"rendered":"<p>Matr\u00edcula: Para se matricular na disciplina monografia, siga estes passos no semestre anterior de curso da disciplina: 1) Leia atentamente a resolu\u00e7\u00e3o em vigor sobre o assunto. 2) Busque um orientador entre os departamentos representados no Colegiado de Gradua\u00e7\u00e3o em Ci\u00eancias Sociais: Sociologia, Antropologia e Arqueologia, Ci\u00eancia Pol\u00edtica, Demografia (FACE) ou da Faculdade de Educa\u00e7\u00e3o [&hellip;]<\/p>\n","protected":false},"author":1,"featured_media":0,"parent":0,"menu_order":0,"comment_status":"closed","ping_status":"closed","template":"","meta":[],"_links":{"self":[{"href":"https:\/\/www.fafich.ufmg.br\/colcs\/wp-json\/wp\/v2\/pages\/2020"}],"collection":[{"href":"https:\/\/www.fafich.ufmg.br\/colcs\/wp-json\/wp\/v2\/pages"}],"about":[{"href":"https:\/\/www.fafich.ufmg.br\/colcs\/wp-json\/wp\/v2\/types\/page"}],"author":[{"embeddable":true,"href":"https:\/\/www.fafich.ufmg.br\/colcs\/wp-json\/wp\/v2\/users\/1"}],"replies":[{"embeddable":true,"href":"https:\/\/www.fafich.ufmg.br\/colcs\/wp-json\/wp\/v2\/comments?post=2020"}],"version-history":[{"count":15,"href":"https:\/\/www.fafich.ufmg.br\/colcs\/wp-json\/wp\/v2\/pages\/2020\/revisions"}],"predecessor-version":[{"id":2425,"href":"https:\/\/www.fafich.ufmg.br\/colcs\/wp-json\/wp\/v2\/pages\/2020\/revisions\/2425"}],"wp:attachment":[{"href":"https:\/\/www.fafich.ufmg.br\/colcs\/wp-json\/wp\/v2\/media?parent=2020"}],"curies":[{"name":"wp","href":"https:\/\/api.w.org\/{rel}","templated":true}]}}