{"id":2076,"date":"2024-04-30T07:37:57","date_gmt":"2024-04-30T10:37:57","guid":{"rendered":"https:\/\/www.fafich.ufmg.br\/colcs\/?page_id=2076"},"modified":"2024-04-30T08:43:38","modified_gmt":"2024-04-30T11:43:38","slug":"declaracoes","status":"publish","type":"page","link":"https:\/\/www.fafich.ufmg.br\/colcs\/declaracoes\/","title":{"rendered":"Declara\u00e7\u00f5es"},"content":{"rendered":"<p>A maioria das declara\u00e7\u00f5es que os alunos necessitam est\u00e3o dispon\u00edveis pelo <span class=\"ILfuVd\"><span class=\"hgKElc\"><a href=\"https:\/\/sistemas.ufmg.br\/configuracao-curricular\" target=\"_self\" rel=\"noopener noreferrer\">Sistema Acad\u00eamico de Gradua\u00e7\u00e3o (SIGA)<\/a>, via portal MinhaUFMG<\/span><\/span>:<\/p>\n<ul>\n<li>Comprovante de Matr\u00edcula (<a href=\"https:\/\/www.ufmg.br\/dri\/wp-content\/uploads\/2021\/05\/tutorial-comprovante-de-matrc3adcula.pdf\">tutorial<\/a>)<\/li>\n<li>Extrato de Integraliza\u00e7\u00e3o (<a href=\"https:\/\/www2.ufmg.br\/quimica\/content\/download\/29842\/199432\/file\/Extrato%20de%20integraliza%C3%A7%C3%A3o.pdf\">tutorial<\/a>)<\/li>\n<li>Hist\u00f3rico Escolar com confer\u00eancia de autenticidade (<a href=\"https:\/\/www2.ufmg.br\/drca\/content\/download\/28607\/191172\/file\/emissaohistoricoqrcode_vers%C3%A3o%20final.pdf\">tutorial<\/a>)<\/li>\n<\/ul>\n<hr \/>\n<p>Devem ser solicitadas na Central de Atendimento da Gradua\u00e7\u00e3o (CEAG), sala 2033, segundo andar da FAFICH:<\/p>\n<ul>\n<li>Declara\u00e7\u00f5es de matr\u00edcula<\/li>\n<li>Declara\u00e7\u00f5es de frequ\u00eancia<\/li>\n<\/ul>\n<hr \/>\n<p>A \u00fanica declara\u00e7\u00e3o que necessita ser expedida pelo colegiado <a href=\"mailto:colcs@fafich.ufmg.br\">por e-mail<\/a> \u00e9:<\/p>\n<ul>\n<li>Previs\u00e3o de Formatura (que <em>pode<\/em> incluir declara\u00e7\u00e3o de matr\u00edcula e\/ou frequ\u00eancia)<\/li>\n<\/ul>\n<p>&nbsp;<\/p>\n<p>&nbsp;<\/p>\n","protected":false},"excerpt":{"rendered":"<p>A maioria das declara\u00e7\u00f5es que os alunos necessitam est\u00e3o dispon\u00edveis pelo Sistema Acad\u00eamico de Gradua\u00e7\u00e3o (SIGA), via portal MinhaUFMG: Comprovante de Matr\u00edcula (tutorial) Extrato de Integraliza\u00e7\u00e3o (tutorial) Hist\u00f3rico Escolar com confer\u00eancia de autenticidade (tutorial) Devem ser solicitadas na Central de Atendimento da Gradua\u00e7\u00e3o (CEAG), sala 2033, segundo andar da FAFICH: Declara\u00e7\u00f5es de matr\u00edcula Declara\u00e7\u00f5es de [&hellip;]<\/p>\n","protected":false},"author":1,"featured_media":0,"parent":0,"menu_order":0,"comment_status":"closed","ping_status":"closed","template":"","meta":[],"_links":{"self":[{"href":"https:\/\/www.fafich.ufmg.br\/colcs\/wp-json\/wp\/v2\/pages\/2076"}],"collection":[{"href":"https:\/\/www.fafich.ufmg.br\/colcs\/wp-json\/wp\/v2\/pages"}],"about":[{"href":"https:\/\/www.fafich.ufmg.br\/colcs\/wp-json\/wp\/v2\/types\/page"}],"author":[{"embeddable":true,"href":"https:\/\/www.fafich.ufmg.br\/colcs\/wp-json\/wp\/v2\/users\/1"}],"replies":[{"embeddable":true,"href":"https:\/\/www.fafich.ufmg.br\/colcs\/wp-json\/wp\/v2\/comments?post=2076"}],"version-history":[{"count":5,"href":"https:\/\/www.fafich.ufmg.br\/colcs\/wp-json\/wp\/v2\/pages\/2076\/revisions"}],"predecessor-version":[{"id":2087,"href":"https:\/\/www.fafich.ufmg.br\/colcs\/wp-json\/wp\/v2\/pages\/2076\/revisions\/2087"}],"wp:attachment":[{"href":"https:\/\/www.fafich.ufmg.br\/colcs\/wp-json\/wp\/v2\/media?parent=2076"}],"curies":[{"name":"wp","href":"https:\/\/api.w.org\/{rel}","templated":true}]}}