{"id":2116,"date":"2024-06-09T09:00:10","date_gmt":"2024-06-09T12:00:10","guid":{"rendered":"https:\/\/www.fafich.ufmg.br\/colcs\/?page_id=2116"},"modified":"2026-03-19T09:57:46","modified_gmt":"2026-03-19T12:57:46","slug":"regime-academico-especial-para-permanencia-raep","status":"publish","type":"page","link":"https:\/\/www.fafich.ufmg.br\/colcs\/regime-academico-especial-para-permanencia-raep\/","title":{"rendered":"Regime Acad\u00eamico Especial para Perman\u00eancia (RAEP) e Regime Especial (RE)"},"content":{"rendered":"<p>Desde 2023, a UFMG vem implementando &#8211; ainda em car\u00e1ter experimental &#8211; o RAEP, regime que poder\u00e1 ser concedido ao estudante requerente que se encontrar em uma ou mais das seguintes condi\u00e7\u00f5es, permanentes<br \/>\nou transit\u00f3rias, que comprometam, significativamente, a sua capacidade de dar prosseguimento aos seus estudos no ritmo padr\u00e3o previsto na proposta formativa do curso de v\u00ednculo e manter a sua perman\u00eancia qualificada na Universidade:<\/p>\n<p>I &#8211; doen\u00e7a cr\u00f4nica ou prolongada;<br \/>\nII &#8211; defici\u00eancias;<br \/>\nIII &#8211; sofrimento mental;<br \/>\nIV &#8211; gesta\u00e7\u00e3o;<br \/>\nV &#8211; guarda e companhia de filhos com menos de 4 (quatro) anos;<br \/>\nVI &#8211; responsabilidade legal por cuidados a pessoas doentes ou com defici\u00eancias;<br \/>\nVII &#8211; outras situa\u00e7\u00f5es an\u00e1logas consideradas pertinente<\/p>\n<p>Note-se que o fato de um estudante se encontrar em uma ou mais das situa\u00e7\u00f5es previstas <strong>n\u00e3o \u00e9 condi\u00e7\u00e3o suficiente<\/strong> para concess\u00e3o do RAEP. Cada caso ser\u00e1 analisado e acompanhado individualmente.<\/p>\n<p>O RAEP prev\u00ea apenas a flexibiliza\u00e7\u00e3o de regras acad\u00eamicas e a adapta\u00e7\u00e3o de estrat\u00e9gias e recursos pedag\u00f3gicos, segundo as possibilidades operacionais e educativas da Universidade. A todes alunes em RAEP, ser\u00e1 concedido:<\/p>\n<p>a) O Tempo M\u00e1ximo de Integraliza\u00e7\u00e3o (TMIR) ser\u00e1 recalculado, automaticamente, beneficiando o estudante com amplia\u00e7\u00e3o desse tempo.<br \/>\nb) As regras de desligamento relacionadas ao percentual de integraliza\u00e7\u00e3o do Curso passar\u00e3o a considerar o TMIR estendido.<br \/>\nc) A primeira ocorr\u00eancia autom\u00e1tica de desligamento por desempenho acad\u00eamico insuficiente ser\u00e1 acompanhada de reinclus\u00e3o administrativa autom\u00e1tica.<\/p>\n<p>Em casos espec\u00edficos, a estudante poder\u00e1 contar com as seguintes possibilidades de mudan\u00e7as:<\/p>\n<p>a) Plano de estudos prevendo matr\u00edcula abaixo do limite m\u00ednimo de cr\u00e9ditos previsto no percurso curricular de v\u00ednculo;<br \/>\nb) Flexibiliza\u00e7\u00e3o dos crit\u00e9rios de matr\u00edcula;<br \/>\nc) Adapta\u00e7\u00f5es de estrat\u00e9gias did\u00e1tico-pedag\u00f3gicas;<br \/>\nd) Ritos simplificados para trancamento total ou parcial.<\/p>\n<p>O RAEP <strong>n\u00e3o prev\u00ea:<\/strong><\/p>\n<p>a) Abono de faltas;<br \/>\nb) Reposi\u00e7\u00e3o de aulas perdidas;<br \/>\nc) Altera\u00e7\u00e3o de modalidade de aula (aulas \u00e0 dist\u00e2ncia para atividades usualmente presenciais)<br \/>\nd) Flexibiliza\u00e7\u00e3o da estrutura curricular do percurso em que est\u00e1 inserido. A estudante n\u00e3o deixar\u00e1 de cursar nenhuma componente curricular.<\/p>\n<p>Em breve, o RAEP ser\u00e1 inclu\u00eddo no sistema SIGA pela UFMG, at\u00e9 l\u00e1, se voc\u00ea acha que se enquadra nas condi\u00e7\u00f5es do RAEP e que pode ser importante pedi-lo, siga esses passos:<\/p>\n<ol>\n<li>Leia com aten\u00e7\u00e3o o manual com perguntas mais frequentes sobre o RAEP, <a href=\"https:\/\/www.ufmg.br\/prograd\/regime-academico-especial-para-permanencia\/\">dispon\u00edvel no site da PROGRAD<\/a>.<\/li>\n<li><a href=\"https:\/\/docs.google.com\/document\/d\/1G6CwRqtnZgnITLeEPuivZ_84Ridmj6yh\/edit?usp=sharing&amp;ouid=104993605212849061992&amp;rtpof=true&amp;sd=true\">Formul\u00e1rio para solicita\u00e7\u00e3o pelo estudante de regime acad\u00eamico especial para perman\u00eancia (RAEP).\u00a0<\/a><\/li>\n<li>Entre em contato com o colegiado <a href=\"mailto:colcs@fafich.ufmg.br\">por e-mail<\/a> ou <a href=\"https:\/\/www.fafich.ufmg.br\/colcs\/contato\/\">presencialmente<\/a> expondo sua situa\u00e7\u00e3o.<\/li>\n<\/ol>\n<hr \/>\n<p>Apesar do nome parecido, o RAEP <strong>n\u00e3o<\/strong> equivale <strong>nem<\/strong> substitui o <a href=\"https:\/\/www.fafich.ufmg.br\/colcs\/wp-content\/uploads\/2024\/06\/Resolucao-REGIME-ESPECIAL-14-2019.pdf\">Regime Especial<\/a> (RE) regulamentado por lei federal de 1969. Este prev\u00ea outros mecanismos para as alunas contempladas, mas s\u00f3 pode ser requisitado em dois casos espec\u00edficos:<\/p>\n<p style=\"padding-left: 40px;\">I &#8211; estudantes portadores de afec\u00e7\u00f5es cong\u00eanitas ou adquiridas, infec\u00e7\u00f5es, traumatismo ou outras condi\u00e7\u00f5es m\u00f3rbidas incompat\u00edveis com a frequ\u00eancia \u00e0s aulas, determinando dist\u00farbios agudos ou agudizados;<\/p>\n<p style=\"padding-left: 40px;\">II &#8211; estudantes gestantes, a partir do oitavo m\u00eas de gesta\u00e7\u00e3o e durante 03 (tr\u00eas) meses.<\/p>\n<p>Em situa\u00e7\u00f5es espec\u00edficas, pode-se pedir RAEP e RE simultaneamente, mas eles ser\u00e3o analisados separadamente pelo colegiado.<\/p>\n<p>Caso deseje requisitar RE:<\/p>\n<ol>\n<li>Leia com aten\u00e7\u00e3o o <a href=\"https:\/\/www.fafich.ufmg.br\/colcs\/wp-content\/uploads\/2024\/06\/Resolucao-REGIME-ESPECIAL-14-2019.pdf\">regulamento da UFMG<\/a> sobre Regime Especial.<\/li>\n<li>Entre em contato com o colegiado <a href=\"mailto:colcs@fafich.ufmg.br\">por e-mail<\/a> ou <a href=\"https:\/\/www.fafich.ufmg.br\/colcs\/contato\/\">presencialmente<\/a> expondo sua situa\u00e7\u00e3o.<\/li>\n<\/ol>\n<hr \/>\n","protected":false},"excerpt":{"rendered":"<p>Desde 2023, a UFMG vem implementando &#8211; ainda em car\u00e1ter experimental &#8211; o RAEP, regime que poder\u00e1 ser concedido ao estudante requerente que se encontrar em uma ou mais das seguintes condi\u00e7\u00f5es, permanentes ou transit\u00f3rias, que comprometam, significativamente, a sua capacidade de dar prosseguimento aos seus estudos no ritmo padr\u00e3o previsto na proposta formativa do [&hellip;]<\/p>\n","protected":false},"author":1,"featured_media":0,"parent":0,"menu_order":0,"comment_status":"closed","ping_status":"closed","template":"","meta":[],"_links":{"self":[{"href":"https:\/\/www.fafich.ufmg.br\/colcs\/wp-json\/wp\/v2\/pages\/2116"}],"collection":[{"href":"https:\/\/www.fafich.ufmg.br\/colcs\/wp-json\/wp\/v2\/pages"}],"about":[{"href":"https:\/\/www.fafich.ufmg.br\/colcs\/wp-json\/wp\/v2\/types\/page"}],"author":[{"embeddable":true,"href":"https:\/\/www.fafich.ufmg.br\/colcs\/wp-json\/wp\/v2\/users\/1"}],"replies":[{"embeddable":true,"href":"https:\/\/www.fafich.ufmg.br\/colcs\/wp-json\/wp\/v2\/comments?post=2116"}],"version-history":[{"count":7,"href":"https:\/\/www.fafich.ufmg.br\/colcs\/wp-json\/wp\/v2\/pages\/2116\/revisions"}],"predecessor-version":[{"id":2478,"href":"https:\/\/www.fafich.ufmg.br\/colcs\/wp-json\/wp\/v2\/pages\/2116\/revisions\/2478"}],"wp:attachment":[{"href":"https:\/\/www.fafich.ufmg.br\/colcs\/wp-json\/wp\/v2\/media?parent=2116"}],"curies":[{"name":"wp","href":"https:\/\/api.w.org\/{rel}","templated":true}]}}