{"id":2139,"date":"2024-06-25T11:37:26","date_gmt":"2024-06-25T14:37:26","guid":{"rendered":"https:\/\/www.fafich.ufmg.br\/colcs\/?page_id=2139"},"modified":"2025-09-09T09:43:39","modified_gmt":"2025-09-09T12:43:39","slug":"formacao-transversal-e-formacao-complementar-aberta","status":"publish","type":"page","link":"https:\/\/www.fafich.ufmg.br\/colcs\/formacao-transversal-e-formacao-complementar-aberta\/","title":{"rendered":"Forma\u00e7\u00e3o Transversal e Forma\u00e7\u00e3o Complementar Aberta"},"content":{"rendered":"<p>A UFMG oferece duas formas de diversificar e flexibilizar sua forma\u00e7\u00e3o, ainda permanecendo no seu curso: Forma\u00e7\u00e3o Complementar Aberta (FCA) e Forma\u00e7\u00e3o Transversal (FT).<\/p>\n<hr \/>\n<p>Na <strong>Forma\u00e7\u00e3o Complementar Aberta,<\/strong> o aluno cursa 300 horas de disciplinas do <em>outro curso de gradua\u00e7\u00e3o<\/em> da UFMG. Para solicit\u00e1-la, seguindo o <a href=\"https:\/\/www.fafich.ufmg.br\/colcs\/calendario\/\">calend\u00e1rio acad\u00eamico<\/a>, \u00e9 necess\u00e1rio:<\/p>\n<p>1) Discutir a ideia com um professor-orientador do curso de origem do aluno e com o coordenador do curso em que quer obter forma\u00e7\u00e3o complementar.<\/p>\n<p>2) Preencher o<a href=\"https:\/\/www.fafich.ufmg.br\/colcs\/wp-content\/uploads\/2021\/05\/Formulario-para-Formacao-complementar.pdf\"> formul\u00e1rio<\/a>, no qual deve constar as disciplinas a serem cursadas somando uma carga hor\u00e1ria de 300 horas-aula\u00a0 enviar para o colegiado por <a href=\"mailto:colcs@fafich.ufmg.br\">e-mail<\/a>.<\/p>\n<p>3) Ap\u00f3s aprovado pelo colegiado, o aluno j\u00e1 estar\u00e1 no percurso com FCA. As 300 horas-aula que fizer no outro curso substituir\u00e3o disciplinas optativas comuns de Ci\u00eancias Sociais.<\/p>\n<p>4) Reformular no SIGA o plano de estudos incluindo atividades acad\u00eamicas de FCA, visando matr\u00edcula no semestre seguinte.<\/p>\n<p>5) No semestre em que for cursar disciplinas de FCA, no momento da terceira fase da matr\u00edcula, solicitar ao departamento ofertante vagas nas disciplinas escolhidas.<\/p>\n<p>ATEN\u00c7\u00c3O: N\u00e3o poder\u00e3o ser inclu\u00eddas no plano disciplinas de p\u00f3s-gradua\u00e7\u00e3o.<\/p>\n<p>ATEN\u00c7\u00c3O: A inclus\u00e3o de disciplinas no plano n\u00e3o significa necessariamente que a disciplina ser\u00e1 ofertada durante o per\u00edodo que o aluno pretende cursar, nem garante a disponibilidade de vagas caso elas sejam ofertadas.<\/p>\n<hr \/>\n<p>Na <strong>Forma\u00e7\u00e3o Transversal<\/strong>, o aluno escolhe <a href=\"https:\/\/www.ufmg.br\/prograd\/projetos-das-formacoes-transversais\/\">um dos eixos transdisciplinares<\/a> oferecidos pela UFMG, abordando tem\u00e1ticas espec\u00edficas que n\u00e3o est\u00e3o vinculadas a um curso de gradua\u00e7\u00e3o espec\u00edfico da UFMG. S\u00e3o abertas a estudantes de todos os cursos de gradua\u00e7\u00e3o da UFMG. O estudante que concluir uma Forma\u00e7\u00e3o Transversal ter\u00e1 direito a um certificado pr\u00f3prio da forma\u00e7\u00e3o expedido pela <a href=\"mailto:transversal@prograd.ufmg.br\">secretaria de Forma\u00e7\u00e3o Transversal<\/a>. Mais informa\u00e7\u00f5es na p\u00e1gina da <a href=\"https:\/\/www.ufmg.br\/prograd\/formacao-transversal\/\">Pr\u00f3-Reitoria de Gradua\u00e7\u00e3o (PROGRAD)<\/a>.<\/p>\n","protected":false},"excerpt":{"rendered":"<p>A UFMG oferece duas formas de diversificar e flexibilizar sua forma\u00e7\u00e3o, ainda permanecendo no seu curso: Forma\u00e7\u00e3o Complementar Aberta (FCA) e Forma\u00e7\u00e3o Transversal (FT). Na Forma\u00e7\u00e3o Complementar Aberta, o aluno cursa 300 horas de disciplinas do outro curso de gradua\u00e7\u00e3o da UFMG. Para solicit\u00e1-la, seguindo o calend\u00e1rio acad\u00eamico, \u00e9 necess\u00e1rio: 1) Discutir a ideia com [&hellip;]<\/p>\n","protected":false},"author":1,"featured_media":0,"parent":0,"menu_order":0,"comment_status":"closed","ping_status":"closed","template":"","meta":[],"_links":{"self":[{"href":"https:\/\/www.fafich.ufmg.br\/colcs\/wp-json\/wp\/v2\/pages\/2139"}],"collection":[{"href":"https:\/\/www.fafich.ufmg.br\/colcs\/wp-json\/wp\/v2\/pages"}],"about":[{"href":"https:\/\/www.fafich.ufmg.br\/colcs\/wp-json\/wp\/v2\/types\/page"}],"author":[{"embeddable":true,"href":"https:\/\/www.fafich.ufmg.br\/colcs\/wp-json\/wp\/v2\/users\/1"}],"replies":[{"embeddable":true,"href":"https:\/\/www.fafich.ufmg.br\/colcs\/wp-json\/wp\/v2\/comments?post=2139"}],"version-history":[{"count":4,"href":"https:\/\/www.fafich.ufmg.br\/colcs\/wp-json\/wp\/v2\/pages\/2139\/revisions"}],"predecessor-version":[{"id":2423,"href":"https:\/\/www.fafich.ufmg.br\/colcs\/wp-json\/wp\/v2\/pages\/2139\/revisions\/2423"}],"wp:attachment":[{"href":"https:\/\/www.fafich.ufmg.br\/colcs\/wp-json\/wp\/v2\/media?parent=2139"}],"curies":[{"name":"wp","href":"https:\/\/api.w.org\/{rel}","templated":true}]}}