{"id":2345,"date":"2025-05-27T12:05:48","date_gmt":"2025-05-27T15:05:48","guid":{"rendered":"https:\/\/www.fafich.ufmg.br\/colcs\/?page_id=2345"},"modified":"2025-06-09T10:52:50","modified_gmt":"2025-06-09T13:52:50","slug":"colacao-de-grau","status":"publish","type":"page","link":"https:\/\/www.fafich.ufmg.br\/colcs\/colacao-de-grau\/","title":{"rendered":"Cola\u00e7\u00e3o de Grau"},"content":{"rendered":"<p>Alunos que pretendem colar grau no atual semestre semestre devem enviar o <a href=\"https:\/\/www.fafich.ufmg.br\/colcs\/wp-content\/uploads\/2019\/08\/Formula\u00edrio-solicitar-Cola\u00e7\u00e3o-de-Grau-1.pdf\">Formul\u00e1rio Cola\u00e7\u00e3o de Grau<\/a> devidamente preenchido por <a href=\"colcs@fafich.ufmg.br\">e-mail<\/a>, seguindo o <a href=\"https:\/\/www.fafich.ufmg.br\/colcs\/calendario\/\">calend\u00e1rio<\/a> acad\u00eamico.<\/p>\n<p>Al\u00e9m disso, dever\u00e3o ser enviados os seguintes documentos para solicita\u00e7\u00e3o de diploma &#8211; em um s\u00f3 arquivo, formato pdf:<\/p>\n<ul>\n<li>C\u00f3pias leg\u00edveis da certid\u00e3o de nascimento ou casamento (se houver mudan\u00e7a de nome);<\/li>\n<li>Identidade e CPF<\/li>\n<li>Nada consta da biblioteca*<\/li>\n<\/ul>\n<p><em>* Quando a biblioteca emitir o nada consta, o aluno <strong>n\u00e3o poder\u00e1 mais fazer empr\u00e9stimo na rede de Bibliotecas Universit\u00e1rias da UFMG<\/strong>. Assim sendo, n\u00e3o h\u00e1 problemas em entregar o nada consta posteriormente, no final do semestre letivo. Entretanto, este colegiado pede que, quando envi\u00e1-lo, anexar ao restante da documenta\u00e7\u00e3o num \u00fanico pdf.<\/em><\/p>\n<p>Alunos de bacharelado dever\u00e3o entregar, ainda, imediatamente depois da assinatura da ata (ou depois da reformula\u00e7\u00e3o caso ela seja indicada pela banca):<\/p>\n<ul>\n<li>Vers\u00e3o final da <a href=\"https:\/\/www.fafich.ufmg.br\/colcs\/monografia\/\">monografia<\/a>.<\/li>\n<\/ul>\n<p>&nbsp;<\/p>\n<p>ATEN\u00c7\u00c3O: Em todos os casos, o aluno deve ter 100% de integraliza\u00e7\u00e3o da carga hor\u00e1ria e estar com situa\u00e7\u00e3o regularizada no Enade.<\/p>\n<p>ATEN\u00c7\u00c3O: Casos de cola\u00e7\u00e3o fora do prazo devem ser devidamente justificados e documentados, <a href=\"colcs@fafich.ufmg.br\">por e-mail<\/a>. Estes pedidos especiais ser\u00e3o analisados pela secretaria geral da Fafich.<\/p>\n","protected":false},"excerpt":{"rendered":"<p>Alunos que pretendem colar grau no atual semestre semestre devem enviar o Formul\u00e1rio Cola\u00e7\u00e3o de Grau devidamente preenchido por e-mail, seguindo o calend\u00e1rio acad\u00eamico. Al\u00e9m disso, dever\u00e3o ser enviados os seguintes documentos para solicita\u00e7\u00e3o de diploma &#8211; em um s\u00f3 arquivo, formato pdf: C\u00f3pias leg\u00edveis da certid\u00e3o de nascimento ou casamento (se houver mudan\u00e7a de [&hellip;]<\/p>\n","protected":false},"author":1,"featured_media":0,"parent":0,"menu_order":0,"comment_status":"closed","ping_status":"closed","template":"","meta":[],"_links":{"self":[{"href":"https:\/\/www.fafich.ufmg.br\/colcs\/wp-json\/wp\/v2\/pages\/2345"}],"collection":[{"href":"https:\/\/www.fafich.ufmg.br\/colcs\/wp-json\/wp\/v2\/pages"}],"about":[{"href":"https:\/\/www.fafich.ufmg.br\/colcs\/wp-json\/wp\/v2\/types\/page"}],"author":[{"embeddable":true,"href":"https:\/\/www.fafich.ufmg.br\/colcs\/wp-json\/wp\/v2\/users\/1"}],"replies":[{"embeddable":true,"href":"https:\/\/www.fafich.ufmg.br\/colcs\/wp-json\/wp\/v2\/comments?post=2345"}],"version-history":[{"count":5,"href":"https:\/\/www.fafich.ufmg.br\/colcs\/wp-json\/wp\/v2\/pages\/2345\/revisions"}],"predecessor-version":[{"id":2356,"href":"https:\/\/www.fafich.ufmg.br\/colcs\/wp-json\/wp\/v2\/pages\/2345\/revisions\/2356"}],"wp:attachment":[{"href":"https:\/\/www.fafich.ufmg.br\/colcs\/wp-json\/wp\/v2\/media?parent=2345"}],"curies":[{"name":"wp","href":"https:\/\/api.w.org\/{rel}","templated":true}]}}