{"id":2461,"date":"2026-02-09T10:03:58","date_gmt":"2026-02-09T13:03:58","guid":{"rendered":"https:\/\/www.fafich.ufmg.br\/colcs\/?page_id=2461"},"modified":"2026-02-09T10:04:59","modified_gmt":"2026-02-09T13:04:59","slug":"matricula","status":"publish","type":"page","link":"https:\/\/www.fafich.ufmg.br\/colcs\/matricula\/","title":{"rendered":"Matr\u00edcula"},"content":{"rendered":"<p>A matr\u00edcula na UFMG \u00e9 realizada a cada semestre letivo, nos per\u00edodos fixados no <a href=\"https:\/\/www.ufmg.br\/a-universidade\/calendario-escolar\/\">Calend\u00e1rio Acad\u00eamico da Universidade<\/a>. Datas espec\u00edficas do colegiado est\u00e3o <a href=\"https:\/\/www.fafich.ufmg.br\/colcs\/calendario\/\">aqui<\/a>.<\/p>\n<p>&nbsp;<\/p>\n<p>Alunos novos (calouros), ao ingressarem na UFMG, devem fazer o seu registro acad\u00eamico antes de efetuar matr\u00edcula nas atividades acad\u00eamicas de seu curso de op\u00e7\u00e3o. Para realizar essas a\u00e7\u00f5es ele recebe orienta\u00e7\u00e3o da institui\u00e7\u00e3o.<\/p>\n<p>&nbsp;<\/p>\n<p>Para os demais alunos (veteranos), a matr\u00edcula ocorre em quatro fases. Leia atentamente o <a href=\"https:\/\/www2.ufmg.br\/drca\/content\/download\/27502\/184454\/file\/Manual%20do%20Aluno%20_Matr%C3%ADcula.pdf\">manual<\/a> para detalhes de cada uma:<\/p>\n<p>* Primeira fase: requerimento de matr\u00edcula. \u00c9 a mais importante e \u00e9 obrigat\u00f3ria. Feita pelo aluno via <a href=\"https:\/\/sistemas.ufmg.br\/configuracao-curricular\">Siga<\/a>.<\/p>\n<p>&#8211; Aqui, voc\u00ea deve matricular-se em <em>todas<\/em> disciplinas obrigat\u00f3rias e optativas do curso que pretende se matricular no semestre que se inicia.<\/p>\n<p>&#8211; N\u00e3o deixe para incluir disciplinas nas pr\u00f3ximas fases (exceto FCA, FL e FT), pois as vagas podem se esgotar, e as pr\u00f3ximas fases dependem de aprova\u00e7\u00e3o do colegiado. Apenas na primeira voc\u00ea tem autonomia para escolher exatamente o que quer.<\/p>\n<p>&#8211; Lembre-se de matricular-se em no m\u00ednimo 180 e no m\u00e1ximo 420 horas-aula, contando horas pr\u00e1ticas.<\/p>\n<p>&#8211; Lembre-se de n\u00e3o requisitar disciplinas para as quais voc\u00ea ainda n\u00e3o cumpriu pr\u00e9-requisitos (ex: disciplinas com n\u00famero II n\u00e3o podem ser feitas antes ou junto com disciplinas com n\u00famero I).<\/p>\n<p>&#8211; O resultado desta fase \u00e9 sempre alguns dias depois.<\/p>\n<p>&nbsp;<\/p>\n<p>* Segunda fase: inclus\u00e3o de novas atividades, optativas ou obrigat\u00f3rias.\u00a0Feita pelo aluno via <a href=\"https:\/\/sistemas.ufmg.br\/configuracao-curricular\">Siga<\/a>.<\/p>\n<p>&#8211; Serve apenas para quem n\u00e3o conseguiu vagas em disciplinas na primeira fase ou por algum motivo perdeu o prazo.<\/p>\n<p>&#8211; Depende da aprova\u00e7\u00e3o do colegiado.<\/p>\n<p>&nbsp;<\/p>\n<p>* Terceira fase: inclus\u00e3o de atividades de Forma\u00e7\u00e3o Livre (FL), Forma\u00e7\u00e3o Complementar Aberta (FCA) e Forma\u00e7\u00e3o Transversal (FT).<\/p>\n<p>&#8211; Serve apenas para disciplinas que\u00a0n\u00e3o s\u00e3o do curso de Ci\u00eancias Sociais.<\/p>\n<p>&#8211; Aos alunos interessados em cursar disciplinas de FL e FCA, em especial as que n\u00e30 costumam abrir vagas nestas categorias, \u00e9 recomendado procurar o colegiado e\/ou o professor ofertante, comunicar seu desejo de cursar a disciplina, pedindo para que vagas de FL sejam abertas.<\/p>\n<p>&#8211; Lembre-se de fazer o requerimento o mais cedo poss\u00edvel, pois as vagas de FL ficam abertas para todos os estudantes da UFMG, e em geral s\u00e3o poucas.<\/p>\n<p>&#8211; O resultado desta fase \u00e9 sempre alguns dias depois.<\/p>\n<p>&nbsp;<\/p>\n<p>* Quarta fase: acerto de matr\u00edcula, feita presencialmente, no colegiado, em data estipulada a cada semestre.<\/p>\n<p>&#8211; Serve apenas para quem n\u00e3o conseguiu vagas em disciplinas nas tr\u00eas outras fases ou por algum motivo perdeu os prazos.<\/p>\n<p>&#8211; Evite ao m\u00e1ximo deixar a matr\u00edcula para o acerto, pois as vagas podem se esgotar, e a matr\u00edcula nesta fase depende da aprova\u00e7\u00e3o do colegiado.<\/p>\n<p>&#8211; O hor\u00e1rio de atendimento \u00e9 limitado e feito por ordem de chegada. Apenas ser\u00e1 permitido um atendimento por aluno no dia do acerto.<\/p>\n","protected":false},"excerpt":{"rendered":"<p>A matr\u00edcula na UFMG \u00e9 realizada a cada semestre letivo, nos per\u00edodos fixados no Calend\u00e1rio Acad\u00eamico da Universidade. Datas espec\u00edficas do colegiado est\u00e3o aqui. &nbsp; Alunos novos (calouros), ao ingressarem na UFMG, devem fazer o seu registro acad\u00eamico antes de efetuar matr\u00edcula nas atividades acad\u00eamicas de seu curso de op\u00e7\u00e3o. Para realizar essas a\u00e7\u00f5es ele [&hellip;]<\/p>\n","protected":false},"author":1,"featured_media":0,"parent":0,"menu_order":0,"comment_status":"closed","ping_status":"closed","template":"","meta":[],"_links":{"self":[{"href":"https:\/\/www.fafich.ufmg.br\/colcs\/wp-json\/wp\/v2\/pages\/2461"}],"collection":[{"href":"https:\/\/www.fafich.ufmg.br\/colcs\/wp-json\/wp\/v2\/pages"}],"about":[{"href":"https:\/\/www.fafich.ufmg.br\/colcs\/wp-json\/wp\/v2\/types\/page"}],"author":[{"embeddable":true,"href":"https:\/\/www.fafich.ufmg.br\/colcs\/wp-json\/wp\/v2\/users\/1"}],"replies":[{"embeddable":true,"href":"https:\/\/www.fafich.ufmg.br\/colcs\/wp-json\/wp\/v2\/comments?post=2461"}],"version-history":[{"count":3,"href":"https:\/\/www.fafich.ufmg.br\/colcs\/wp-json\/wp\/v2\/pages\/2461\/revisions"}],"predecessor-version":[{"id":2467,"href":"https:\/\/www.fafich.ufmg.br\/colcs\/wp-json\/wp\/v2\/pages\/2461\/revisions\/2467"}],"wp:attachment":[{"href":"https:\/\/www.fafich.ufmg.br\/colcs\/wp-json\/wp\/v2\/media?parent=2461"}],"curies":[{"name":"wp","href":"https:\/\/api.w.org\/{rel}","templated":true}]}}