{"id":445,"date":"2019-06-10T13:50:28","date_gmt":"2019-06-10T16:50:28","guid":{"rendered":"http:\/\/www.fafich.ufmg.br\/colcs\/?page_id=445"},"modified":"2026-03-04T10:22:08","modified_gmt":"2026-03-04T13:22:08","slug":"aluno","status":"publish","type":"page","link":"https:\/\/www.fafich.ufmg.br\/colcs\/aluno\/","title":{"rendered":"\u00c1rea do aluno"},"content":{"rendered":"<p><a href=\"https:\/\/www.fafich.ufmg.br\/colcs\/wp-content\/uploads\/2025\/03\/Recepcao-calouros-2025-1.pdf\">Apresenta\u00e7\u00e3o preparada pela coordena\u00e7\u00e3o para a<\/a> <a href=\"https:\/\/www.fafich.ufmg.br\/colcs\/wp-content\/uploads\/2025\/03\/Recepcao-calouros-2025-1.pdf\">recep\u00e7\u00e3o calouros 2025-1<\/a>, com informa\u00e7\u00f5es variadas sobre a estrutura e o funcionamento do curso e da UFMG.<\/p>\n<p>&nbsp;<\/p>\n<p><a href=\"https:\/\/www.fafich.ufmg.br\/colcs\/aproveitamento-de-estudos\/\">Aproveitamento de Estudos<\/a><\/p>\n<p><a href=\"https:\/\/www.fafich.ufmg.br\/colcs\/atividades-academicas-complementares\/\">Atividades Acad\u00eamicas Complementares<\/a><\/p>\n<p><a href=\"https:\/\/www.fafich.ufmg.br\/colcs\/continuidade-de-estudos\/\">Continuidade de Estudos<\/a><\/p>\n<p><a href=\"https:\/\/www.fafich.ufmg.br\/colcs\/declaracoes\/\">Declara\u00e7\u00f5es<\/a><\/p>\n<p><a href=\"https:\/\/drive.google.com\/drive\/folders\/1p2OnBjGNavA235SAoVEgaS9FsEk-LcGI?usp=sharing\">Est\u00e1gio N\u00e3o Obrigat\u00f3rio<\/a><\/p>\n<p><strong><span style=\"font-family: Default Sans Serif,Verdana,Arial,Helvetica,sans-serif; font-size: small;\">Para in\u00edcio do est\u00e1gio, o aluno deve enviar j\u00e1 com sua assinatura e do campo de est\u00e1gio, o Termo de Compromisso e o Plano de Atividades em pdf para o seguinte endere\u00e7o de e-mail: <a href=\"mailto:coordenacaocsufmg@gmail.com\" target=\"_blank\" rel=\"noopener\">coordenacaocsufmg@gmail.com<\/a> <\/span><\/strong><\/p>\n<p>Exame de Comprova\u00e7\u00e3o de Conhecimento (em constru\u00e7\u00e3o)<\/p>\n<p><a href=\"https:\/\/www.fafich.ufmg.br\/colcs\/formacao-transversal-e-formacao-complementar-aberta\/\">Forma\u00e7\u00e3o Complementar Aberta (FCA) e Forma\u00e7\u00e3o Transversal (FT)<\/a><\/p>\n<p><a href=\"https:\/\/www.fafich.ufmg.br\/colcs\/intercambio\/\">Interc\u00e2mbio<\/a><\/p>\n<p><a href=\"https:\/\/www.fafich.ufmg.br\/colcs\/monografia\/\">Monografia<\/a><\/p>\n<p><a href=\"https:\/\/www.fafich.ufmg.br\/colcs\/mudanca-de-percurso\/\">Mudan\u00e7a de Percurso<\/a> (Bacharelado e Licenciatura)<\/p>\n<p><a href=\"https:\/\/www.fafich.ufmg.br\/colcs\/regime-academico-especial-para-permanencia-raep\/\">Regime Acad\u00eamico Especial para Perman\u00eancia (RAEP) e Regime Especial (RE)<\/a><\/p>\n<p><a href=\"https:\/\/www.fafich.ufmg.br\/colcs\/revisao-de-desligamento\/\">Revis\u00e3o de Desligamento<\/a><\/p>\n<p><a href=\"https:\/\/www.fafich.ufmg.br\/colcs\/trancamento-de-matricula\/\">Trancamento de Matr\u00edcula<\/a><\/p>\n<hr \/>\n<p><a href=\"https:\/\/www.fafich.ufmg.br\/colcs\/formularios\/\">Todos os Formul\u00e1rios<\/a><\/p>\n<p><a href=\"https:\/\/www.fafich.ufmg.br\/colcs\/resolucoes-2\/\">Todas as Resolu\u00e7\u00f5es<\/a><\/p>\n","protected":false},"excerpt":{"rendered":"<p>Apresenta\u00e7\u00e3o preparada pela coordena\u00e7\u00e3o para a recep\u00e7\u00e3o calouros 2025-1, com informa\u00e7\u00f5es variadas sobre a estrutura e o funcionamento do curso e da UFMG. &nbsp; Aproveitamento de Estudos Atividades Acad\u00eamicas Complementares Continuidade de Estudos Declara\u00e7\u00f5es Est\u00e1gio N\u00e3o Obrigat\u00f3rio Para in\u00edcio do est\u00e1gio, o aluno deve enviar j\u00e1 com sua assinatura e do campo de est\u00e1gio, o [&hellip;]<\/p>\n","protected":false},"author":1,"featured_media":0,"parent":0,"menu_order":0,"comment_status":"closed","ping_status":"closed","template":"","meta":[],"_links":{"self":[{"href":"https:\/\/www.fafich.ufmg.br\/colcs\/wp-json\/wp\/v2\/pages\/445"}],"collection":[{"href":"https:\/\/www.fafich.ufmg.br\/colcs\/wp-json\/wp\/v2\/pages"}],"about":[{"href":"https:\/\/www.fafich.ufmg.br\/colcs\/wp-json\/wp\/v2\/types\/page"}],"author":[{"embeddable":true,"href":"https:\/\/www.fafich.ufmg.br\/colcs\/wp-json\/wp\/v2\/users\/1"}],"replies":[{"embeddable":true,"href":"https:\/\/www.fafich.ufmg.br\/colcs\/wp-json\/wp\/v2\/comments?post=445"}],"version-history":[{"count":19,"href":"https:\/\/www.fafich.ufmg.br\/colcs\/wp-json\/wp\/v2\/pages\/445\/revisions"}],"predecessor-version":[{"id":2474,"href":"https:\/\/www.fafich.ufmg.br\/colcs\/wp-json\/wp\/v2\/pages\/445\/revisions\/2474"}],"wp:attachment":[{"href":"https:\/\/www.fafich.ufmg.br\/colcs\/wp-json\/wp\/v2\/media?parent=445"}],"curies":[{"name":"wp","href":"https:\/\/api.w.org\/{rel}","templated":true}]}}