{"id":661,"date":"2019-08-21T13:47:28","date_gmt":"2019-08-21T16:47:28","guid":{"rendered":"http:\/\/www.fafich.ufmg.br\/colcs\/?page_id=661"},"modified":"2024-04-26T19:58:18","modified_gmt":"2024-04-26T22:58:18","slug":"programas-disciplinas","status":"publish","type":"page","link":"https:\/\/www.fafich.ufmg.br\/colcs\/programas-disciplinas\/","title":{"rendered":"Programas"},"content":{"rendered":"<p>Programas de disciplinas devem ser solicitados ao setor de arquivo da FAFICH por e-mail <a href=\"mailto:se@fafich.ufmg.br\" rel=\"noreferrer\">se@fafich.ufmg.br<\/a><\/p>\n<p>Informar sempre:<\/p>\n<ul>\n<li>Seu nome completo e n\u00famero de registro na UFMG<\/li>\n<li>Vers\u00e3o curricular que concluiu o curso<\/li>\n<li>Nome completo e c\u00f3digo da disciplina<\/li>\n<li>Ano\/Semestre que cursou com aprova\u00e7\u00e3o<\/li>\n<\/ul>\n<p>&nbsp;<\/p>\n","protected":false},"excerpt":{"rendered":"<p>Programas de disciplinas devem ser solicitados ao setor de arquivo da FAFICH por e-mail se@fafich.ufmg.br Informar sempre: Seu nome completo e n\u00famero de registro na UFMG Vers\u00e3o curricular que concluiu o curso Nome completo e c\u00f3digo da disciplina Ano\/Semestre que cursou com aprova\u00e7\u00e3o &nbsp;<\/p>\n","protected":false},"author":1,"featured_media":0,"parent":0,"menu_order":0,"comment_status":"closed","ping_status":"closed","template":"","meta":[],"_links":{"self":[{"href":"https:\/\/www.fafich.ufmg.br\/colcs\/wp-json\/wp\/v2\/pages\/661"}],"collection":[{"href":"https:\/\/www.fafich.ufmg.br\/colcs\/wp-json\/wp\/v2\/pages"}],"about":[{"href":"https:\/\/www.fafich.ufmg.br\/colcs\/wp-json\/wp\/v2\/types\/page"}],"author":[{"embeddable":true,"href":"https:\/\/www.fafich.ufmg.br\/colcs\/wp-json\/wp\/v2\/users\/1"}],"replies":[{"embeddable":true,"href":"https:\/\/www.fafich.ufmg.br\/colcs\/wp-json\/wp\/v2\/comments?post=661"}],"version-history":[{"count":12,"href":"https:\/\/www.fafich.ufmg.br\/colcs\/wp-json\/wp\/v2\/pages\/661\/revisions"}],"predecessor-version":[{"id":2063,"href":"https:\/\/www.fafich.ufmg.br\/colcs\/wp-json\/wp\/v2\/pages\/661\/revisions\/2063"}],"wp:attachment":[{"href":"https:\/\/www.fafich.ufmg.br\/colcs\/wp-json\/wp\/v2\/media?parent=661"}],"curies":[{"name":"wp","href":"https:\/\/api.w.org\/{rel}","templated":true}]}}