{"id":665,"date":"2019-08-21T13:48:46","date_gmt":"2019-08-21T16:48:46","guid":{"rendered":"http:\/\/www.fafich.ufmg.br\/colcs\/?page_id=665"},"modified":"2026-03-19T09:59:07","modified_gmt":"2026-03-19T12:59:07","slug":"formularios","status":"publish","type":"page","link":"https:\/\/www.fafich.ufmg.br\/colcs\/formularios\/","title":{"rendered":"Formul\u00e1rios"},"content":{"rendered":"<p><a href=\"https:\/\/www.fafich.ufmg.br\/colcs\/wp-content\/uploads\/2024\/04\/Formulario-de-Aproveitamento-de-Atividades-Academicas-VERSAO-ATUALIZADA-2024-03.docx\">Integraliza\u00e7\u00e3o de Atividades Acad\u00eamicas Complementares<\/a><\/p>\n<p>&nbsp;<\/p>\n<p><a href=\"https:\/\/www.fafich.ufmg.br\/colcs\/wp-content\/uploads\/2020\/11\/formulario-ELETIVA-Pos-Gradua\u00e7\u00e3o.pdf\">Matr\u00edcula em Disciplina eletiva de P\u00f3s Gradua\u00e7\u00e3o<\/a><\/p>\n<p>&nbsp;<\/p>\n<p><a href=\"https:\/\/www.fafich.ufmg.br\/colcs\/wp-content\/uploads\/2024\/04\/Formulario-mudanca-modalidade-bacharelado-licenciatura.docx\">Mudan\u00e7a de Modalidade Bacharelado &#8211; Licenciatura<\/a><\/p>\n<p><a href=\"https:\/\/www.fafich.ufmg.br\/colcs\/wp-content\/uploads\/2021\/05\/Formulario-para-Formacao-complementar.pdf\">Forma\u00e7\u00e3o complementar Aberta<\/a><\/p>\n<p>&nbsp;<\/p>\n<p><a href=\"https:\/\/www.fafich.ufmg.br\/colcs\/wp-content\/uploads\/2024\/04\/Formulario-de-Frequencia.docx\">Formul\u00e1rio de Frequ\u00eancia<\/a><\/p>\n<p>&nbsp;<\/p>\n<p><a href=\"https:\/\/www.fafich.ufmg.br\/colcs\/wp-content\/uploads\/2019\/08\/formulario-Aproveitamento-de-estudos-1.pdf\">Aproveitamento de estudos<\/a><\/p>\n<p>&nbsp;<\/p>\n<p><a href=\"https:\/\/www.fafich.ufmg.br\/colcs\/wp-content\/uploads\/2019\/08\/formulario-Inscri\u00e7\u00e3o-em-Monitoria-1.pdf\">Inscri\u00e7\u00e3o Monitoria<\/a><\/p>\n<p><a href=\"https:\/\/www.fafich.ufmg.br\/colcs\/wp-content\/uploads\/2024\/04\/Aceite-de-orientacao-na-monografia.doc\">Aceite de orienta\u00e7\u00e3o na monografia<\/a><\/p>\n<p><a href=\"https:\/\/www.fafich.ufmg.br\/colcs\/wp-content\/uploads\/2024\/04\/CARTAZ-DE-DEFESA-MONOGRAFIA.doc\">Cartaz monografia<\/a><\/p>\n<p><a href=\"https:\/\/www.fafich.ufmg.br\/colcs\/wp-content\/uploads\/2024\/04\/ATA-WORD.docx\">Modelo Ata de monografia<\/a><\/p>\n<p><a href=\"https:\/\/www.fafich.ufmg.br\/colcs\/wp-content\/uploads\/2019\/08\/Formula\u00edrio-solicitar-Cola\u00e7\u00e3o-de-Grau-1.pdf\">Cola\u00e7\u00e3o de Grau<\/a><\/p>\n<p>&nbsp;<\/p>\n<p><a href=\"https:\/\/www.fafich.ufmg.br\/colcs\/wp-content\/uploads\/2019\/08\/Requerimento-de-diploma-1\u00ba-via-1.pdf\">Diploma 1\u00ba via<\/a><\/p>\n<p>&nbsp;<\/p>\n<p><a href=\"https:\/\/www.fafich.ufmg.br\/colcs\/wp-content\/uploads\/2025\/08\/Requerimento-e-Plano-de-Estudos-para-Revisao-de-Desligamento.pdf\">Requerimento e Plano de Estudos para Revis\u00e3o de Desligamento<\/a><\/p>\n<p>&nbsp;<\/p>\n<p><a href=\"https:\/\/docs.google.com\/document\/d\/1G6CwRqtnZgnITLeEPuivZ_84Ridmj6yh\/edit?usp=sharing&amp;ouid=104993605212849061992&amp;rtpof=true&amp;sd=true\">Formul\u00e1rio para solicita\u00e7\u00e3o pelo estudante de regime acad\u00eamico especial para perman\u00eancia (RAEP).\u00a0<\/a><\/p>\n","protected":false},"excerpt":{"rendered":"<p>Integraliza\u00e7\u00e3o de Atividades Acad\u00eamicas Complementares &nbsp; Matr\u00edcula em Disciplina eletiva de P\u00f3s Gradua\u00e7\u00e3o &nbsp; Mudan\u00e7a de Modalidade Bacharelado &#8211; Licenciatura Forma\u00e7\u00e3o complementar Aberta &nbsp; Formul\u00e1rio de Frequ\u00eancia &nbsp; Aproveitamento de estudos &nbsp; Inscri\u00e7\u00e3o Monitoria Aceite de orienta\u00e7\u00e3o na monografia Cartaz monografia Modelo Ata de monografia Cola\u00e7\u00e3o de Grau &nbsp; Diploma 1\u00ba via &nbsp; Requerimento e [&hellip;]<\/p>\n","protected":false},"author":1,"featured_media":0,"parent":0,"menu_order":0,"comment_status":"closed","ping_status":"closed","template":"","meta":[],"_links":{"self":[{"href":"https:\/\/www.fafich.ufmg.br\/colcs\/wp-json\/wp\/v2\/pages\/665"}],"collection":[{"href":"https:\/\/www.fafich.ufmg.br\/colcs\/wp-json\/wp\/v2\/pages"}],"about":[{"href":"https:\/\/www.fafich.ufmg.br\/colcs\/wp-json\/wp\/v2\/types\/page"}],"author":[{"embeddable":true,"href":"https:\/\/www.fafich.ufmg.br\/colcs\/wp-json\/wp\/v2\/users\/1"}],"replies":[{"embeddable":true,"href":"https:\/\/www.fafich.ufmg.br\/colcs\/wp-json\/wp\/v2\/comments?post=665"}],"version-history":[{"count":48,"href":"https:\/\/www.fafich.ufmg.br\/colcs\/wp-json\/wp\/v2\/pages\/665\/revisions"}],"predecessor-version":[{"id":2479,"href":"https:\/\/www.fafich.ufmg.br\/colcs\/wp-json\/wp\/v2\/pages\/665\/revisions\/2479"}],"wp:attachment":[{"href":"https:\/\/www.fafich.ufmg.br\/colcs\/wp-json\/wp\/v2\/media?parent=665"}],"curies":[{"name":"wp","href":"https:\/\/api.w.org\/{rel}","templated":true}]}}