{"id":801,"date":"2019-08-22T11:19:55","date_gmt":"2019-08-22T14:19:55","guid":{"rendered":"http:\/\/www.fafich.ufmg.br\/colcs\/?page_id=801"},"modified":"2024-04-26T08:54:39","modified_gmt":"2024-04-26T11:54:39","slug":"resolucoes-2","status":"publish","type":"page","link":"https:\/\/www.fafich.ufmg.br\/colcs\/resolucoes-2\/","title":{"rendered":"Resolu\u00e7\u00f5es"},"content":{"rendered":"<p><a href=\"https:\/\/www.fafich.ufmg.br\/colcs\/wp-content\/uploads\/2020\/02\/regime-especial.pdf\">Regime especial<\/a><\/p>\n<p><a href=\"https:\/\/www.fafich.ufmg.br\/colcs\/wp-content\/uploads\/2019\/10\/Resolu\u00e7\u00e3o-ATIVIDADES-ACADEMICAS-2015-1.pdf\">Resolu\u00e7\u00e3o ATIVIDADES ACADEMICAS 2015-1<\/a><\/p>\n<p><a href=\"https:\/\/www.fafich.ufmg.br\/colcs\/wp-content\/uploads\/2019\/08\/Resolu\u00e7\u00e3o-monitoria-04-2007.pdf\">Resolu\u00e7\u00e3o monitoria 04 2007<\/a><\/p>\n<p><a href=\"https:\/\/www.fafich.ufmg.br\/colcs\/wp-content\/uploads\/2019\/08\/Resolu\u00e7\u00e3o-MONOGRAFIA-02-2014.doc\">Resolu\u00e7\u00e3o monografia 02-2014<\/a><\/p>\n<p><a href=\"https:\/\/www.fafich.ufmg.br\/colcs\/wp-content\/uploads\/2019\/08\/RESOLU\u00c7\u00c3O-aproveitamento-de-estudos.pdf\">Resolu\u00e7\u00e3o de aproveitamento de estudos 16\/2014<\/a><\/p>\n","protected":false},"excerpt":{"rendered":"<p>Regime especial Resolu\u00e7\u00e3o ATIVIDADES ACADEMICAS 2015-1 Resolu\u00e7\u00e3o monitoria 04 2007 Resolu\u00e7\u00e3o monografia 02-2014 Resolu\u00e7\u00e3o de aproveitamento de estudos 16\/2014<\/p>\n","protected":false},"author":1,"featured_media":0,"parent":0,"menu_order":0,"comment_status":"closed","ping_status":"closed","template":"","meta":[],"_links":{"self":[{"href":"https:\/\/www.fafich.ufmg.br\/colcs\/wp-json\/wp\/v2\/pages\/801"}],"collection":[{"href":"https:\/\/www.fafich.ufmg.br\/colcs\/wp-json\/wp\/v2\/pages"}],"about":[{"href":"https:\/\/www.fafich.ufmg.br\/colcs\/wp-json\/wp\/v2\/types\/page"}],"author":[{"embeddable":true,"href":"https:\/\/www.fafich.ufmg.br\/colcs\/wp-json\/wp\/v2\/users\/1"}],"replies":[{"embeddable":true,"href":"https:\/\/www.fafich.ufmg.br\/colcs\/wp-json\/wp\/v2\/comments?post=801"}],"version-history":[{"count":13,"href":"https:\/\/www.fafich.ufmg.br\/colcs\/wp-json\/wp\/v2\/pages\/801\/revisions"}],"predecessor-version":[{"id":1991,"href":"https:\/\/www.fafich.ufmg.br\/colcs\/wp-json\/wp\/v2\/pages\/801\/revisions\/1991"}],"wp:attachment":[{"href":"https:\/\/www.fafich.ufmg.br\/colcs\/wp-json\/wp\/v2\/media?parent=801"}],"curies":[{"name":"wp","href":"https:\/\/api.w.org\/{rel}","templated":true}]}}