{"id":841,"date":"2019-08-26T09:53:12","date_gmt":"2019-08-26T12:53:12","guid":{"rendered":"http:\/\/www.fafich.ufmg.br\/colcs\/?page_id=841"},"modified":"2026-03-24T10:22:01","modified_gmt":"2026-03-24T13:22:01","slug":"colegiado","status":"publish","type":"page","link":"https:\/\/www.fafich.ufmg.br\/colcs\/colegiado\/","title":{"rendered":"Colegiado"},"content":{"rendered":"<p>Cada curso de gradua\u00e7\u00e3o \u00e9 gerido academicamente por um Colegiado, o qual \u00e9 administrado por um(a) coordenador(a) e um(a) subcoordenador(a). Trata-se de um \u00f3rg\u00e3o de primeira inst\u00e2ncia respons\u00e1vel por deliberar quest\u00f5es de ordem curricular e do dia a dia dos(as) estudantes.<\/p>\n<p>Composi\u00e7\u00e3o atual do Colegiado de Ci\u00eancias Sociais (atualizado em 18\/10\/2024):<\/p>\n<ul>\n<li>Jorge Alexandre Neves (Departamento de Sociologia) &#8211; coordenador<\/li>\n<li>Thiago Moreira da Silva (Departamento de Ci\u00eancia Pol\u00edtica) &#8211; sub-coordenador<\/li>\n<li>Daniel Alves de Jesus Figueiredo (Departamento de Antropologia e Arqueologia) &#8211; titular\n<ul>\n<li>Magda dos Santos Ribeiro (Departamento de Antropologia e Arqueologia) &#8211; suplente<\/li>\n<\/ul>\n<\/li>\n<li>\u00c9rica Renata de Souza (Departamento de Antropologia e Arqueologia) &#8211; titular\n<ul>\n<li>Karenina Vieira Andrade (Departamento de Antropologia e Arqueologia) &#8211; suplente<\/li>\n<\/ul>\n<\/li>\n<li>Jos\u00e9 Angelo Machado (Departamento de Ci\u00eancia Pol\u00edtica) &#8211; titular\n<ul>\n<li>Danilo Buscatto Medeiros (Departamento de Ci\u00eancia Pol\u00edtica) &#8211; suplente<\/li>\n<\/ul>\n<\/li>\n<li>Geralda L. Miranda (Departamento de Ci\u00eancia Pol\u00edtica) &#8211; titular\n<ul>\n<li>Lucas Gelape (Departamento\u00a0 de Ci\u00eancia Pol\u00edtica) &#8211; suplente<\/li>\n<\/ul>\n<\/li>\n<li>Eug\u00eania D\u00f3ria Viana Cerqueira\u00a0(Departamento de Sociologia) &#8211; titular\n<ul>\n<li>Corinne Davis Rodrigues (Departamento de Sociologia) &#8211; suplente<\/li>\n<\/ul>\n<\/li>\n<li>Fernanda Cockell (Departamento de Sociologia) &#8211; titular\n<ul>\n<li>Jer\u00f4nimo Oliveira Muniz (Departamento de Sociologia) &#8211; suplente<\/li>\n<\/ul>\n<\/li>\n<li>Graziele Ramos Schweig (Faculdade de Educa\u00e7\u00e3o) &#8211; titular\n<ul>\n<li>Elias Evangelista Gomes (Faculdade de Educa\u00e7\u00e3o) &#8211; suplente<\/li>\n<\/ul>\n<\/li>\n<li>Paula de Miranda Ribeiro (Faculdade de Ci\u00eancia Econ\u00f4micas) &#8211; titular\n<ul>\n<li>Ana Paula de Andrade Verona (Faculdade de Ci\u00eancia Econ\u00f4micas) &#8211; suplente<\/li>\n<\/ul>\n<\/li>\n<li>J\u00falia Rita Rodrigues Mariano (Representante discente) &#8211; titular\n<ul>\n<li>Lucas Vasconcelos Chaves de Miranda (Representante discente) &#8211; suplente<\/li>\n<\/ul>\n<\/li>\n<li>Guilherme Martins (Representante discente) &#8211; titular\n<ul>\n<li>Lucas Moreira da Silva (Representante discente) &#8211; suplente<\/li>\n<\/ul>\n<\/li>\n<\/ul>\n<p>&nbsp;<\/p>\n<p><a href=\"https:\/\/www.fafich.ufmg.br\/colcs\/wp-content\/uploads\/2024\/10\/plano-de-trabalho-coordenacao-CS-2024-2026.pdf\">Plano de trabalho da Coordena\u00e7\u00e3o do Colegiado de Ci\u00eancias Sociais, 2024-2026<\/a><\/p>\n","protected":false},"excerpt":{"rendered":"<p>Cada curso de gradua\u00e7\u00e3o \u00e9 gerido academicamente por um Colegiado, o qual \u00e9 administrado por um(a) coordenador(a) e um(a) subcoordenador(a). Trata-se de um \u00f3rg\u00e3o de primeira inst\u00e2ncia respons\u00e1vel por deliberar quest\u00f5es de ordem curricular e do dia a dia dos(as) estudantes. Composi\u00e7\u00e3o atual do Colegiado de Ci\u00eancias Sociais (atualizado em 18\/10\/2024): Jorge Alexandre Neves (Departamento [&hellip;]<\/p>\n","protected":false},"author":1,"featured_media":0,"parent":0,"menu_order":0,"comment_status":"closed","ping_status":"closed","template":"","meta":[],"_links":{"self":[{"href":"https:\/\/www.fafich.ufmg.br\/colcs\/wp-json\/wp\/v2\/pages\/841"}],"collection":[{"href":"https:\/\/www.fafich.ufmg.br\/colcs\/wp-json\/wp\/v2\/pages"}],"about":[{"href":"https:\/\/www.fafich.ufmg.br\/colcs\/wp-json\/wp\/v2\/types\/page"}],"author":[{"embeddable":true,"href":"https:\/\/www.fafich.ufmg.br\/colcs\/wp-json\/wp\/v2\/users\/1"}],"replies":[{"embeddable":true,"href":"https:\/\/www.fafich.ufmg.br\/colcs\/wp-json\/wp\/v2\/comments?post=841"}],"version-history":[{"count":21,"href":"https:\/\/www.fafich.ufmg.br\/colcs\/wp-json\/wp\/v2\/pages\/841\/revisions"}],"predecessor-version":[{"id":2480,"href":"https:\/\/www.fafich.ufmg.br\/colcs\/wp-json\/wp\/v2\/pages\/841\/revisions\/2480"}],"wp:attachment":[{"href":"https:\/\/www.fafich.ufmg.br\/colcs\/wp-json\/wp\/v2\/media?parent=841"}],"curies":[{"name":"wp","href":"https:\/\/api.w.org\/{rel}","templated":true}]}}