{"id":847,"date":"2019-08-26T09:59:49","date_gmt":"2019-08-26T12:59:49","guid":{"rendered":"http:\/\/www.fafich.ufmg.br\/colcs\/?page_id=847"},"modified":"2026-02-27T07:54:52","modified_gmt":"2026-02-27T10:54:52","slug":"contato","status":"publish","type":"page","link":"https:\/\/www.fafich.ufmg.br\/colcs\/contato\/","title":{"rendered":"Contato"},"content":{"rendered":"<p><em>Contate a secretaria para d\u00favidas sobre procedimentos administrativos e burocr\u00e1ticos que n\u00e3o encontrar no site.<\/em><\/p>\n<p style=\"padding-left: 40px;\"><strong>Secret\u00e1ria<\/strong>: Fl\u00e1via Arruda<\/p>\n<p style=\"padding-left: 40px;\"><strong>E-mail<\/strong>: <a href=\"mailto:colcs@fafich.ufmg.br\">colcs@fafich.ufmg.br<\/a><\/p>\n<p style=\"padding-left: 40px;\"><strong>Telefone<\/strong>: (31) 3409 5017<\/p>\n<p style=\"padding-left: 40px;\"><strong>Atendimento presencial<\/strong>: Ter\u00e7as-feiras, das 9h \u00e0s 10h30 (no colegiado, sala F3082)<\/p>\n<p style=\"padding-left: 40px;\"><strong>\u00a0Central de Atendimento da Gradua\u00e7\u00e3o (CEAG): <\/strong>Segundas e sextas de 8h \u00e0s 22h, sala F2033.<\/p>\n<hr \/>\n<p><em>Contate a coordena\u00e7\u00e3o para d\u00favidas sobre sua trajet\u00f3ria acad\u00eamica.<\/em><\/p>\n<p style=\"padding-left: 40px;\"><strong>Coordena\u00e7\u00e3o<\/strong>: Jorge Alexandre Neves<\/p>\n<p style=\"padding-left: 40px;\"><strong>Subcoordena\u00e7\u00e3o<\/strong>: Thiago Moreira da Silva<\/p>\n<p style=\"padding-left: 40px;\"><strong>E-mail<\/strong>: <a href=\"mailto:coordenacaocsufmg@gmail.com\" rel=\"noreferrer\">coordenacaocsufmg@gmail.com<\/a><\/p>\n<p style=\"padding-left: 40px;\"><strong>Atendimento presencial<\/strong>: Ter\u00e7as e Quintas-feiras, das 9h30 \u00e0s 11h30 (na coordena\u00e7\u00e3o, sala F3080).<\/p>\n<section id=\"text-2\" class=\"widget widget_text\">\n<hr \/>\n<\/section>\n<p><span style=\"font-size: 1rem;\"><strong>Endere\u00e7o<\/strong>: Salas F3080 (coordena\u00e7\u00e3o) e F3082 (secretaria)<br \/>\n<\/span><\/p>\n<section id=\"text-2\" class=\"widget widget_text\">\n<div class=\"textwidget\">\n<p style=\"padding-left: 40px;\">Faculdade de Filosofia e Ci\u00eancias Humanas &#8211; Universidade Federal de Minas Gerais<\/p>\n<p style=\"padding-left: 40px;\">Av. Ant\u00f4nio Carlos, 6627, Pampulha \u2013 Belo Horizonte\/MG \u2013 CEP: 31270-901<\/p>\n<hr \/>\n<\/div>\n<\/section>\n<section id=\"text-2\" class=\"widget widget_text\">\n<ul>\n<li><em><span style=\"text-decoration: underline;\">Aten\u00e7\u00e3o<\/span>: nem a secretaria nem a coordena\u00e7\u00e3o atendem em seus telefones, WhatsApps ou e-mails pessoais.<\/em><\/li>\n<\/ul>\n<\/section>\n","protected":false},"excerpt":{"rendered":"<p>Contate a secretaria para d\u00favidas sobre procedimentos administrativos e burocr\u00e1ticos que n\u00e3o encontrar no site. Secret\u00e1ria: Fl\u00e1via Arruda E-mail: colcs@fafich.ufmg.br Telefone: (31) 3409 5017 Atendimento presencial: Ter\u00e7as-feiras, das 9h \u00e0s 10h30 (no colegiado, sala F3082) \u00a0Central de Atendimento da Gradua\u00e7\u00e3o (CEAG): Segundas e sextas de 8h \u00e0s 22h, sala F2033. Contate a coordena\u00e7\u00e3o para d\u00favidas [&hellip;]<\/p>\n","protected":false},"author":1,"featured_media":0,"parent":0,"menu_order":0,"comment_status":"closed","ping_status":"closed","template":"","meta":[],"_links":{"self":[{"href":"https:\/\/www.fafich.ufmg.br\/colcs\/wp-json\/wp\/v2\/pages\/847"}],"collection":[{"href":"https:\/\/www.fafich.ufmg.br\/colcs\/wp-json\/wp\/v2\/pages"}],"about":[{"href":"https:\/\/www.fafich.ufmg.br\/colcs\/wp-json\/wp\/v2\/types\/page"}],"author":[{"embeddable":true,"href":"https:\/\/www.fafich.ufmg.br\/colcs\/wp-json\/wp\/v2\/users\/1"}],"replies":[{"embeddable":true,"href":"https:\/\/www.fafich.ufmg.br\/colcs\/wp-json\/wp\/v2\/comments?post=847"}],"version-history":[{"count":39,"href":"https:\/\/www.fafich.ufmg.br\/colcs\/wp-json\/wp\/v2\/pages\/847\/revisions"}],"predecessor-version":[{"id":2471,"href":"https:\/\/www.fafich.ufmg.br\/colcs\/wp-json\/wp\/v2\/pages\/847\/revisions\/2471"}],"wp:attachment":[{"href":"https:\/\/www.fafich.ufmg.br\/colcs\/wp-json\/wp\/v2\/media?parent=847"}],"curies":[{"name":"wp","href":"https:\/\/api.w.org\/{rel}","templated":true}]}}