{"id":856,"date":"2019-08-26T10:10:21","date_gmt":"2019-08-26T13:10:21","guid":{"rendered":"http:\/\/www.fafich.ufmg.br\/colcs\/?page_id=856"},"modified":"2025-12-19T06:55:58","modified_gmt":"2025-12-19T09:55:58","slug":"atas","status":"publish","type":"page","link":"https:\/\/www.fafich.ufmg.br\/colcs\/atas\/","title":{"rendered":"Atas"},"content":{"rendered":"<p><strong>Atas das reuni\u00f5es do Colegiado de Gradua\u00e7\u00e3o em Ci\u00eancias Sociais da UFMG:<\/strong><\/p>\n<p><a href=\"https:\/\/drive.google.com\/file\/d\/12oFUcPFbsZjqQotH75PYsHgVkNIiAETu\/view?usp=sharing\">Ata Colegiado CS 2025-10-29 assinada<\/a><\/p>\n<p><a href=\"https:\/\/drive.google.com\/file\/d\/1QULOkoNhv-NDOgN82sZSHDR-b-BUTQpZ\/view?usp=sharing\">Ata Colegiado CS 2025-06-25 assinada<\/a><\/p>\n<p><a href=\"https:\/\/www.fafich.ufmg.br\/colcs\/wp-content\/uploads\/2025\/03\/Ata-Colegiado-CS-2025-02-24-assinada.pdf\">Ata Colegiado CS 2025-02-24 assinada<\/a><\/p>\n<p><a href=\"https:\/\/www.fafich.ufmg.br\/colcs\/wp-content\/uploads\/2025\/03\/Ata-Colegiado-CS-2024-16-12-assinada.pdf\">Ata Colegiado CS 2024-12-16 assinada<\/a><\/p>\n<p><a href=\"https:\/\/www.fafich.ufmg.br\/colcs\/wp-content\/uploads\/2024\/10\/Ata-Colegiado-CS-2024-10-02-assinada.pdf\">Ata Colegiado CS 2024-10-02 assinada<\/a><\/p>\n<p><a href=\"https:\/\/www.fafich.ufmg.br\/colcs\/wp-content\/uploads\/2024\/10\/Ata-Colegiado-CS-2024-07-31-assinada.pdf\">Ata Colegiado e NDE CS 2024-07-31 assinada<\/a><\/p>\n<p><a href=\"https:\/\/www.fafich.ufmg.br\/colcs\/wp-content\/uploads\/2024\/10\/Ata-Colegiado-CS-2024-06-03-assinada.pdf\">Ata Colegiado CS 2024-06-03 assinada<\/a><\/p>\n<p><a href=\"https:\/\/www.fafich.ufmg.br\/colcs\/wp-content\/uploads\/2024\/06\/Ata-Colegiado-CS-2024-03-25-assinada.pdf\">Ata Colegiado CS 2024-03-25 assinada<\/a><\/p>\n<p><a href=\"https:\/\/www.fafich.ufmg.br\/colcs\/wp-content\/uploads\/2024\/06\/Ata-Colegiado-CS-2023-10-10-assinada.pdf\">Ata Colegiado CS 2023-10-10 assinada<\/a><\/p>\n<p><a href=\"https:\/\/www.fafich.ufmg.br\/colcs\/wp-content\/uploads\/2024\/06\/Ata-Colegiado-CS-2022-11-16-assinada.pdf\">Ata Colegiado CS 2022-11-16 assinada<\/a><\/p>\n<p><a href=\"https:\/\/www.fafich.ufmg.br\/colcs\/wp-content\/uploads\/2024\/04\/Ata-Colegiado-CS-2021-12-07-lista.pdf\">Ata Colegiado CS 2021-12-07 lista<\/a><\/p>\n<p><a href=\"https:\/\/www.fafich.ufmg.br\/colcs\/wp-content\/uploads\/2024\/04\/Ata-Colegiado-CS-2021-12-07-assinada.pdf\">Ata Colegiado CS 2021-12-07 assinada<\/a><\/p>\n<p><a href=\"https:\/\/www.fafich.ufmg.br\/colcs\/wp-content\/uploads\/2024\/04\/Ata-Colegiado-CS-2021-08-25-lista.pdf\">Ata Colegiado CS 2021-08-25 lista<\/a><\/p>\n<p><a href=\"https:\/\/www.fafich.ufmg.br\/colcs\/wp-content\/uploads\/2024\/04\/Ata-Colegiado-CS-2021-08-25-assinada.pdf\">Ata Colegiado CS 2021-08-25 assinada<\/a><\/p>\n<p><a href=\"https:\/\/www.fafich.ufmg.br\/colcs\/wp-content\/uploads\/2024\/04\/Ata-Colegiado-CS-2021-07-29-lista.pdf\">Ata Colegiado CS 2021-07-29 lista<\/a><\/p>\n<p><a href=\"https:\/\/www.fafich.ufmg.br\/colcs\/wp-content\/uploads\/2024\/04\/Ata-Colegiado-CS-2021-07-29-assinada.pdf\">Ata Colegiado CS 2021-07-29 assinada<\/a><\/p>\n<p><a href=\"https:\/\/www.fafich.ufmg.br\/colcs\/wp-content\/uploads\/2024\/04\/Ata-Colegiado-CS-2021-03-24-lista.pdf\">Ata Colegiado CS 2021-03-24 lista<\/a><\/p>\n<p><a href=\"https:\/\/www.fafich.ufmg.br\/colcs\/wp-content\/uploads\/2024\/04\/Ata-Colegiado-CS-2021-03-24-assinada.pdf\">Ata Colegiado CS 2021-03-24 assinada<\/a><\/p>\n<p><a href=\"https:\/\/www.fafich.ufmg.br\/colcs\/wp-content\/uploads\/2024\/04\/Ata-Colegiado-CS-2019-05-22-assinada.pdf\">Ata Colegiado CS 2019-05-22 assinada<\/a><\/p>\n<p><a href=\"https:\/\/www.fafich.ufmg.br\/colcs\/wp-content\/uploads\/2019\/09\/21-03-2019.pdf\">Ata Colegiado CS 2019-03-21 assinada<\/a><\/p>\n<p>&nbsp;<\/p>\n<p><span style=\"color: #ff0000;\">\u00a0<\/span><\/p>\n<p>&nbsp;<\/p>\n<p><strong>Atas das reuni\u00f5es do N\u00facleo Docente Estruturante do curso de Gradua\u00e7\u00e3o em Ci\u00eancias Sociais da UFMG:<\/strong><\/p>\n<p><a href=\"https:\/\/drive.google.com\/file\/d\/1LHqqF71wLmQga-P5gVYq7nxsMZj3IVKL\/view?usp=sharing\">Ata NDE CS 2025-11-19<\/a><\/p>\n<p><a href=\"https:\/\/drive.google.com\/file\/d\/1wqikPOdz54yxK_4Q9l7RzTHeneYv7kPa\/view?usp=sharing\">Ata NDE CS 2025-10-17<\/a><\/p>\n<p><a href=\"https:\/\/drive.google.com\/file\/d\/1sY5Aycdkm50Bcbvobl5levjE8-i8KZ5j\/view?usp=drive_link\">Ata NDE CS 2025-06-25<\/a><\/p>\n<p><a href=\"https:\/\/drive.google.com\/file\/d\/1gSm45kBMuVXRgeTMsTxXYMpjHiYVRroe\/view?usp=drive_link\">Ata NDE CS 2025-06-11<\/a><\/p>\n<p><a href=\"https:\/\/drive.google.com\/file\/d\/1BuvEjI-p-unIiL_JYC-Ng5zyik1b4vuD\/view?usp=drive_link\">Ata NDE CS 2025-06-04<\/a><\/p>\n<p><a href=\"https:\/\/www.fafich.ufmg.br\/colcs\/wp-content\/uploads\/2025\/03\/Ata-NDE-CS-2025-02-24.pdf\">Ata NDE CS 2025-02-24<\/a><\/p>\n<p><a href=\"https:\/\/www.fafich.ufmg.br\/colcs\/wp-content\/uploads\/2024\/12\/SEI_3811902_Ata.pdf\">Ata NDE CS 2024-12-10<\/a><\/p>\n<p><a href=\"https:\/\/www.fafich.ufmg.br\/colcs\/wp-content\/uploads\/2024\/11\/Ata-NDE-CS-2024-10-04.pdf\">Ata NDE CS 2024-10-04 assinada<\/a><\/p>\n<p><a href=\"https:\/\/www.fafich.ufmg.br\/colcs\/wp-content\/uploads\/2024\/11\/Ata-NDE-CS-2024-09-25.pdf\">Ata NDE CS 2024-09-25<\/a><a href=\"https:\/\/www.fafich.ufmg.br\/colcs\/wp-content\/uploads\/2024\/11\/Ata-NDE-CS-2024-10-04.pdf\"> assinada<\/a><\/p>\n<p><a href=\"https:\/\/www.fafich.ufmg.br\/colcs\/wp-content\/uploads\/2024\/11\/Ata-NDE-CS-2024-08-13.pdf\">Ata NDE CS 2024-08-13<\/a><a href=\"https:\/\/www.fafich.ufmg.br\/colcs\/wp-content\/uploads\/2024\/11\/Ata-NDE-CS-2024-10-04.pdf\"> assinada<\/a><\/p>\n<p><a href=\"https:\/\/www.fafich.ufmg.br\/colcs\/wp-content\/uploads\/2024\/11\/Ata-NDE-CS-2024-04-10.pdf\">Ata NDE CS 2024-04-10<\/a><a href=\"https:\/\/www.fafich.ufmg.br\/colcs\/wp-content\/uploads\/2024\/11\/Ata-NDE-CS-2024-10-04.pdf\"> assinada<\/a><\/p>\n<p><a href=\"https:\/\/www.fafich.ufmg.br\/colcs\/wp-content\/uploads\/2024\/07\/Ata-NDE-CS-2023-03-10-assinada.pdf\">Ata NDE CS 2023-03-10 assinada<\/a><\/p>\n<p><a href=\"https:\/\/www.fafich.ufmg.br\/colcs\/wp-content\/uploads\/2024\/07\/Ata-NDE-CS-2022-10-25-assinada.pdf\">Ata NDE CS 2022-10-25 assinada<\/a><\/p>\n<p><a href=\"https:\/\/www.fafich.ufmg.br\/colcs\/wp-content\/uploads\/2024\/07\/Ata-NDE-CS-2022-11-08-assinada.pdf\">Ata NDE CS 2022-11-08 assinada<\/a><\/p>\n<p><a href=\"https:\/\/www.fafich.ufmg.br\/colcs\/wp-content\/uploads\/2024\/07\/Ata-NDE-CS-2022-10-11-assinada.pdf\">Ata NDE CS 2022-10-11 assinada<\/a><\/p>\n<p><a href=\"https:\/\/www.fafich.ufmg.br\/colcs\/wp-content\/uploads\/2024\/07\/Ata-NDE-CS-2021-02-11-assinada.pdf\">Ata NDE CS 2021-02-11 assinada<\/a><\/p>\n<p><a href=\"https:\/\/www.fafich.ufmg.br\/colcs\/wp-content\/uploads\/2024\/07\/Ata-NDE-CS-2021-03-12-assinada.pdf\">Ata NDE CS 2021-03-12 assinada<\/a><\/p>\n<p><a href=\"https:\/\/www.fafich.ufmg.br\/colcs\/wp-content\/uploads\/2024\/07\/Ata-NDE-CS-2021-03-26-assinada.pdf\">Ata NDE CS 2021-03-26 assinada<\/a><\/p>\n<p><a href=\"https:\/\/www.fafich.ufmg.br\/colcs\/wp-content\/uploads\/2024\/07\/Ata-NDE-CS-2021-05-28-assinada.pdf\">Ata NDE CS 2021-05-28 assinada<\/a><\/p>\n<p><a href=\"https:\/\/www.fafich.ufmg.br\/colcs\/wp-content\/uploads\/2024\/07\/Ata-NDE-CS-2021-06-18-assinada.pdf\">Ata NDE CS 2021-06-18 assinada<\/a><\/p>\n<p><a href=\"https:\/\/www.fafich.ufmg.br\/colcs\/wp-content\/uploads\/2024\/07\/Ata-NDE-CS-2021-07-02-assinada.pdf\">Ata NDE CS 2021-07-02 assinada<\/a><\/p>\n<p><a href=\"https:\/\/www.fafich.ufmg.br\/colcs\/wp-content\/uploads\/2024\/07\/Ata-NDE-CS-2021-07-16-assinada.pdf\">Ata NDE CS 2021-07-16 assinada<\/a><\/p>\n<p><a href=\"https:\/\/www.fafich.ufmg.br\/colcs\/wp-content\/uploads\/2024\/07\/Ata-NDE-CS-2021-08-06-assinada.pdf\">Ata NDE CS 2021-08-06 assinada<\/a><\/p>\n<p><a href=\"https:\/\/www.fafich.ufmg.br\/colcs\/wp-content\/uploads\/2024\/07\/Ata-NDE-CS-2021-08-20-assinada.pdf\">Ata NDE CS 2021-08-20 assinada<\/a><\/p>\n<p><a href=\"https:\/\/www.fafich.ufmg.br\/colcs\/wp-content\/uploads\/2024\/07\/Ata-NDE-CS-2021-08-29-assinada.pdf\">Ata NDE CS 2021-08-29 assinada<\/a><\/p>\n<p><a href=\"https:\/\/www.fafich.ufmg.br\/colcs\/wp-content\/uploads\/2024\/07\/Ata-NDE-CS-2021-09-15-assinada.pdf\">Ata NDE CS 2021-09-15 assinada<\/a><\/p>\n<p><a href=\"https:\/\/www.fafich.ufmg.br\/colcs\/wp-content\/uploads\/2024\/07\/Ata-NDE-CS-2021-10-01-assinada.pdf\">Ata NDE CS 2021-10-01 assinada<\/a><\/p>\n<p><a href=\"https:\/\/www.fafich.ufmg.br\/colcs\/wp-content\/uploads\/2024\/07\/Ata-NDE-CS-2021-10-22-assinada.pdf\">Ata NDE CS 2021-10-22 assinada<\/a><\/p>\n<p><a href=\"https:\/\/www.fafich.ufmg.br\/colcs\/wp-content\/uploads\/2024\/07\/Ata-NDE-CS-2021-11-05-assinada.pdf\">Ata NDE CS 2021-11-05 assinada<\/a><\/p>\n<p><a href=\"https:\/\/www.fafich.ufmg.br\/colcs\/wp-content\/uploads\/2024\/07\/Ata-NDE-CS-2021-12-03-assinada.pdf\">Ata NDE CS 2021-12-03 assinada<\/a><\/p>\n<p><a href=\"https:\/\/www.fafich.ufmg.br\/colcs\/wp-content\/uploads\/2024\/07\/Ata-NDE-CS-2019-05-03-assinada1.pdf\">Ata NDE CS 2019-05-03 assinada(1)<\/a><\/p>\n<p><a href=\"https:\/\/www.fafich.ufmg.br\/colcs\/wp-content\/uploads\/2024\/07\/Ata-NDE-CS-2019-05-17-assinada.pdf\">Ata NDE CS 2019-05-17 assinada<\/a><\/p>\n<p><a href=\"https:\/\/www.fafich.ufmg.br\/colcs\/wp-content\/uploads\/2024\/07\/Ata-NDE-CS-2019-08-30-DAA-assinada1.pdf\">Ata NDE CS 2019-08-30 (DAA) assinada(1)<\/a><\/p>\n<p><a href=\"https:\/\/www.fafich.ufmg.br\/colcs\/wp-content\/uploads\/2024\/07\/Ata-NDE-CS-2019-09-25-assinada1.pdf\">Ata NDE CS 2019-09-25 assinada(1)<\/a><\/p>\n<p><a href=\"https:\/\/www.fafich.ufmg.br\/colcs\/wp-content\/uploads\/2024\/07\/Ata-NDE-CS-2018-06-15-assinada1.pdf\">Ata NDE CS 2018-06-15 assinada(1)<\/a><\/p>\n<p><a href=\"https:\/\/www.fafich.ufmg.br\/colcs\/wp-content\/uploads\/2024\/07\/Ata-NDE-CS-2018-08-10-assinada.pdf\">Ata NDE CS 2018-08-10 assinada<\/a><\/p>\n<p><a href=\"https:\/\/www.fafich.ufmg.br\/colcs\/wp-content\/uploads\/2024\/07\/Ata-NDE-CS-2018-08-29-assinada.pdf\">Ata NDE CS 2018-08-29 assinada<\/a><\/p>\n<p><a href=\"https:\/\/www.fafich.ufmg.br\/colcs\/wp-content\/uploads\/2024\/07\/Ata-NDE-CS-2018-09-14-assinada.pdf\">Ata NDE CS 2018-09-14 assinada<\/a><\/p>\n<p><a href=\"https:\/\/www.fafich.ufmg.br\/colcs\/wp-content\/uploads\/2024\/07\/Ata-NDE-CS-2018-11-10-assinada.pdf\">Ata NDE CS 2018-11-10 assinada<\/a><\/p>\n<p>&nbsp;<\/p>\n<p>&nbsp;<\/p>\n<p>&nbsp;<\/p>\n<p>&nbsp;<\/p>\n<p>&nbsp;<\/p>\n<p><span style=\"color: #ff0000;\">\u00a0<\/span><\/p>\n","protected":false},"excerpt":{"rendered":"<p>Atas das reuni\u00f5es do Colegiado de Gradua\u00e7\u00e3o em Ci\u00eancias Sociais da UFMG: Ata Colegiado CS 2025-10-29 assinada Ata Colegiado CS 2025-06-25 assinada Ata Colegiado CS 2025-02-24 assinada Ata Colegiado CS 2024-12-16 assinada Ata Colegiado CS 2024-10-02 assinada Ata Colegiado e NDE CS 2024-07-31 assinada Ata Colegiado CS 2024-06-03 assinada Ata Colegiado CS 2024-03-25 assinada Ata [&hellip;]<\/p>\n","protected":false},"author":1,"featured_media":0,"parent":0,"menu_order":0,"comment_status":"closed","ping_status":"closed","template":"","meta":[],"_links":{"self":[{"href":"https:\/\/www.fafich.ufmg.br\/colcs\/wp-json\/wp\/v2\/pages\/856"}],"collection":[{"href":"https:\/\/www.fafich.ufmg.br\/colcs\/wp-json\/wp\/v2\/pages"}],"about":[{"href":"https:\/\/www.fafich.ufmg.br\/colcs\/wp-json\/wp\/v2\/types\/page"}],"author":[{"embeddable":true,"href":"https:\/\/www.fafich.ufmg.br\/colcs\/wp-json\/wp\/v2\/users\/1"}],"replies":[{"embeddable":true,"href":"https:\/\/www.fafich.ufmg.br\/colcs\/wp-json\/wp\/v2\/comments?post=856"}],"version-history":[{"count":20,"href":"https:\/\/www.fafich.ufmg.br\/colcs\/wp-json\/wp\/v2\/pages\/856\/revisions"}],"predecessor-version":[{"id":2448,"href":"https:\/\/www.fafich.ufmg.br\/colcs\/wp-json\/wp\/v2\/pages\/856\/revisions\/2448"}],"wp:attachment":[{"href":"https:\/\/www.fafich.ufmg.br\/colcs\/wp-json\/wp\/v2\/media?parent=856"}],"curies":[{"name":"wp","href":"https:\/\/api.w.org\/{rel}","templated":true}]}}