{"id":897,"date":"2019-08-26T13:12:43","date_gmt":"2019-08-26T16:12:43","guid":{"rendered":"http:\/\/www.fafich.ufmg.br\/colcs\/?page_id=897"},"modified":"2025-11-24T11:12:05","modified_gmt":"2025-11-24T14:12:05","slug":"nde","status":"publish","type":"page","link":"https:\/\/www.fafich.ufmg.br\/colcs\/nde\/","title":{"rendered":"NDE: N\u00facleo Docente Estruturante"},"content":{"rendered":"<p><strong>S\u00e3o atribui\u00e7\u00f5es do N\u00facleo Docente Estruturante (NDE):<\/strong><\/p>\n<p>1) Propor ao Colegiado do Curso medidas que preservem a atualidade do Projeto Pedag\u00f3gico do Curso (PPC), em face das demandas e possibilidades do campo de atua\u00e7\u00e3o profissional e da sociedade, em sentido amplo;<\/p>\n<p>2) Avaliar e contribuir sistematicamente para a consolida\u00e7\u00e3o do perfil profissional do egresso, considerando as Diretrizes Curriculares Nacionais, bem como a necessidade de promo\u00e7\u00e3o do desenvolvimento de compet\u00eancias, visando a adequada inser\u00e7\u00e3o social e profissional em seu campo de atua\u00e7\u00e3o;<\/p>\n<p>3) Implementar, junto ao Colegiado do Curso, a\u00e7\u00f5es que viabilizem as pol\u00edticas necess\u00e1rias \u00e0 efetiva\u00e7\u00e3o da flexibiliza\u00e7\u00e3o curricular;<\/p>\n<p>4) Criar estrat\u00e9gias para viabilizar a articula\u00e7\u00e3o entre o ensino, a extens\u00e3o, a pesquisa e a p\u00f3s-gradua\u00e7\u00e3o, considerando as demandas espec\u00edficas do curso e de cada \u00e1rea do conhecimento;<\/p>\n<p>5) Realizar anualmente uma atividade de avalia\u00e7\u00e3o do curso com participa\u00e7\u00e3o da comunidade acad\u00eamica que resulte em relat\u00f3rio, aprovado pelo Colegiado de Gradua\u00e7\u00e3o, a ser enviado \u00e0 Comiss\u00e3o Pr\u00f3pria de Avalia\u00e7\u00e3o (CPA) da UFMG.<\/p>\n<p><a class=\"file-to-download\" href=\"https:\/\/www2.ufmg.br\/sods\/content\/download\/2301\/15780\/version\/1\/file\/10rescepe2018+NDE.pdf\">Acesse aqui <\/a>\u00a0a resolu\u00e7\u00e3o do CEPE que institui e regulamenta as fun\u00e7\u00f5es do NDE.<\/p>\n<p>&nbsp;<\/p>\n<p><strong>Membros atuais do NDE de Ci\u00eancias Sociais:<\/strong><\/p>\n<ul>\n<li>Nat\u00e1lia S\u00e1tyro (presidente, DCP)<\/li>\n<li>Rog\u00e9rio Brittes W. Pires (coordenador do curso, DAA)<\/li>\n<li class=\"docs-icon goog-inline-block\">Carlos Santiago Dias Jr. (DSO)<\/li>\n<li class=\"docs-icon goog-inline-block\">\n<div class=\"docs-icon-img-container docs-icon-img docs-icon-function-20\">Eduardo Viana Vargas (DAA)<\/div>\n<\/li>\n<li class=\"docs-icon goog-inline-block\">\n<div class=\"docs-icon-img-container docs-icon-img docs-icon-function-20\">Elias Evangelista Gomes (MTE)<\/div>\n<\/li>\n<\/ul>\n<p>&nbsp;<\/p>\n<p><strong><a href=\"https:\/\/www.fafich.ufmg.br\/colcs\/wp-content\/uploads\/2024\/10\/CIENCIAS-SOCIAS-Relatorio-NDE-2019.pdf\">Autoavalia\u00e7\u00e3o NDE Ci\u00eancias Sociais 2019<\/a><\/strong><\/p>\n<p><strong><a href=\"https:\/\/www.fafich.ufmg.br\/colcs\/wp-content\/uploads\/2024\/10\/CIENCIAS-SOCIAIS-Relatorio-NDE-2021.pdf\">Autoavalia\u00e7\u00e3o NDE Ci\u00eancias Sociais 2021<\/a><\/strong><\/p>\n<p><strong><a href=\"https:\/\/www.fafich.ufmg.br\/colcs\/wp-content\/uploads\/2024\/10\/Autoavaliacao-NDE-Ciencias-Sociais-2023.docx.pdf\">Autoavalia\u00e7\u00e3o NDE Ci\u00eancias Sociais 2023<\/a><\/strong><\/p>\n","protected":false},"excerpt":{"rendered":"<p>S\u00e3o atribui\u00e7\u00f5es do N\u00facleo Docente Estruturante (NDE): 1) Propor ao Colegiado do Curso medidas que preservem a atualidade do Projeto Pedag\u00f3gico do Curso (PPC), em face das demandas e possibilidades do campo de atua\u00e7\u00e3o profissional e da sociedade, em sentido amplo; 2) Avaliar e contribuir sistematicamente para a consolida\u00e7\u00e3o do perfil profissional do egresso, considerando [&hellip;]<\/p>\n","protected":false},"author":1,"featured_media":0,"parent":0,"menu_order":0,"comment_status":"closed","ping_status":"closed","template":"","meta":[],"_links":{"self":[{"href":"https:\/\/www.fafich.ufmg.br\/colcs\/wp-json\/wp\/v2\/pages\/897"}],"collection":[{"href":"https:\/\/www.fafich.ufmg.br\/colcs\/wp-json\/wp\/v2\/pages"}],"about":[{"href":"https:\/\/www.fafich.ufmg.br\/colcs\/wp-json\/wp\/v2\/types\/page"}],"author":[{"embeddable":true,"href":"https:\/\/www.fafich.ufmg.br\/colcs\/wp-json\/wp\/v2\/users\/1"}],"replies":[{"embeddable":true,"href":"https:\/\/www.fafich.ufmg.br\/colcs\/wp-json\/wp\/v2\/comments?post=897"}],"version-history":[{"count":11,"href":"https:\/\/www.fafich.ufmg.br\/colcs\/wp-json\/wp\/v2\/pages\/897\/revisions"}],"predecessor-version":[{"id":2441,"href":"https:\/\/www.fafich.ufmg.br\/colcs\/wp-json\/wp\/v2\/pages\/897\/revisions\/2441"}],"wp:attachment":[{"href":"https:\/\/www.fafich.ufmg.br\/colcs\/wp-json\/wp\/v2\/media?parent=897"}],"curies":[{"name":"wp","href":"https:\/\/api.w.org\/{rel}","templated":true}]}}