{"id":902,"date":"2019-08-26T13:14:40","date_gmt":"2019-08-26T16:14:40","guid":{"rendered":"http:\/\/www.fafich.ufmg.br\/colcs\/?page_id=902"},"modified":"2024-04-22T09:45:22","modified_gmt":"2024-04-22T12:45:22","slug":"oferta-disciplinas-2022-1","status":"publish","type":"page","link":"https:\/\/www.fafich.ufmg.br\/colcs\/oferta-disciplinas-2022-1\/","title":{"rendered":"Oferta disciplinas 2022-1"},"content":{"rendered":"<table width=\"0\">\n<tbody>\n<tr>\n<td width=\"303\"><strong>NOME DA DISCIPLINA<\/strong><\/td>\n<td width=\"57\"><strong>COD<\/strong><\/td>\n<td width=\"66\"><strong>TUR<\/strong><\/td>\n<td width=\"45\"><strong>OP\/OB<\/strong><\/td>\n<td width=\"38\"><strong>Dia 1<\/strong><\/td>\n<td width=\"62\"><strong>HOR\u00c1RIO IN\u00cdCI0<\/strong><\/td>\n<td width=\"66\"><strong>HOR\u00c1RIO T\u00c9MINO<\/strong><\/td>\n<td width=\"122\"><strong>PROFESSORES<\/strong><\/td>\n<td width=\"74\"><strong>SALA<\/strong><\/td>\n<td width=\"65\"><strong>LOCAL<\/strong><\/td>\n<\/tr>\n<tr>\n<td width=\"303\">\u00a0T\u00d3PICOS EM DEMOGRAFIA: POPULA\u00c7\u00c3O, AMBIENTE E PLANEJAMENTO<\/td>\n<td width=\"57\">POP004<\/td>\n<td width=\"66\"><\/td>\n<td width=\"45\">OP<\/td>\n<td width=\"38\">TER<\/td>\n<td width=\"62\">19:00<\/td>\n<td width=\"66\">20:40<\/td>\n<td width=\"122\">ALISSON BARBIERI<\/td>\n<td width=\"74\">3006<\/td>\n<td width=\"65\">FAFICH<\/td>\n<\/tr>\n<tr>\n<td width=\"303\">T\u00d3PICOS EM ANTROPOLOGIA: EXPERIMENTA\u00c7\u00d5ES EM ANTROPOLOGIA GR\u00c1FICA: OBSERVA\u00c7\u00c3O, DESENHO, DESCRI\u00c7\u00c3O<\/td>\n<td width=\"57\">SOA072<\/td>\n<td width=\"66\">TA<\/td>\n<td width=\"45\">OP<\/td>\n<td width=\"38\">QUA<\/td>\n<td width=\"62\">14:00<\/td>\n<td width=\"66\"><\/td>\n<td width=\"122\">MAGDA DOS SANTOS RIBEIRO<\/td>\n<td width=\"74\">3054<\/td>\n<td width=\"65\">FAFICH<\/td>\n<\/tr>\n<tr>\n<td width=\"303\">T\u00d3PICOS EM ANTROPOLOGIA: COLONIALIDADES E FORMAS CAMPONESAS CONTEMPOR\u00c2NEAS<\/td>\n<td width=\"57\">SOA072<\/td>\n<td width=\"66\">TB<\/td>\n<td width=\"45\">OP<\/td>\n<td width=\"38\">SEG<\/td>\n<td width=\"62\">19:00<\/td>\n<td width=\"66\">20:40<\/td>\n<td width=\"122\">ADERVAL COSTA FILHO<\/td>\n<td width=\"74\">3008<\/td>\n<td width=\"65\">FAFICH<\/td>\n<\/tr>\n<tr>\n<td width=\"303\">T\u00d3PICOS EM ANTROPOLOGIA: LEITURAS ETNOGR\u00c1FICAS DO NORTE MINEIRO<\/td>\n<td width=\"57\">SOA072<\/td>\n<td width=\"66\">TD<\/td>\n<td width=\"45\">OP<\/td>\n<td width=\"38\">SEX<\/td>\n<td width=\"62\">14:00<\/td>\n<td width=\"66\"><\/td>\n<td width=\"122\">ANA BEATRIZ VIANA MENDES<\/td>\n<td width=\"74\">2045<\/td>\n<td width=\"65\">FAFICH<\/td>\n<\/tr>\n<tr>\n<td width=\"303\">T\u00d3PICOS EM ARQUEOLOGIA: ARQUEOLOGIA DO CAPITALISMO<\/td>\n<td width=\"57\">SOA073<\/td>\n<td width=\"66\">TC<\/td>\n<td width=\"45\">OP<\/td>\n<td width=\"38\">SEG<\/td>\n<td width=\"62\">19:00<\/td>\n<td width=\"66\">20:40<\/td>\n<td width=\"122\">LUIS CLAUDIO PEREIRA SYMANSKI<\/td>\n<td width=\"74\">2045<\/td>\n<td width=\"65\">FAFICH<\/td>\n<\/tr>\n<tr>\n<td width=\"303\">T\u00d3PICOS EM ARQUEOLOGIA: PROCESSO DE POVOAMENTO DA AM\u00c9RICA E DO BRASIL<\/td>\n<td width=\"57\">SOA073<\/td>\n<td width=\"66\">TD<\/td>\n<td width=\"45\">OP<\/td>\n<td width=\"38\">TER<\/td>\n<td width=\"62\">19:00<\/td>\n<td width=\"66\">20:40<\/td>\n<td width=\"122\">ANDREI ISNARDIS HORTA<\/td>\n<td width=\"74\">3008<\/td>\n<td width=\"65\">FAFICH<\/td>\n<\/tr>\n<tr>\n<td width=\"303\">T\u00d3PICOS EM ANTROPOLOGIA E ARQUEOLOGIA: O TEMPO, O COTIDIANO E A MORTE<\/td>\n<td width=\"57\">SOA073<\/td>\n<td width=\"66\">TB<\/td>\n<td width=\"45\">OP<\/td>\n<td width=\"38\">QUA<\/td>\n<td width=\"62\">14:00<\/td>\n<td width=\"66\"><\/td>\n<td width=\"122\">CARLOS MAGNO GUIMARAES<\/td>\n<td width=\"74\">3050<\/td>\n<td width=\"65\">FAFICH<\/td>\n<\/tr>\n<tr>\n<td width=\"303\">POLITICA I<\/td>\n<td width=\"57\">DCP029<\/td>\n<td width=\"66\">TA<\/td>\n<td width=\"45\">OB<\/td>\n<td width=\"38\">SEG<\/td>\n<td width=\"62\">07:30<\/td>\n<td width=\"66\">09:10<\/td>\n<td width=\"122\">MARJORIE CORREA MARONA, 26847X, 60<\/td>\n<td width=\"74\">B306<\/td>\n<td width=\"65\">CAD2<\/td>\n<\/tr>\n<tr>\n<td width=\"303\">INTRODU\u00c7\u00c3O \u00c0 ECONOMIA<\/td>\n<td width=\"57\">ECN140<\/td>\n<td width=\"66\">TA<\/td>\n<td width=\"45\">OB<\/td>\n<td width=\"38\">TER<\/td>\n<td width=\"62\">07:30<\/td>\n<td width=\"66\">09:10<\/td>\n<td width=\"122\">A DEFINIR<\/td>\n<td width=\"74\">B306<\/td>\n<td width=\"65\">CAD2<\/td>\n<\/tr>\n<tr>\n<td width=\"303\">INTRODUCAO A FILOSOFIA: FILOSOFIA DAS CIENCIAS SOCIAIS<\/td>\n<td width=\"57\">FIL035<\/td>\n<td width=\"66\">TD<\/td>\n<td width=\"45\">OB<\/td>\n<td width=\"38\">SEX<\/td>\n<td width=\"62\">07:30<\/td>\n<td width=\"66\"><\/td>\n<td width=\"122\">EDUARDO SOARES NEVES SILVA, 208442, 60<\/td>\n<td width=\"74\">B306<\/td>\n<td width=\"65\">CAD2<\/td>\n<\/tr>\n<tr>\n<td width=\"303\">SOCIOLOGIA I<\/td>\n<td width=\"57\">SOA069<\/td>\n<td width=\"66\">TA<\/td>\n<td width=\"45\">OB<\/td>\n<td width=\"38\">TER<\/td>\n<td width=\"62\">09:30<\/td>\n<td width=\"66\">11:10<\/td>\n<td width=\"122\">DIMITRI FAZITO DE ALMEIDA REZENDE<\/td>\n<td width=\"74\">B306<\/td>\n<td width=\"65\">CAD2<\/td>\n<\/tr>\n<tr>\n<td width=\"303\">ANTROPOLOGIA I<\/td>\n<td width=\"57\">SOA030<\/td>\n<td width=\"66\">TA<\/td>\n<td width=\"45\">OB<\/td>\n<td width=\"38\">SEG<\/td>\n<td width=\"62\">09:30<\/td>\n<td width=\"66\">11:10<\/td>\n<td width=\"122\">EDUARDO VIANA VARGAS, 13533X, 60<\/td>\n<td width=\"74\">B306<\/td>\n<td width=\"65\">CAD2<\/td>\n<\/tr>\n<tr>\n<td width=\"303\">POLITICA II<\/td>\n<td width=\"57\">DCP006<\/td>\n<td width=\"66\">TB<\/td>\n<td width=\"45\">OB<\/td>\n<td width=\"38\">SEG<\/td>\n<td width=\"62\">07:30<\/td>\n<td width=\"66\">09:10<\/td>\n<td width=\"122\">\u00a0JUAREZ ROCHA GUIMAR\u00c3ES<\/td>\n<td width=\"74\">3054<\/td>\n<td width=\"65\">FAFICH<\/td>\n<\/tr>\n<tr>\n<td width=\"303\">INTRODU\u00c7\u00c3O \u00c0 DEMOGRAFIA<\/td>\n<td width=\"57\">POP005<\/td>\n<td width=\"66\">TA<\/td>\n<td width=\"45\">OB<\/td>\n<td width=\"38\">SEX<\/td>\n<td width=\"62\">07:30<\/td>\n<td width=\"66\"><\/td>\n<td width=\"122\">PAULA DE MIRANDA RIBEIRO, 148652, 60<\/td>\n<td width=\"74\"><strong>3078<\/strong><\/td>\n<td width=\"65\"><strong>FACE<\/strong><\/td>\n<\/tr>\n<tr>\n<td width=\"303\">INTRODUCAO A ESTATISTICA<\/td>\n<td width=\"57\">EST057<\/td>\n<td width=\"66\">TA<\/td>\n<td width=\"45\">OB<\/td>\n<td width=\"38\">TER<\/td>\n<td width=\"62\">07:30<\/td>\n<td width=\"66\">09:10<\/td>\n<td width=\"122\">A DEFINIR<\/td>\n<td width=\"74\">B510<\/td>\n<td width=\"65\">CAD2<\/td>\n<\/tr>\n<tr>\n<td width=\"303\">SOCIOLOGIA II<\/td>\n<td width=\"57\">SOA002<\/td>\n<td width=\"66\">TP<\/td>\n<td width=\"45\">OB<\/td>\n<td width=\"38\">TER<\/td>\n<td width=\"62\">09:30<\/td>\n<td width=\"66\">11:10<\/td>\n<td width=\"122\">JURI CASTELFRANCHI<\/td>\n<td width=\"74\">C412<\/td>\n<td width=\"65\">CAD2<\/td>\n<\/tr>\n<tr>\n<td width=\"303\">ANTROPOLOGIA II<\/td>\n<td width=\"57\">SOA023<\/td>\n<td width=\"66\">TB<\/td>\n<td width=\"45\">OB<\/td>\n<td width=\"38\">SEG<\/td>\n<td width=\"62\">09:30<\/td>\n<td width=\"66\">11:10<\/td>\n<td width=\"122\">KARENINA VIEIRA ANDRADE, 224103, 60<\/td>\n<td width=\"74\">C507<\/td>\n<td width=\"65\">CAD2<\/td>\n<\/tr>\n<tr>\n<td width=\"303\">METODOLOGIA I<\/td>\n<td width=\"57\">SOA024<\/td>\n<td width=\"66\">TQ<\/td>\n<td width=\"45\">OB<\/td>\n<td width=\"38\">SEX<\/td>\n<td width=\"62\">07:30<\/td>\n<td width=\"66\"><\/td>\n<td width=\"122\">MARDEN BARBOSA DE CAMPOS<\/td>\n<td width=\"74\">2045<\/td>\n<td width=\"65\">FAFICH<\/td>\n<\/tr>\n<tr>\n<td width=\"303\">SOCIOLOGIA III<\/td>\n<td width=\"57\">SOA036<\/td>\n<td width=\"66\">TV<\/td>\n<td width=\"45\">OB<\/td>\n<td width=\"38\">TER<\/td>\n<td width=\"62\">09:30<\/td>\n<td width=\"66\">11:10<\/td>\n<td width=\"122\">RAQUEL OLIVEIRA SANTOS TEIXEIRA, 279218, 60<\/td>\n<td width=\"74\">3054<\/td>\n<td width=\"65\">FAFICH<\/td>\n<\/tr>\n<tr>\n<td width=\"303\">POLITICA III<\/td>\n<td width=\"57\">DCP007<\/td>\n<td width=\"66\">TC<\/td>\n<td width=\"45\">OB<\/td>\n<td width=\"38\">SEG<\/td>\n<td width=\"62\">07:30<\/td>\n<td width=\"66\">09:10<\/td>\n<td width=\"122\">RICARDO FABRINO MENDONCA<\/td>\n<td width=\"74\">2045<\/td>\n<td width=\"65\">FAFICH<\/td>\n<\/tr>\n<tr>\n<td width=\"303\">ANTROPOLOGIA III<\/td>\n<td width=\"57\">SOA025<\/td>\n<td width=\"66\">TC<\/td>\n<td width=\"45\">OB<\/td>\n<td width=\"38\">SEG<\/td>\n<td width=\"62\">09:30<\/td>\n<td width=\"66\">11:10<\/td>\n<td width=\"122\">ROGERIO DUARTE DO PATEO<\/td>\n<td width=\"74\">3054<\/td>\n<td width=\"65\">FAFICH<\/td>\n<\/tr>\n<tr>\n<td width=\"303\">ANTROPOLOGIA IV<\/td>\n<td width=\"57\">SOA007<\/td>\n<td width=\"66\">TD<\/td>\n<td width=\"45\">OB<\/td>\n<td width=\"38\">SEG<\/td>\n<td width=\"62\">09:30<\/td>\n<td width=\"66\">11:10<\/td>\n<td width=\"122\">MAGDA DOS SANTOS RIBEIRO<\/td>\n<td width=\"74\">2074<\/td>\n<td width=\"65\">FAFICH<\/td>\n<\/tr>\n<tr>\n<td width=\"303\">METODOLOGIA II<\/td>\n<td width=\"57\">SOA026<\/td>\n<td width=\"66\">TN<\/td>\n<td width=\"45\">OB<\/td>\n<td width=\"38\">TER<\/td>\n<td width=\"62\">07:30<\/td>\n<td width=\"66\">09:10<\/td>\n<td width=\"122\">JORGE ALEXANDRE BARBOSA NEVES<\/td>\n<td width=\"74\">2045<\/td>\n<td width=\"65\">FAFICH<\/td>\n<\/tr>\n<tr>\n<td width=\"303\">SEMINARIOS TEMATICOS DE POLITICA<\/td>\n<td width=\"57\">DCP024<\/td>\n<td width=\"66\">TA<\/td>\n<td width=\"45\">OB<\/td>\n<td width=\"38\">SEG<\/td>\n<td width=\"62\">07:30<\/td>\n<td width=\"66\">09:10<\/td>\n<td width=\"122\">FELIPE NUNES DOS SANTOS, 288810, 60<\/td>\n<td width=\"74\">2074<\/td>\n<td width=\"65\">FAFICH<\/td>\n<\/tr>\n<tr>\n<td width=\"303\">SEMINARIOS TEMATICOS DE SOCIOLOGIA<\/td>\n<td width=\"57\">SOA051<\/td>\n<td width=\"66\">TA<\/td>\n<td width=\"45\">OB<\/td>\n<td width=\"38\">TER<\/td>\n<td width=\"62\">09:30<\/td>\n<td width=\"66\">11:10<\/td>\n<td width=\"122\">RENARDE FREIRE NOBRE<\/td>\n<td width=\"74\">2045<\/td>\n<td width=\"65\">FAFICH<\/td>\n<\/tr>\n<tr>\n<td width=\"303\">METODOLOGIA III<\/td>\n<td width=\"57\">SOA027<\/td>\n<td width=\"66\">TFF<\/td>\n<td width=\"45\">OB<\/td>\n<td width=\"38\">SEX<\/td>\n<td width=\"62\">07:30<\/td>\n<td width=\"66\"><\/td>\n<td width=\"122\">SABRINA DEISE FINAMORI, 279277, 60<\/td>\n<td width=\"74\">C404<\/td>\n<td width=\"65\">CAD2<\/td>\n<\/tr>\n<tr>\n<td width=\"303\">LABORATORIO DE ENSINO DE SOCIOLOGIA I<\/td>\n<td width=\"57\">SOA052<\/td>\n<td width=\"66\"><\/td>\n<td width=\"45\">OB<\/td>\n<td width=\"38\">SEG<\/td>\n<td width=\"62\">09:30<\/td>\n<td width=\"66\"><\/td>\n<td width=\"122\">ELAINE MEIRE VILELA<\/td>\n<td width=\"74\">3032<\/td>\n<td width=\"65\">FAFICH<\/td>\n<\/tr>\n<tr>\n<td width=\"303\">METODOLOGIA IV<\/td>\n<td width=\"57\">SOA005<\/td>\n<td width=\"66\">TFF<\/td>\n<td width=\"45\">OB<\/td>\n<td width=\"38\">SEX<\/td>\n<td width=\"62\">07:30<\/td>\n<td width=\"66\"><\/td>\n<td width=\"122\">RENAN SPRINGER DE FREITAS<\/td>\n<td width=\"74\">3054<\/td>\n<td width=\"65\">FAFICH<\/td>\n<\/tr>\n<tr>\n<td width=\"303\">LABORATORIO DE ENSINO DE SOCIOLOGIA II<\/td>\n<td width=\"57\">SOA053<\/td>\n<td width=\"66\">TB<\/td>\n<td width=\"45\">OB<\/td>\n<td width=\"38\">QUA<\/td>\n<td width=\"62\">09:30<\/td>\n<td width=\"66\"><\/td>\n<td width=\"122\">CORINNE DAVIS RODRIGUES, 193534, 60<\/td>\n<td width=\"74\">2045<\/td>\n<td width=\"65\">FAFICH<\/td>\n<\/tr>\n<tr>\n<td width=\"303\">ELABORACAO DE PROGRAMA DE SOCIOLOGIA PARA O NIVEL MEDIO<\/td>\n<td width=\"57\">SOA081<\/td>\n<td width=\"66\">PA<\/td>\n<td width=\"45\">OB<\/td>\n<td width=\"38\">SEG<\/td>\n<td width=\"62\">09:30<\/td>\n<td width=\"66\"><\/td>\n<td width=\"122\">CORINNE DAVIS RODRIGUES, 193534, 60<\/td>\n<td width=\"74\">2045<\/td>\n<td width=\"65\">FAFICH<\/td>\n<\/tr>\n<tr>\n<td width=\"303\">TOPICOS EM POLITICA &#8211; POR UMA TEORIA POL\u00cdTICA CR\u00cdTICA AO NEOLIBERALISMO<\/td>\n<td width=\"57\">DCP030<\/td>\n<td width=\"66\">TA<\/td>\n<td width=\"45\">OP<\/td>\n<td width=\"38\">SEG<\/td>\n<td width=\"62\">09:30<\/td>\n<td width=\"66\">11:10<\/td>\n<td width=\"122\">\u00a0JUAREZ ROCHA GUIMAR\u00c3ES<\/td>\n<td width=\"74\">3016<\/td>\n<td width=\"65\">FAFICH<\/td>\n<\/tr>\n<tr>\n<td width=\"303\">TOPICOS EM POLITICA &#8211; 3,5: A DEMOCRACIA NA CONTEMPORANEIDADE.<\/td>\n<td width=\"57\">DCP030<\/td>\n<td width=\"66\">TB<\/td>\n<td width=\"45\">OP<\/td>\n<td width=\"38\">TER<\/td>\n<td width=\"62\">07:30<\/td>\n<td width=\"66\">09:10<\/td>\n<td width=\"122\">RICARDO FABRINO MENDONCA<\/td>\n<td width=\"74\">3002<\/td>\n<td width=\"65\">FAFICH<\/td>\n<\/tr>\n<tr>\n<td width=\"303\">TOPICOS EM POLITICA &#8211; ESTADO, FEMINISMO E NEOCONSERVADORISMO<\/td>\n<td width=\"57\">DCP030<\/td>\n<td width=\"66\">TC<\/td>\n<td width=\"45\">OP<\/td>\n<td width=\"38\">SEG<\/td>\n<td width=\"62\">09:30<\/td>\n<td width=\"66\">11:10<\/td>\n<td width=\"122\">MARLISE MIRIAM DE MATOS ALMEIDA, 19137X, 60<\/td>\n<td width=\"74\">3016<\/td>\n<td width=\"65\">FAFICH<\/td>\n<\/tr>\n<tr>\n<td width=\"303\">TOPICOS EM POLITICA &#8211; DEMOCRACIA E ESTADO DE BEM-ESTAR SOCIAL<\/td>\n<td width=\"57\">DCP030<\/td>\n<td width=\"66\">TD<\/td>\n<td width=\"45\">OP<\/td>\n<td width=\"38\">TER<\/td>\n<td width=\"62\">09:30<\/td>\n<td width=\"66\">11:10<\/td>\n<td width=\"122\">EDUARDO MEIRA ZAULI<\/td>\n<td width=\"74\">3012<\/td>\n<td width=\"65\">FAFICH<\/td>\n<\/tr>\n<tr>\n<td width=\"303\">TOPICOS EM POLITICA &#8211; CRISE DA DEMOCRACIA E RESIST\u00caNCIA EM M\u00daLTIPLAS ARENAS.<\/td>\n<td width=\"57\">DCP030<\/td>\n<td width=\"66\">TE<\/td>\n<td width=\"45\">OP<\/td>\n<td width=\"38\">QUA<\/td>\n<td width=\"62\">14:00<\/td>\n<td width=\"66\"><\/td>\n<td width=\"122\">CL\u00c1UDIA FERES FARIA<\/td>\n<td width=\"74\">3042<\/td>\n<td width=\"65\">FAFICH<\/td>\n<\/tr>\n<tr>\n<td width=\"303\">TOPICOS EM DEMOGRAFIA &#8211; POPULA\u00c7\u00c3O, FECUNDIDADE E SA\u00daDE REPRODUTIVA<\/td>\n<td width=\"57\">POP004<\/td>\n<td width=\"66\">TA<\/td>\n<td width=\"45\">OP<\/td>\n<td width=\"38\">TER<\/td>\n<td width=\"62\">07:30<\/td>\n<td width=\"66\">09:10<\/td>\n<td width=\"122\">ANA PAULA DE ANDRADE VERONA, 244562, 60<\/td>\n<td width=\"74\"><strong>3077<\/strong><\/td>\n<td width=\"65\"><strong>FACE<\/strong><\/td>\n<\/tr>\n<tr>\n<td width=\"303\">TOPICOS EM DEMOGRAFIA &#8211; TEORIA E PR\u00c1TICA DA MIGRA\u00c7\u00c3O INTERNACIONAL CONTEMPOR\u00c2NEA<\/td>\n<td width=\"57\">POP004<\/td>\n<td width=\"66\">TB<\/td>\n<td width=\"45\">OP<\/td>\n<td width=\"38\">QUA<\/td>\n<td width=\"62\">09:25<\/td>\n<td width=\"66\"><\/td>\n<td width=\"122\">GISELA PATRICIA ZAPATA ARAUJO, 289965, 60<\/td>\n<td width=\"74\"><strong>3110<\/strong><\/td>\n<td width=\"65\"><strong>FACE<\/strong><\/td>\n<\/tr>\n<tr>\n<td width=\"303\">TOPICOS EM DEMOGRAFIA &#8211; ASPECTOS SOCIAIS DA POPULA\u00c7\u00c3O<\/td>\n<td width=\"57\">POP004<\/td>\n<td width=\"66\">TD<\/td>\n<td width=\"45\">OP<\/td>\n<td width=\"38\">SEX<\/td>\n<td width=\"62\">13:00<\/td>\n<td width=\"66\"><\/td>\n<td width=\"122\">PAULA DE MIRANDA RIBEIRO, 148652, 60<\/td>\n<td width=\"74\"><strong>3078<\/strong><\/td>\n<td width=\"65\"><strong>FACE<\/strong><\/td>\n<\/tr>\n<tr>\n<td width=\"303\">TOPICOS EM ANTROPOLOGIA &#8211; ETNOGRAFIAS SUL-AMER\u00cdNDIAS CONTEMPOR\u00c2NEAS<\/td>\n<td width=\"57\">SOA072<\/td>\n<td width=\"66\">TA<\/td>\n<td width=\"45\">OP<\/td>\n<td width=\"38\">SEG<\/td>\n<td width=\"62\">07:30<\/td>\n<td width=\"66\">09:10<\/td>\n<td width=\"122\">KARENINA VIEIRA ANDRADE, 224103, 60<\/td>\n<td width=\"74\">3012<\/td>\n<td width=\"65\">FAFICH<\/td>\n<\/tr>\n<tr>\n<td width=\"303\">TOPICOS EM ANTROPOLOGIA &#8211; ANTROPOLOGIA MULTIESP\u00c9CIES<\/td>\n<td width=\"57\">SOA072<\/td>\n<td width=\"66\">TB<\/td>\n<td width=\"45\">OP<\/td>\n<td width=\"38\">SEG<\/td>\n<td width=\"62\">07:30<\/td>\n<td width=\"66\">09:10<\/td>\n<td width=\"122\">EDUARDO VIANA VARGAS, 13533X, 60<\/td>\n<td width=\"74\">3008<\/td>\n<td width=\"65\">FAFICH<\/td>\n<\/tr>\n<tr>\n<td width=\"303\">TOPICOS EM ANTROPOLOGIA &#8211; LAUDOS ANTROPOL\u00d3GICOS<\/td>\n<td width=\"57\">SOA072<\/td>\n<td width=\"66\">TC<\/td>\n<td width=\"45\">OP<\/td>\n<td width=\"38\">SEG<\/td>\n<td width=\"62\">09:30<\/td>\n<td width=\"66\">11:10<\/td>\n<td width=\"122\">ANA FL\u00c1VIA SANTOS<\/td>\n<td width=\"74\">3008<\/td>\n<td width=\"65\">FAFICH<\/td>\n<\/tr>\n<tr>\n<td width=\"303\">TOPICOS EM ANTROPOLOGIA &#8211; PENSAMENTO AFROCARIBENHO<\/td>\n<td width=\"57\">SOA072<\/td>\n<td width=\"66\">TE<\/td>\n<td width=\"45\">OP<\/td>\n<td width=\"38\">TER<\/td>\n<td width=\"62\">09:30<\/td>\n<td width=\"66\">11:10<\/td>\n<td width=\"122\">ROGERIO BRITTES WANDERLEY PIRES<\/td>\n<td width=\"74\">2055<\/td>\n<td width=\"65\">FAFICH<\/td>\n<\/tr>\n<tr>\n<td width=\"303\">TOPICOS EM ANTROPOLOGIA &#8211; ANTROPOLOGIA DA IMAGEM E DO SOM<\/td>\n<td width=\"57\">SOA072<\/td>\n<td width=\"66\">TY<\/td>\n<td width=\"45\">OP<\/td>\n<td width=\"38\">TER<\/td>\n<td width=\"62\">07:30<\/td>\n<td width=\"66\">09:10<\/td>\n<td width=\"122\">RUBEN CAIXETA DE QUEIROZ, 164992, 60<\/td>\n<td width=\"74\">2055<\/td>\n<td width=\"65\">FAFICH<\/td>\n<\/tr>\n<tr>\n<td width=\"303\">TOPICOS EM ANTROPOLOGIA &#8211; ECOLOGIA POL\u00cdTICA DA MINERA\u00c7\u00c3O E DOS DESASTRES<\/td>\n<td width=\"57\">SOA072<\/td>\n<td width=\"66\">TZ<\/td>\n<td width=\"45\">OP<\/td>\n<td width=\"38\">SEX<\/td>\n<td width=\"62\">07:30<\/td>\n<td width=\"66\"><\/td>\n<td width=\"122\">ANDR\u00c9A ZHOURI<\/td>\n<td width=\"74\">2055<\/td>\n<td width=\"65\">FAFICH<\/td>\n<\/tr>\n<tr>\n<td width=\"303\">TOPICOS EM SOCIOLOGIA<\/td>\n<td width=\"57\">SOA071<\/td>\n<td width=\"66\">A<\/td>\n<td width=\"45\">OP<\/td>\n<td width=\"38\">QUA<\/td>\n<td width=\"62\">07:30<\/td>\n<td width=\"66\"><\/td>\n<td width=\"122\">CL\u00c1UDIO SANTIAGO DIAS J\u00daNIOR<\/td>\n<td width=\"74\">3014<\/td>\n<td width=\"65\">FAFICH<\/td>\n<\/tr>\n<\/tbody>\n<\/table>\n","protected":false},"excerpt":{"rendered":"<p>NOME DA DISCIPLINA COD TUR OP\/OB Dia 1 HOR\u00c1RIO IN\u00cdCI0 HOR\u00c1RIO T\u00c9MINO PROFESSORES SALA LOCAL \u00a0T\u00d3PICOS EM DEMOGRAFIA: POPULA\u00c7\u00c3O, AMBIENTE E PLANEJAMENTO POP004 OP TER 19:00 20:40 ALISSON BARBIERI 3006 FAFICH T\u00d3PICOS EM ANTROPOLOGIA: EXPERIMENTA\u00c7\u00d5ES EM ANTROPOLOGIA GR\u00c1FICA: OBSERVA\u00c7\u00c3O, DESENHO, DESCRI\u00c7\u00c3O SOA072 TA OP QUA 14:00 MAGDA DOS SANTOS RIBEIRO 3054 FAFICH T\u00d3PICOS EM ANTROPOLOGIA: [&hellip;]<\/p>\n","protected":false},"author":1,"featured_media":0,"parent":0,"menu_order":0,"comment_status":"closed","ping_status":"closed","template":"","meta":[],"_links":{"self":[{"href":"https:\/\/www.fafich.ufmg.br\/colcs\/wp-json\/wp\/v2\/pages\/902"}],"collection":[{"href":"https:\/\/www.fafich.ufmg.br\/colcs\/wp-json\/wp\/v2\/pages"}],"about":[{"href":"https:\/\/www.fafich.ufmg.br\/colcs\/wp-json\/wp\/v2\/types\/page"}],"author":[{"embeddable":true,"href":"https:\/\/www.fafich.ufmg.br\/colcs\/wp-json\/wp\/v2\/users\/1"}],"replies":[{"embeddable":true,"href":"https:\/\/www.fafich.ufmg.br\/colcs\/wp-json\/wp\/v2\/comments?post=902"}],"version-history":[{"count":17,"href":"https:\/\/www.fafich.ufmg.br\/colcs\/wp-json\/wp\/v2\/pages\/902\/revisions"}],"predecessor-version":[{"id":1906,"href":"https:\/\/www.fafich.ufmg.br\/colcs\/wp-json\/wp\/v2\/pages\/902\/revisions\/1906"}],"wp:attachment":[{"href":"https:\/\/www.fafich.ufmg.br\/colcs\/wp-json\/wp\/v2\/media?parent=902"}],"curies":[{"name":"wp","href":"https:\/\/api.w.org\/{rel}","templated":true}]}}