{"id":174,"date":"2025-03-19T23:41:49","date_gmt":"2025-03-20T02:41:49","guid":{"rendered":"https:\/\/servweb.fafich.ufmg.br\/ghis\/?page_id=174"},"modified":"2026-02-26T15:11:36","modified_gmt":"2026-02-26T18:11:36","slug":"colegiado","status":"publish","type":"page","link":"https:\/\/www.fafich.ufmg.br\/colhis\/?page_id=174","title":{"rendered":"Colegiado"},"content":{"rendered":"\n<p><strong>Coordena\u00e7\u00e3o e Secretaria<\/strong><\/p>\n\n\n\n<figure class=\"wp-block-table\"><table class=\"has-fixed-layout\"><tbody><tr><td>Coordenadora<\/td><td>Profa. Priscila Carlos Brand\u00e3o<\/td><\/tr><tr><td>Subcoordenador<\/td><td>Profa. Ana Carolina Vimieiro<\/td><\/tr><tr><td>Secret\u00e1rio<\/td><td>Renato Meireles<\/td><\/tr><\/tbody><\/table><\/figure>\n\n\n\n<div style=\"height:25px\" aria-hidden=\"true\" class=\"wp-block-spacer\"><\/div>\n\n\n\n<p><strong>Membros do Colegiado<\/strong><\/p>\n\n\n\n<figure class=\"wp-block-table\"><table class=\"has-fixed-layout\"><tbody><tr><td><strong>Departamento<\/strong><\/td><td><strong>Titular<\/strong><\/td><td><strong>Suplente<\/strong><\/td><\/tr><tr><td>Hist\u00f3ria<\/td><td>K\u00e1tia Gerab Baggio<\/td><td><\/td><\/tr><tr><td>Hist\u00f3ria<\/td><td>Ana Carolina Vimieiro<\/td><td><\/td><\/tr><tr><td>Hist\u00f3ria<\/td><td>Ely Bergo<\/td><td><\/td><\/tr><tr><td>Hist\u00f3ria<\/td><td>Marina Duarte<\/td><td><\/td><\/tr><tr><td>Hist\u00f3ria<\/td><td>Tarc\u00edsio Botelho<\/td><td><\/td><\/tr><tr><td>Hist\u00f3ria<\/td><td>Andr\u00e9 Miatello<\/td><td><\/td><\/tr><tr><td>M\u00e9todos e T\u00e9cnicas de Ensino (DMTE)<\/td><td>Nayara Silva de Carie<\/td><td>Pablo Lima<\/td><\/tr><tr><td>Representante discente (Cahis)<\/td><td><\/td><td><\/td><\/tr><\/tbody><\/table><\/figure>\n","protected":false},"excerpt":{"rendered":"<p>Coordena\u00e7\u00e3o e Secretaria Coordenadora Profa. Priscila Carlos Brand\u00e3o Subcoordenador Profa. Ana Carolina Vimieiro Secret\u00e1rio Renato Meireles Membros do Colegiado Departamento Titular Suplente Hist\u00f3ria K\u00e1tia Gerab Baggio Hist\u00f3ria Ana Carolina Vimieiro Hist\u00f3ria Ely Bergo Hist\u00f3ria Marina Duarte Hist\u00f3ria Tarc\u00edsio Botelho Hist\u00f3ria Andr\u00e9 Miatello M\u00e9todos e T\u00e9cnicas de Ensino (DMTE) Nayara Silva de Carie Pablo Lima Representante [&hellip;]<\/p>\n","protected":false},"author":2,"featured_media":0,"parent":0,"menu_order":0,"comment_status":"closed","ping_status":"closed","template":"","meta":{"_acf_changed":false,"footnotes":""},"class_list":["post-174","page","type-page","status-publish","hentry"],"acf":[],"_links":{"self":[{"href":"https:\/\/www.fafich.ufmg.br\/colhis\/index.php?rest_route=\/wp\/v2\/pages\/174"}],"collection":[{"href":"https:\/\/www.fafich.ufmg.br\/colhis\/index.php?rest_route=\/wp\/v2\/pages"}],"about":[{"href":"https:\/\/www.fafich.ufmg.br\/colhis\/index.php?rest_route=\/wp\/v2\/types\/page"}],"author":[{"embeddable":true,"href":"https:\/\/www.fafich.ufmg.br\/colhis\/index.php?rest_route=\/wp\/v2\/users\/2"}],"replies":[{"embeddable":true,"href":"https:\/\/www.fafich.ufmg.br\/colhis\/index.php?rest_route=%2Fwp%2Fv2%2Fcomments&post=174"}],"version-history":[{"count":10,"href":"https:\/\/www.fafich.ufmg.br\/colhis\/index.php?rest_route=\/wp\/v2\/pages\/174\/revisions"}],"predecessor-version":[{"id":512,"href":"https:\/\/www.fafich.ufmg.br\/colhis\/index.php?rest_route=\/wp\/v2\/pages\/174\/revisions\/512"}],"wp:attachment":[{"href":"https:\/\/www.fafich.ufmg.br\/colhis\/index.php?rest_route=%2Fwp%2Fv2%2Fmedia&parent=174"}],"curies":[{"name":"wp","href":"https:\/\/api.w.org\/{rel}","templated":true}]}}