{"id":178,"date":"2025-03-19T23:41:49","date_gmt":"2025-03-20T02:41:49","guid":{"rendered":"https:\/\/servweb.fafich.ufmg.br\/ghis\/?page_id=178"},"modified":"2025-03-25T14:48:46","modified_gmt":"2025-03-25T17:48:46","slug":"estagios-nao-obrigatorios","status":"publish","type":"page","link":"https:\/\/www.fafich.ufmg.br\/colhis\/?page_id=178","title":{"rendered":"Est\u00e1gios n\u00e3o obrigat\u00f3rios"},"content":{"rendered":"\n<p><strong>ORIENTA\u00c7\u00d5ES PARA AN\u00c1LISE E ASSINATURA DE DOCUMENTOS PARA EST\u00c1GIO N\u00c3O OBRIGAT\u00d3RIO<\/strong><\/p>\n\n\n\n<p><strong>1.<\/strong>&nbsp;Os documentos referentes aos est\u00e1gios n\u00e3o obrigat\u00f3rios,&nbsp;termo de compromisso,&nbsp;plano de atividades&nbsp;etermos aditivos, devem ser encaminhados&nbsp;pelo Moodle do Colegiado, no item \u201cEnvio de documentos de Est\u00e1gio\u201d,&nbsp;quando&nbsp;forem&nbsp;nato-digitais.<\/p>\n\n\n\n<p>Entregar na Central de atendimento (CEAG) ou na Secretaria do Colegiado se forem&nbsp;impressos (f\u00edsicos).<\/p>\n\n\n\n<p>&nbsp;<strong>2.<\/strong>&nbsp;O prazo de an\u00e1lise e assinatura ser\u00e1 de&nbsp;dois a quatro dias \u00fateis.<\/p>\n\n\n\n<p>Em caso de erros, dever\u00e3o ser reelaborados.<\/p>\n\n\n\n<p><strong>3.<\/strong>&nbsp;Somente ser\u00e3o assinados documentos originais. N\u00e3o ser\u00e3o assinadas c\u00f3pias digitalizadas.&nbsp;<strong>S\u00e3o considerados documentos originais<\/strong>:<\/p>\n\n\n\n<p>&nbsp;\u2013 Documentos nato-digitais (criados em ambiente digital e com todas as assinaturas digitais)<\/p>\n\n\n\n<p>\u2013 Documentos enviados de modo impresso (f\u00edsicos) com assinatura manuscrita.<\/p>\n\n\n\n<p><strong>4.<\/strong>&nbsp;O termo de compromisso e plano de atividades devem ser encaminhados com a&nbsp;assinatura de todos os envolvidos&nbsp;(institui\u00e7\u00e3o onde o est\u00e1gio ser\u00e1 realizado e aluno). A coordena\u00e7\u00e3o do Colegiado ser\u00e1 a \u00faltima a assinar os documentos, para posterior arquivamento.<\/p>\n\n\n\n<p><strong>5.<\/strong>&nbsp;No termo de compromisso de est\u00e1gio deve constar&nbsp;o nome do diretor da FAFICH&nbsp;ou &nbsp;nome da&nbsp;Coordena\u00e7\u00e3o do Colegiado<\/p>\n","protected":false},"excerpt":{"rendered":"<p>ORIENTA\u00c7\u00d5ES PARA AN\u00c1LISE E ASSINATURA DE DOCUMENTOS PARA EST\u00c1GIO N\u00c3O OBRIGAT\u00d3RIO 1.&nbsp;Os documentos referentes aos est\u00e1gios n\u00e3o obrigat\u00f3rios,&nbsp;termo de compromisso,&nbsp;plano de atividades&nbsp;etermos aditivos, devem ser encaminhados&nbsp;pelo Moodle do Colegiado, no item \u201cEnvio de documentos de Est\u00e1gio\u201d,&nbsp;quando&nbsp;forem&nbsp;nato-digitais. Entregar na Central de atendimento (CEAG) ou na Secretaria do Colegiado se forem&nbsp;impressos (f\u00edsicos). &nbsp;2.&nbsp;O prazo de an\u00e1lise e [&hellip;]<\/p>\n","protected":false},"author":2,"featured_media":0,"parent":0,"menu_order":0,"comment_status":"closed","ping_status":"closed","template":"","meta":{"_acf_changed":false,"footnotes":""},"class_list":["post-178","page","type-page","status-publish","hentry"],"acf":[],"_links":{"self":[{"href":"https:\/\/www.fafich.ufmg.br\/colhis\/index.php?rest_route=\/wp\/v2\/pages\/178"}],"collection":[{"href":"https:\/\/www.fafich.ufmg.br\/colhis\/index.php?rest_route=\/wp\/v2\/pages"}],"about":[{"href":"https:\/\/www.fafich.ufmg.br\/colhis\/index.php?rest_route=\/wp\/v2\/types\/page"}],"author":[{"embeddable":true,"href":"https:\/\/www.fafich.ufmg.br\/colhis\/index.php?rest_route=\/wp\/v2\/users\/2"}],"replies":[{"embeddable":true,"href":"https:\/\/www.fafich.ufmg.br\/colhis\/index.php?rest_route=%2Fwp%2Fv2%2Fcomments&post=178"}],"version-history":[{"count":3,"href":"https:\/\/www.fafich.ufmg.br\/colhis\/index.php?rest_route=\/wp\/v2\/pages\/178\/revisions"}],"predecessor-version":[{"id":375,"href":"https:\/\/www.fafich.ufmg.br\/colhis\/index.php?rest_route=\/wp\/v2\/pages\/178\/revisions\/375"}],"wp:attachment":[{"href":"https:\/\/www.fafich.ufmg.br\/colhis\/index.php?rest_route=%2Fwp%2Fv2%2Fmedia&parent=178"}],"curies":[{"name":"wp","href":"https:\/\/api.w.org\/{rel}","templated":true}]}}