{"id":179,"date":"2025-03-19T23:41:49","date_gmt":"2025-03-20T02:41:49","guid":{"rendered":"https:\/\/servweb.fafich.ufmg.br\/ghis\/?page_id=179"},"modified":"2025-03-23T13:18:57","modified_gmt":"2025-03-23T16:18:57","slug":"formularios","status":"publish","type":"page","link":"https:\/\/www.fafich.ufmg.br\/colhis\/?page_id=179","title":{"rendered":"Formul\u00e1rios"},"content":{"rendered":"\n<p><a rel=\"noreferrer noopener\" href=\"https:\/\/www2.ufmg.br\/drca\/content\/download\/27109\/182121\/file\/form-30_Utiliza%C3%A7%C3%A3o-NOME_SOCIAL.pdf\" target=\"_blank\">Requerimento para Inclus\u00e3o de Nome Social<\/a><\/p>\n\n\n\n<p><a rel=\"noreferrer noopener\" href=\"https:\/\/www2.ufmg.br\/drca\/content\/download\/21015\/145032\/file\/form-3_Regime-ESP.pdf\" target=\"_blank\">Requerimento de Regime Especial<\/a><\/p>\n\n\n\n<p><a rel=\"noreferrer noopener\" href=\"https:\/\/www2.ufmg.br\/drca\/content\/download\/21018\/145044\/file\/form-6_Transfer-outraIES.pdf\" target=\"_blank\">Requerimento de Transfer\u00eancia para outra IES<\/a><\/p>\n\n\n\n<div style=\"height:25px\" aria-hidden=\"true\" class=\"wp-block-spacer\"><\/div>\n\n\n\n<p><a rel=\"noreferrer noopener\" href=\"https:\/\/www2.ufmg.br\/drca\/content\/download\/20773\/143494\/file\/form-12_Disc-ELETIVA.pdf\" target=\"_blank\">Requerimentos de Matr\u00edcula em Atividade Acad\u00eamica da Gradua\u00e7\u00e3o (Forma\u00e7\u00e3o Livre)<\/a><\/p>\n\n\n\n<p><a rel=\"noreferrer noopener\" href=\"https:\/\/www2.ufmg.br\/drca\/content\/download\/20774\/143498\/file\/form-13_Autoriz-ELETIVA.pdf\" target=\"_blank\">Autoriza\u00e7\u00e3o de Matr\u00edcula em em Atividade Acad\u00eamica da Gradua\u00e7\u00e3o (Forma\u00e7\u00e3o Livre)<\/a><\/p>\n\n\n\n<p><a rel=\"noreferrer noopener\" href=\"https:\/\/www2.ufmg.br\/drca\/content\/download\/20813\/143737\/file\/form-12A_Disc-ELETIVA%20-%20SPG.pdf\" target=\"_blank\">Requerimento de Matr\u00edcula em Atividade Acad\u00eamica da P\u00f3s\u2013Gradua\u00e7\u00e3o<\/a><\/p>\n\n\n\n<div style=\"height:25px\" aria-hidden=\"true\" class=\"wp-block-spacer\"><\/div>\n\n\n\n<p><a rel=\"noreferrer noopener\" href=\"https:\/\/www2.ufmg.br\/drca\/content\/download\/21017\/145040\/file\/form-5_Muda-TURNO.pdf\" target=\"_blank\">Requerimento de Mudan\u00e7a de Turno<\/a><\/p>\n\n\n\n<p><a rel=\"noreferrer noopener\" href=\"https:\/\/www2.ufmg.br\/drca\/content\/download\/21069\/145321\/file\/form-17_Op%C3%A7%C3%A3o-MOD-HAB-ENF.pdf\" target=\"_blank\">Requerimento de Mudan\u00e7a de Percurso Curricular (Modalidade, Habilita\u00e7\u00e3o ou \u00eanfase)<\/a><\/p>\n\n\n\n<p><a rel=\"noreferrer noopener\" href=\"https:\/\/www2.ufmg.br\/drca\/content\/download\/21087\/145393\/file\/form-19_Cola-GRAU.pdf\" target=\"_blank\">Requerimento de Inscri\u00e7\u00e3o \u00e0 Cola\u00e7\u00e3o de Grau<\/a><\/p>\n\n\n\n<p><a rel=\"noreferrer noopener\" href=\"https:\/\/www2.ufmg.br\/drca\/content\/download\/21020\/145052\/file\/form-7_Aprov-ESTUDOS.pdf\" target=\"_blank\">Requerimento de Aproveitamento de Estudos<\/a><\/p>\n","protected":false},"excerpt":{"rendered":"<p>Requerimento para Inclus\u00e3o de Nome Social Requerimento de Regime Especial Requerimento de Transfer\u00eancia para outra IES Requerimentos de Matr\u00edcula em Atividade Acad\u00eamica da Gradua\u00e7\u00e3o (Forma\u00e7\u00e3o Livre) Autoriza\u00e7\u00e3o de Matr\u00edcula em em Atividade Acad\u00eamica da Gradua\u00e7\u00e3o (Forma\u00e7\u00e3o Livre) Requerimento de Matr\u00edcula em Atividade Acad\u00eamica da P\u00f3s\u2013Gradua\u00e7\u00e3o Requerimento de Mudan\u00e7a de Turno Requerimento de Mudan\u00e7a de Percurso [&hellip;]<\/p>\n","protected":false},"author":2,"featured_media":0,"parent":0,"menu_order":0,"comment_status":"closed","ping_status":"closed","template":"","meta":{"_acf_changed":false,"footnotes":""},"class_list":["post-179","page","type-page","status-publish","hentry"],"acf":[],"_links":{"self":[{"href":"https:\/\/www.fafich.ufmg.br\/colhis\/index.php?rest_route=\/wp\/v2\/pages\/179"}],"collection":[{"href":"https:\/\/www.fafich.ufmg.br\/colhis\/index.php?rest_route=\/wp\/v2\/pages"}],"about":[{"href":"https:\/\/www.fafich.ufmg.br\/colhis\/index.php?rest_route=\/wp\/v2\/types\/page"}],"author":[{"embeddable":true,"href":"https:\/\/www.fafich.ufmg.br\/colhis\/index.php?rest_route=\/wp\/v2\/users\/2"}],"replies":[{"embeddable":true,"href":"https:\/\/www.fafich.ufmg.br\/colhis\/index.php?rest_route=%2Fwp%2Fv2%2Fcomments&post=179"}],"version-history":[{"count":5,"href":"https:\/\/www.fafich.ufmg.br\/colhis\/index.php?rest_route=\/wp\/v2\/pages\/179\/revisions"}],"predecessor-version":[{"id":380,"href":"https:\/\/www.fafich.ufmg.br\/colhis\/index.php?rest_route=\/wp\/v2\/pages\/179\/revisions\/380"}],"wp:attachment":[{"href":"https:\/\/www.fafich.ufmg.br\/colhis\/index.php?rest_route=%2Fwp%2Fv2%2Fmedia&parent=179"}],"curies":[{"name":"wp","href":"https:\/\/api.w.org\/{rel}","templated":true}]}}