{"id":181,"date":"2025-03-19T23:41:49","date_gmt":"2025-03-20T02:41:49","guid":{"rendered":"https:\/\/servweb.fafich.ufmg.br\/ghis\/?page_id=181"},"modified":"2025-03-25T14:48:39","modified_gmt":"2025-03-25T17:48:39","slug":"diploma","status":"publish","type":"page","link":"https:\/\/www.fafich.ufmg.br\/colhis\/?page_id=181","title":{"rendered":"Diploma"},"content":{"rendered":"\n<p><a href=\"https:\/\/www.fafich.ufmg.br\/colhis\/wp-content\/uploads\/2023\/03\/Formulario_Diploma.pdf\">Formul\u00e1rio para Requerimento de Emiss\u00e3o de Diploma<\/a><\/p>\n\n\n\n<p><a href=\"https:\/\/www.fafich.ufmg.br\/colhis\/orientacoes-para-requerimento-de-diploma\/\" target=\"_blank\" rel=\"noreferrer noopener\">Orienta\u00e7\u00f5es para requerimento de diploma<\/a><\/p>\n\n\n\n<p><a href=\"https:\/\/www2.ufmg.br\/drca\/drca\/Home\/Registro-de-Diplomas\/Prioridade-de-Registro\" target=\"_blank\" rel=\"noreferrer noopener\">Orienta\u00e7\u00f5es para pedido de Prioridade de Registro (DRCA)<\/a><\/p>\n","protected":false},"excerpt":{"rendered":"<p>Formul\u00e1rio para Requerimento de Emiss\u00e3o de Diploma Orienta\u00e7\u00f5es para requerimento de diploma Orienta\u00e7\u00f5es para pedido de Prioridade de Registro (DRCA)<\/p>\n","protected":false},"author":2,"featured_media":0,"parent":0,"menu_order":0,"comment_status":"closed","ping_status":"closed","template":"","meta":{"_acf_changed":false,"footnotes":""},"class_list":["post-181","page","type-page","status-publish","hentry"],"acf":[],"_links":{"self":[{"href":"https:\/\/www.fafich.ufmg.br\/colhis\/index.php?rest_route=\/wp\/v2\/pages\/181"}],"collection":[{"href":"https:\/\/www.fafich.ufmg.br\/colhis\/index.php?rest_route=\/wp\/v2\/pages"}],"about":[{"href":"https:\/\/www.fafich.ufmg.br\/colhis\/index.php?rest_route=\/wp\/v2\/types\/page"}],"author":[{"embeddable":true,"href":"https:\/\/www.fafich.ufmg.br\/colhis\/index.php?rest_route=\/wp\/v2\/users\/2"}],"replies":[{"embeddable":true,"href":"https:\/\/www.fafich.ufmg.br\/colhis\/index.php?rest_route=%2Fwp%2Fv2%2Fcomments&post=181"}],"version-history":[{"count":3,"href":"https:\/\/www.fafich.ufmg.br\/colhis\/index.php?rest_route=\/wp\/v2\/pages\/181\/revisions"}],"predecessor-version":[{"id":374,"href":"https:\/\/www.fafich.ufmg.br\/colhis\/index.php?rest_route=\/wp\/v2\/pages\/181\/revisions\/374"}],"wp:attachment":[{"href":"https:\/\/www.fafich.ufmg.br\/colhis\/index.php?rest_route=%2Fwp%2Fv2%2Fmedia&parent=181"}],"curies":[{"name":"wp","href":"https:\/\/api.w.org\/{rel}","templated":true}]}}