{"id":183,"date":"2025-03-19T23:41:49","date_gmt":"2025-03-20T02:41:49","guid":{"rendered":"https:\/\/servweb.fafich.ufmg.br\/ghis\/?page_id=183"},"modified":"2025-03-23T13:26:46","modified_gmt":"2025-03-23T16:26:46","slug":"resolucoes-e-normas-da-ufmg","status":"publish","type":"page","link":"https:\/\/www.fafich.ufmg.br\/colhis\/?page_id=183","title":{"rendered":"Resolu\u00e7\u00f5es e normas"},"content":{"rendered":"\n<p><a href=\"https:\/\/www2.ufmg.br\/sods\/content\/download\/2142\/15045\/version\/1\/file\/09+Resolu%C3%A7%C3%A3o+viola%C3%A7%C3%A3o+direitos+humanos+FINAL.pdf\" target=\"_blank\" rel=\"noreferrer noopener\">Resolu\u00e7\u00e3o do Conselho Universit\u00e1rio 9\/2016<\/a> \u2022 Sobre viola\u00e7\u00e3o dos direitos humanos<br><a href=\"https:\/\/ufmg.br\/comunicacao\/publicacoes\/boletim\/edicao\/novos-horizontes-para-a-graduacao\/cepe-aprova-normas-gerais-da-graduacao-e-resolucoes-correlatas\" target=\"_blank\" rel=\"noreferrer noopener\">Resolu\u00e7\u00e3o do Conselho Universit\u00e1rio 1\/2018<\/a> \u2022 Normas gerais de gradua\u00e7\u00e3o<\/p>\n\n\n\n<div style=\"height:1rem\" aria-hidden=\"true\" class=\"wp-block-spacer\"><\/div>\n\n\n\n<p><a href=\"https:\/\/www2.ufmg.br\/sods\/content\/download\/2311\/15820\/version\/1\/file\/01rescepe2018+regulamenta+processo+matr%C3%ADcula.pdf\" target=\"_blank\" rel=\"noreferrer noopener\">Resolu\u00e7\u00e3o CEPE 1\/2018<\/a> \u2022 Regulamenta o processo de matr\u00edcula<br><a href=\"https:\/\/www2.ufmg.br\/sods\/content\/download\/2432\/16411\/version\/1\/file\/14rescepe2019.pdf\" target=\"_blank\" rel=\"noreferrer noopener\">Resolu\u00e7\u00e3o CEPE 14\/2019<\/a> \u2022 Regulamenta o\u00a0regime especial<br><a href=\"https:\/\/www2.ufmg.br\/sods\/content\/download\/2386\/16189\/version\/1\/file\/04rescepe2019.pdf\" target=\"_blank\" rel=\"noreferrer noopener\">Resolu\u00e7\u00e3o CEPE 4\/2019<\/a> \u2022 Regulamento exame de comprova\u00e7\u00e3o de conhecimentos<br><a href=\"https:\/\/www2.ufmg.br\/sods\/content\/download\/2388\/16197\/version\/1\/file\/06rescepe2019.pdf\" target=\"_blank\" rel=\"noreferrer noopener\">Resolu\u00e7\u00e3o CEPE 6\/2019<\/a> \u2022 Regulamenta o aproveitamento de estudos<\/p>\n\n\n\n<div style=\"height:1rem\" aria-hidden=\"true\" class=\"wp-block-spacer\"><\/div>\n\n\n\n<p><a href=\"https:\/\/www.fafich.ufmg.br\/colhis\/wp-content\/uploads\/2023\/03\/Oficio-Circular-09_2019_Desligamentos-e-processos-de-reinclusao_-administrativa.pdf\">Oficio Circular Prograd 9\/2019<\/a> \u2022 Desligamentos e processos de reinclus\u00e3o administrativa<\/p>\n\n\n\n<div style=\"height:1rem\" aria-hidden=\"true\" class=\"wp-block-spacer\"><\/div>\n\n\n\n<p><a href=\"https:\/\/www.fafich.ufmg.br\/colhis\/wp-content\/uploads\/2023\/03\/Resolucao_RP_Historia_2022-2024-3_assinado.pdf\" target=\"_blank\" rel=\"noreferrer noopener\">Resolu\u00e7\u00e3o do Colegiado de Gradua\u00e7\u00e3o em Hist\u00f3ria 1\/2022<\/a>\u00a0\u2022 Regulamenta o aproveitamento da participa\u00e7\u00e3o de estudantes de licenciatura em Hist\u00f3ria da FAFICH\/UFMG no programa Resid\u00eancia Pedag\u00f3gica da CAPES em sua edi\u00e7\u00e3o 2022\/2024 \u2013 RP 2022\/24 para dispensa do est\u00e1gio curricular obrigat\u00f3rio.<\/p>\n\n\n\n<p><a href=\"https:\/\/www.fafich.ufmg.br\/colhis\/wp-content\/uploads\/2023\/03\/AACC-Regulamento.pdf\" target=\"_blank\" rel=\"noreferrer noopener\">Regulamento do aproveitamento das Atividades Acad\u00eamico-Cient\u00edfico-Culturais (AACC).<\/a><\/p>\n","protected":false},"excerpt":{"rendered":"<p>Resolu\u00e7\u00e3o do Conselho Universit\u00e1rio 9\/2016 \u2022 Sobre viola\u00e7\u00e3o dos direitos humanosResolu\u00e7\u00e3o do Conselho Universit\u00e1rio 1\/2018 \u2022 Normas gerais de gradua\u00e7\u00e3o Resolu\u00e7\u00e3o CEPE 1\/2018 \u2022 Regulamenta o processo de matr\u00edculaResolu\u00e7\u00e3o CEPE 14\/2019 \u2022 Regulamenta o\u00a0regime especialResolu\u00e7\u00e3o CEPE 4\/2019 \u2022 Regulamento exame de comprova\u00e7\u00e3o de conhecimentosResolu\u00e7\u00e3o CEPE 6\/2019 \u2022 Regulamenta o aproveitamento de estudos Oficio Circular Prograd [&hellip;]<\/p>\n","protected":false},"author":2,"featured_media":0,"parent":0,"menu_order":0,"comment_status":"closed","ping_status":"closed","template":"","meta":{"_acf_changed":false,"footnotes":""},"class_list":["post-183","page","type-page","status-publish","hentry"],"acf":[],"_links":{"self":[{"href":"https:\/\/www.fafich.ufmg.br\/colhis\/index.php?rest_route=\/wp\/v2\/pages\/183"}],"collection":[{"href":"https:\/\/www.fafich.ufmg.br\/colhis\/index.php?rest_route=\/wp\/v2\/pages"}],"about":[{"href":"https:\/\/www.fafich.ufmg.br\/colhis\/index.php?rest_route=\/wp\/v2\/types\/page"}],"author":[{"embeddable":true,"href":"https:\/\/www.fafich.ufmg.br\/colhis\/index.php?rest_route=\/wp\/v2\/users\/2"}],"replies":[{"embeddable":true,"href":"https:\/\/www.fafich.ufmg.br\/colhis\/index.php?rest_route=%2Fwp%2Fv2%2Fcomments&post=183"}],"version-history":[{"count":11,"href":"https:\/\/www.fafich.ufmg.br\/colhis\/index.php?rest_route=\/wp\/v2\/pages\/183\/revisions"}],"predecessor-version":[{"id":379,"href":"https:\/\/www.fafich.ufmg.br\/colhis\/index.php?rest_route=\/wp\/v2\/pages\/183\/revisions\/379"}],"wp:attachment":[{"href":"https:\/\/www.fafich.ufmg.br\/colhis\/index.php?rest_route=%2Fwp%2Fv2%2Fmedia&parent=183"}],"curies":[{"name":"wp","href":"https:\/\/api.w.org\/{rel}","templated":true}]}}