{"id":185,"date":"2025-03-19T23:41:49","date_gmt":"2025-03-20T02:41:49","guid":{"rendered":"https:\/\/servweb.fafich.ufmg.br\/ghis\/?page_id=185"},"modified":"2025-03-23T13:35:32","modified_gmt":"2025-03-23T16:35:32","slug":"grupos-de-estudo-e-de-pesquisa","status":"publish","type":"page","link":"https:\/\/www.fafich.ufmg.br\/colhis\/?page_id=185","title":{"rendered":"Grupos de estudo e de pesquisa"},"content":{"rendered":"\n<p><strong>Grupos de estudo e pesquisa&nbsp;<\/strong><\/p>\n\n\n\n<p>Alguns dos professores do Curso de Hist\u00f3ria mant\u00eam grupos de estudo e de pesquisa com reuni\u00f5es regulares. Abaixo, seguem alguns desses grupos. Caso haja interesse em participar, recomendamos entrar em contato com o professor pelo e-mail indicado.<\/p>\n\n\n\n<details class=\"wp-block-details is-layout-flow wp-block-details-is-layout-flow\"><summary>Grupo de Estudos Africanos e P\u00f3s-Coloniais (GEAPOC)<\/summary>\n<p><strong>Coordenador:<\/strong>\u00a0Alexandre A. Marcussi<\/p>\n\n\n\n<p><strong>Descri\u00e7\u00e3o do grupo:<\/strong>\u00a0O Grupo de Estudos Africanos e P\u00f3s-Coloniais dedica-se \u00e0 leitura e debate coletivo de obras cl\u00e1ssicas dos estudos africanos, afrodiasp\u00f3ricos e p\u00f3s-coloniais, revisando criticamente narrativas euroc\u00eantricas hegem\u00f4nicas da hist\u00f3ria da modernidade. O objetivo \u00e9 a discuss\u00e3o cr\u00edtica de contribui\u00e7\u00f5es te\u00f3ricas, metodol\u00f3gicas e conceituais importantes para esses campo de estudos, identificando as principais correntes de interpreta\u00e7\u00e3o e suas propostas te\u00f3rico-metodol\u00f3gicas e historiogr\u00e1ficas, de modo a contribuir com as pesquisas pessoais dos integrantes do grupo ou suscitar novos problemas de pesquisa. Temas como a hist\u00f3ria da \u00c1frica e dos africanos, o pensamento negro (africano e afrodiasp\u00f3rico), o colonialismo e o imperialismo europeus, o racismo, a escravid\u00e3o e as di\u00e1sporas africanas ter\u00e3o destaque nas leituras. As reuni\u00f5es s\u00e3o mensais e pressup\u00f5em a leitura pr\u00e9via da bibliografia indicada para cada encontro no cronograma semestral de atividades. O foco do grupo \u00e9 a leitura e discuss\u00e3o de obras na \u00edntegra, divididas em v\u00e1rias sess\u00f5es de discuss\u00e3o, de acordo com o volume de cada obra.<\/p>\n\n\n\n<p><strong>E-mail para contato:<\/strong>\u00a0<a href=\"mailto:alexandremarcussi@gmail.com\">alexandremarcussi@gmail.com<\/a>\u00a0<\/p>\n<\/details>\n\n\n\n<details class=\"wp-block-details is-layout-flow wp-block-details-is-layout-flow\"><summary>Grupo de estudos \u2013 Leituras sobre hist\u00f3ria, ensino e educa\u00e7\u00e3o<\/summary>\n<p><strong>Coordenadora:<\/strong>\u00a0Ana Paula Sampaio Caldeira<\/p>\n\n\n\n<p><strong>Descri\u00e7\u00e3o do grupo:\u00a0<\/strong>Este grupo de estudos pretende ser um espa\u00e7o de articula\u00e7\u00e3o entre quest\u00f5es relacionadas ao ensino de hist\u00f3ria e \u00e0 teoria da hist\u00f3ria. Nesse sentido, procura-se discutir a necessidade de ressignifica\u00e7\u00e3o da escola e, de maneira mais espec\u00edfica, do ensino de hist\u00f3ria, considerando os debates te\u00f3ricos na \u00e1rea e as atuais demandas de diversos grupos sociais sobre a institui\u00e7\u00e3o escolar e a hist\u00f3ria como disciplina. A abordagem dessas quest\u00f5es \u00e9 feita a partir de textos selecionados em diversas \u00e1reas do conhecimento (para al\u00e9m da hist\u00f3ria) e os encontros do grupo acontecem mensalmente.<\/p>\n\n\n\n<p><strong>E-mail para contato:<\/strong>\u00a0<a href=\"mailto:anapaula.sampaiocaldeira@gmail.com\">anapaula.sampaiocaldeira@gmail.com<\/a>\u00a0<\/p>\n<\/details>\n\n\n\n<details class=\"wp-block-details is-layout-flow wp-block-details-is-layout-flow\"><summary>Ritualiza\u00e7\u00f5es do tempo: estudos em teoria e historiografia<\/summary>\n<p><strong>Coordenador:<\/strong>\u00a0Douglas Attila Marcelino<\/p>\n\n\n\n<p><strong>Descri\u00e7\u00e3o do grupo:<\/strong>\u00a0Trata-se de um grupo de estudos voltado para temas atinentes \u00e0 teoria da hist\u00f3ria e suas vincula\u00e7\u00f5es com \u00e1reas cong\u00eaneres (hist\u00f3ria e literatura, hist\u00f3ria e psican\u00e1lise, hist\u00f3ria e antropologia, hist\u00f3ria e imagem, hist\u00f3ria da historiografia, mem\u00f3ria hist\u00f3rica e comemoracionismo, entre outros). O grupo \u00e9 composto de discentes de gradua\u00e7\u00e3o, p\u00f3s-gradua\u00e7\u00e3o, p\u00f3s-doutorandos e docentes de dentro e fora da UFMG. As reuni\u00f5es, redefinidas a cada semestre, t\u00eam ocorrido a cada duas semanas. Al\u00e9m do debate de textos e tem\u00e1ticas pertinentes, o grupo tamb\u00e9m discute as pesquisas em andamento de graduandos, p\u00f3s-graduandos, p\u00f3s-doutorandos e docentes a ele vinculados e de professores externos convidados.<\/p>\n\n\n\n<p><strong>E-mail para contato:<\/strong>\u00a0<a href=\"mailto:douglasattila@gmail.com\">douglasattila@gmail.com<\/a>\u00a0<\/p>\n<\/details>\n\n\n\n<details class=\"wp-block-details is-layout-flow wp-block-details-is-layout-flow\"><summary>Projeto Rep\u00fablica: n\u00facleo de pesquisa, documenta\u00e7\u00e3o e mem\u00f3ria\/UFMG<\/summary>\n<p><strong>Coordenadora:<\/strong>\u00a0Heloisa Starling<\/p>\n\n\n\n<p><strong>Descri\u00e7\u00e3o do grupo:<\/strong>\u00a0o Projeto Rep\u00fablica tem como foco principal o per\u00edodo hist\u00f3rico republicano brasileiro, o percurso da hist\u00f3ria das ideias e dos conceitos de republica, republicanismo, democracia e autoritarismo no Brasil, e o estudo da tem\u00e1tica e dos pensadores do republicanismo. Desenvolve pesquisa direcionada para constru\u00e7\u00e3o de um campo historiogr\u00e1fico interessado em incorporar linguagens est\u00e9ticas e art\u00edsticas, ou tecnologia interativa para produ\u00e7\u00e3o e divulga\u00e7\u00e3o de conhecimento.\u00a0<\/p>\n\n\n\n<p><strong>E-mail para contato:\u00a0<\/strong><a href=\"mailto:projetorepublica@ufmg.br\">projetorepublica@ufmg.br<\/a><\/p>\n\n\n\n<p><strong>Sites e\/ou redes sociais do grupo:<\/strong><br><em>Instagram:<\/em> @projetorepublicaufmg<br><em>Twitter:\u00a0<\/em>@proj_republica<br><em>Facebook:<\/em>\u00a0Projeto Republica UFMG\u00a0\u00a0<\/p>\n<\/details>\n\n\n\n<details class=\"wp-block-details is-layout-flow wp-block-details-is-layout-flow\"><summary>Grupo de Estudos em Hist\u00f3ria da Educa\u00e7\u00e3o e ensino de Hist\u00f3ria: pol\u00edticas educacionais, institui\u00e7\u00f5es, sujeitos, saberes e pr\u00e1ticas<\/summary>\n<p><strong>Coordenadora:\u00a0<\/strong>Juliana Filgueiras<\/p>\n\n\n\n<p><strong>Descri\u00e7\u00e3o do grupo:<\/strong>\u00a0O \u201cGrupo de Estudos em Hist\u00f3ria da Educa\u00e7\u00e3o e Ensino de Hist\u00f3ria: pol\u00edticas educacionais, institui\u00e7\u00f5es, sujeitos, saberes e pr\u00e1ticas\u201d tem como objetivo ser um ambiente de discuss\u00e3o de bibliografias e fontes que tratam da constru\u00e7\u00e3o da educa\u00e7\u00e3o escolar e da trajet\u00f3ria do ensino de Hist\u00f3ria na educa\u00e7\u00e3o b\u00e1sica, a partir de reuni\u00f5es peri\u00f3dicas com estudantes de gradua\u00e7\u00e3o e p\u00f3s-gradua\u00e7\u00e3o. Aborda a configura\u00e7\u00e3o da disciplina Hist\u00f3ria e a constitui\u00e7\u00e3o da educa\u00e7\u00e3o escolarizada, das escolas oficiais aos projetos alternativos, com foco nas pol\u00edticas educacionais, nas institui\u00e7\u00f5es, os sujeitos, saberes e pr\u00e1ticas desenvolvidos no cotidiano escolar. Busca colaborar para a constru\u00e7\u00e3o de um repert\u00f3rio te\u00f3rico-metodol\u00f3gico pelos estudantes, a partir das contribui\u00e7\u00f5es dos campos da Hist\u00f3ria e da Educa\u00e7\u00e3o, com \u00eanfase nos estudos sobre as disciplinas escolares e os livros did\u00e1ticos. Pretende estimular a elabora\u00e7\u00e3o de projetos de pesquisa pelos estudantes e reunir trabalhos em desenvolvimento.<\/p>\n\n\n\n<p><strong>E-mail para contato:<\/strong>\u00a0<a href=\"mailto:jufilgueiras@gmail.com\">jufilgueiras@gmail.com<\/a>\u00a0<\/p>\n<\/details>\n\n\n\n<details class=\"wp-block-details is-layout-flow wp-block-details-is-layout-flow\"><summary>Grupo de Estudo e Trabalho em Hist\u00f3ria e Linguagem (GETHL)<\/summary>\n<p><strong>Coordenador:<\/strong>\u00a0Luiz Arnaut<\/p>\n\n\n\n<p><strong>Descri\u00e7\u00e3o do grupo:<\/strong>\u00a0A proposta do grupo \u00e9 p\u00f4r em quest\u00e3o as rela\u00e7\u00f5es entre Hist\u00f3ria e linguagem, na perspectiva da chamada \u201cHist\u00f3ria Social da Linguagem\u201d, tendo como pressuposto de que a linguagem e a escrita n\u00e3o devem ser tratadas s\u00f3 como suportes de ideias, mas que a forma e as condi\u00e7\u00f5es de enuncia\u00e7\u00e3o nos informam acerca de seus conte\u00fados, interlocutores, sentidos que assumem e efeitos que produz. A preocupa\u00e7\u00e3o com a linguagem, seu lugar na cultura e nas rela\u00e7\u00f5es sociais busca problematizar o falar, o ouvir, a escrita e a leitura, enfim, a comunica\u00e7\u00e3o entre os membros de uma sociedade. O reconhecimento da linguagem como institui\u00e7\u00e3o social, como parte da cultura e da vida cotidiana, constitui um recurso para melhor compreens\u00e3o das fontes orais e escritas pela via da consci\u00eancia de suas conven\u00e7\u00f5es lingu\u00edsticas e que as formas de comunica\u00e7\u00e3o n\u00e3o s\u00e3o neutras.<\/p>\n\n\n\n<p><strong>E-mail para contato:<\/strong>\u00a0<a href=\"mailto:arnaut.luiz@gmail.com\" target=\"_blank\" rel=\"noreferrer noopener\">arnaut.luiz@gmail.com<\/a><\/p>\n<\/details>\n","protected":false},"excerpt":{"rendered":"<p>Grupos de estudo e pesquisa&nbsp; Alguns dos professores do Curso de Hist\u00f3ria mant\u00eam grupos de estudo e de pesquisa com reuni\u00f5es regulares. Abaixo, seguem alguns desses grupos. Caso haja interesse em participar, recomendamos entrar em contato com o professor pelo e-mail indicado.<\/p>\n","protected":false},"author":2,"featured_media":0,"parent":0,"menu_order":0,"comment_status":"closed","ping_status":"closed","template":"","meta":{"_acf_changed":false,"footnotes":""},"class_list":["post-185","page","type-page","status-publish","hentry"],"acf":[],"_links":{"self":[{"href":"https:\/\/www.fafich.ufmg.br\/colhis\/index.php?rest_route=\/wp\/v2\/pages\/185"}],"collection":[{"href":"https:\/\/www.fafich.ufmg.br\/colhis\/index.php?rest_route=\/wp\/v2\/pages"}],"about":[{"href":"https:\/\/www.fafich.ufmg.br\/colhis\/index.php?rest_route=\/wp\/v2\/types\/page"}],"author":[{"embeddable":true,"href":"https:\/\/www.fafich.ufmg.br\/colhis\/index.php?rest_route=\/wp\/v2\/users\/2"}],"replies":[{"embeddable":true,"href":"https:\/\/www.fafich.ufmg.br\/colhis\/index.php?rest_route=%2Fwp%2Fv2%2Fcomments&post=185"}],"version-history":[{"count":5,"href":"https:\/\/www.fafich.ufmg.br\/colhis\/index.php?rest_route=\/wp\/v2\/pages\/185\/revisions"}],"predecessor-version":[{"id":381,"href":"https:\/\/www.fafich.ufmg.br\/colhis\/index.php?rest_route=\/wp\/v2\/pages\/185\/revisions\/381"}],"wp:attachment":[{"href":"https:\/\/www.fafich.ufmg.br\/colhis\/index.php?rest_route=%2Fwp%2Fv2%2Fmedia&parent=185"}],"curies":[{"name":"wp","href":"https:\/\/api.w.org\/{rel}","templated":true}]}}