{"id":421,"date":"2025-03-25T21:23:22","date_gmt":"2025-03-26T00:23:22","guid":{"rendered":"https:\/\/servweb.fafich.ufmg.br\/ghis\/?page_id=421"},"modified":"2025-03-25T21:34:30","modified_gmt":"2025-03-26T00:34:30","slug":"secretaria","status":"publish","type":"page","link":"https:\/\/www.fafich.ufmg.br\/colhis\/?page_id=421","title":{"rendered":"Atendimento"},"content":{"rendered":"\n<div class=\"wp-block-group is-nowrap is-layout-flex wp-container-core-group-is-layout-1 wp-block-group-is-layout-flex\">\n<p>\ud83d\udccd Sala 3074 (3\u00ba andar da Fafich)<\/p>\n\n\n\n<p>\ud83d\udcde 31 3409-5056<\/p>\n\n\n\n<p>\u2709 colgradhis@fafich.ufmg.br<\/p>\n<\/div>\n\n\n\n<p><strong>Atendimento externo da coordena\u00e7\u00e3o<\/strong><br>\ud83d\udcc6 Ter\u00e7as-feiras: 17h30 a 19h30<br>\ud83d\udcc6 Quintas-feiras: 17h30 a 18h30<\/p>\n\n\n\n<p><strong>Atendimento externo da secretaria<\/strong><br>\ud83d\udcc6 Ter\u00e7as-feiras: 15h a 19h30<br>\ud83d\udcc6 Quintas-feiras: 16h a 20h<\/p>\n\n\n\n<p>O atendimento da secretaria tamb\u00e9m ocorre na <strong>Central de Atendimento \u00e0 Gradua\u00e7\u00e3o<\/strong>:<\/p>\n\n\n\n<div class=\"wp-block-group is-nowrap is-layout-flex wp-container-core-group-is-layout-2 wp-block-group-is-layout-flex\">\n<p>\ud83d\udcc6 8h \u00e0s 22h <\/p>\n\n\n\n<p>\ud83d\udccd Sala 2033 (2\u00ba andar) <\/p>\n\n\n\n<p>\ud83d\udcde 31 3409-5088 <\/p>\n\n\n\n<p>\u2709 ceag@fafich.ufmg.br<\/p>\n<\/div>\n\n\n\n<p><\/p>\n","protected":false},"excerpt":{"rendered":"<p>\ud83d\udccd Sala 3074 (3\u00ba andar da Fafich) \ud83d\udcde 31 3409-5056 \u2709 colgradhis@fafich.ufmg.br Atendimento externo da coordena\u00e7\u00e3o\ud83d\udcc6 Ter\u00e7as-feiras: 17h30 a 19h30\ud83d\udcc6 Quintas-feiras: 17h30 a 18h30 Atendimento externo da secretaria\ud83d\udcc6 Ter\u00e7as-feiras: 15h a 19h30\ud83d\udcc6 Quintas-feiras: 16h a 20h O atendimento da secretaria tamb\u00e9m ocorre na Central de Atendimento \u00e0 Gradua\u00e7\u00e3o: \ud83d\udcc6 8h \u00e0s 22h \ud83d\udccd Sala 2033 [&hellip;]<\/p>\n","protected":false},"author":3,"featured_media":0,"parent":0,"menu_order":0,"comment_status":"closed","ping_status":"closed","template":"","meta":{"_acf_changed":false,"footnotes":""},"class_list":["post-421","page","type-page","status-publish","hentry"],"acf":[],"_links":{"self":[{"href":"https:\/\/www.fafich.ufmg.br\/colhis\/index.php?rest_route=\/wp\/v2\/pages\/421"}],"collection":[{"href":"https:\/\/www.fafich.ufmg.br\/colhis\/index.php?rest_route=\/wp\/v2\/pages"}],"about":[{"href":"https:\/\/www.fafich.ufmg.br\/colhis\/index.php?rest_route=\/wp\/v2\/types\/page"}],"author":[{"embeddable":true,"href":"https:\/\/www.fafich.ufmg.br\/colhis\/index.php?rest_route=\/wp\/v2\/users\/3"}],"replies":[{"embeddable":true,"href":"https:\/\/www.fafich.ufmg.br\/colhis\/index.php?rest_route=%2Fwp%2Fv2%2Fcomments&post=421"}],"version-history":[{"count":3,"href":"https:\/\/www.fafich.ufmg.br\/colhis\/index.php?rest_route=\/wp\/v2\/pages\/421\/revisions"}],"predecessor-version":[{"id":431,"href":"https:\/\/www.fafich.ufmg.br\/colhis\/index.php?rest_route=\/wp\/v2\/pages\/421\/revisions\/431"}],"wp:attachment":[{"href":"https:\/\/www.fafich.ufmg.br\/colhis\/index.php?rest_route=%2Fwp%2Fv2%2Fmedia&parent=421"}],"curies":[{"name":"wp","href":"https:\/\/api.w.org\/{rel}","templated":true}]}}