{"id":517,"date":"2026-02-26T15:26:26","date_gmt":"2026-02-26T18:26:26","guid":{"rendered":"https:\/\/servweb.fafich.ufmg.br\/ghis\/?page_id=517"},"modified":"2026-02-26T15:26:26","modified_gmt":"2026-02-26T18:26:26","slug":"apresentacao","status":"publish","type":"page","link":"https:\/\/www.fafich.ufmg.br\/colhis\/?page_id=517","title":{"rendered":"Apresenta\u00e7\u00e3o"},"content":{"rendered":"\n<p><\/p>\n\n\n\n<p>Criada institucionalmente no segundo semestre de 1957 e come\u00e7ando a funcionar de forma independente a partir do primeiro semestre de 1958, a gradua\u00e7\u00e3o em Hist\u00f3ria da UFMG forma professores \u2014 na modalidade Licenciatura \u2014, pesquisadores e assessores culturais (na modalidade Bacharelado, embora tamb\u00e9m o fa\u00e7a na Licenciatura.<\/p>\n\n\n\n<p>Os pesquisadores atuam em institui\u00e7\u00f5es p\u00fablicas e privadas, sobretudo de preserva\u00e7\u00e3o do patrim\u00f4nio hist\u00f3rico e cultural, desenvolvendo investiga\u00e7\u00f5es hist\u00f3ricas.<\/p>\n\n\n\n<p>Os assessores culturais fazem-se presentes em empresas e \u00f3rg\u00e3os p\u00fablicos, assim como em entidades privadas vinculadas \u00e0 difus\u00e3o cultural.<\/p>\n\n\n\n<p>Os professores, que podem desenvolver as atividades dos pesquisadores, t\u00eam como especificidade a atua\u00e7\u00e3o nos ensinos fundamental e m\u00e9dio.<\/p>\n","protected":false},"excerpt":{"rendered":"<p>Criada institucionalmente no segundo semestre de 1957 e come\u00e7ando a funcionar de forma independente a partir do primeiro semestre de 1958, a gradua\u00e7\u00e3o em Hist\u00f3ria da UFMG forma professores \u2014 na modalidade Licenciatura \u2014, pesquisadores e assessores culturais (na modalidade Bacharelado, embora tamb\u00e9m o fa\u00e7a na Licenciatura. Os pesquisadores atuam em institui\u00e7\u00f5es p\u00fablicas e privadas, [&hellip;]<\/p>\n","protected":false},"author":2,"featured_media":0,"parent":0,"menu_order":0,"comment_status":"closed","ping_status":"closed","template":"","meta":{"_acf_changed":false,"footnotes":""},"class_list":["post-517","page","type-page","status-publish","hentry"],"acf":[],"_links":{"self":[{"href":"https:\/\/www.fafich.ufmg.br\/colhis\/index.php?rest_route=\/wp\/v2\/pages\/517"}],"collection":[{"href":"https:\/\/www.fafich.ufmg.br\/colhis\/index.php?rest_route=\/wp\/v2\/pages"}],"about":[{"href":"https:\/\/www.fafich.ufmg.br\/colhis\/index.php?rest_route=\/wp\/v2\/types\/page"}],"author":[{"embeddable":true,"href":"https:\/\/www.fafich.ufmg.br\/colhis\/index.php?rest_route=\/wp\/v2\/users\/2"}],"replies":[{"embeddable":true,"href":"https:\/\/www.fafich.ufmg.br\/colhis\/index.php?rest_route=%2Fwp%2Fv2%2Fcomments&post=517"}],"version-history":[{"count":1,"href":"https:\/\/www.fafich.ufmg.br\/colhis\/index.php?rest_route=\/wp\/v2\/pages\/517\/revisions"}],"predecessor-version":[{"id":518,"href":"https:\/\/www.fafich.ufmg.br\/colhis\/index.php?rest_route=\/wp\/v2\/pages\/517\/revisions\/518"}],"wp:attachment":[{"href":"https:\/\/www.fafich.ufmg.br\/colhis\/index.php?rest_route=%2Fwp%2Fv2%2Fmedia&parent=517"}],"curies":[{"name":"wp","href":"https:\/\/api.w.org\/{rel}","templated":true}]}}